{"id":185332,"date":"2020-03-16T10:45:30","date_gmt":"2020-03-16T10:45:30","guid":{"rendered":"https:\/\/theomm.com\/product\/flow-tee-2\/"},"modified":"2025-09-10T15:05:42","modified_gmt":"2025-09-10T15:05:42","slug":"flow-tee-2","status":"publish","type":"product","link":"https:\/\/theomm.com\/sv\/product\/flow-tee-2\/","title":{"rendered":"Flow Tee"},"content":{"rendered":"<p>Flow Tee \u00e4r en t-shirt med en figurn\u00e4ra passform och h\u00f6g andningsf\u00f6rm\u00e5ga. Flow \u00e4r tillverkad av en blandning av bambufibrer och polyester med Polygiene-antibakteriell och antiod\u00f6rbehandling. En i\u00f6gonfallande konturdesign p\u00e5 \u00e4rmarna hyllar OMMs utvecklingsarv.<\/p>\n<p>H\u00d6G ANDNINGSF\u00d6RM\u00c5GA KORT\u00c4RMAD T\u00c4VLINGSTOPP<\/p>\n<p>BAMBUFIBRER Bambu \u00e4r en naturlig, sl\u00e4t och stark fiber med antimikrobiella egenskaper. Kombinerat med polyester ger det en mjuk och bekv\u00e4m tyg som transporterar fukt v\u00e4l.<\/p>\n<p>ATHLETIC FIT. \u00c5tsittande f\u00f6r att maximera fukt\u00f6verf\u00f6ringen och minska fladdrande. Breda axlar erk\u00e4nner att ryggs\u00e4ckar fortfarande beh\u00f6ver b\u00e4ras i varma f\u00f6rh\u00e5llanden.<\/p>\n<p>SCULPTED BACK DESIGN. 3 paneler \u00f6ver ryggen skulpterar Flow n\u00e4ra korsryggen, vilket minskar att tr\u00f6jan \u00e5ker upp under ryggs\u00e4cken.<\/p>\n<p>Flow Tee<\/p>\n<p>Bambu \/ polyesterblandningsmaterial Flatlock-s\u00f6mmar S\u00f6mmar bort fr\u00e5n axlarna 4-v\u00e4gs stretch Flatlock-s\u00f6mmar H\u00f6g andningsf\u00f6rm\u00e5ga Antibakteriell od\u00f6rkontroll SPF &lt;50<\/p>\n<p>F\u00e4rger Bl\u00e5 Gr\u00e5 Gr\u00e5\/Bl\u00e5 Tyg Polyester Bambu Blandning Vikt 130g Storlekar XS \/ S \/ M \/ L \/XL<\/p>\n<p>V\u00e5r l\u00e4ttviktskl\u00e4der och utrustning \u00e4r specifikt utformad f\u00f6r behoven hos bergsloppare, med specifikationer direkt h\u00e4mtade fr\u00e5n erfarenheterna p\u00e5 Original Mountain Marathon.<\/p>\n<p>En 2-dagarsresa genom n\u00e5gra av Storbritanniens tuffaste terr\u00e4ng, h\u00e5llen i slutet av oktober varje \u00e5r sedan 1968, f\u00f6r att s\u00e4kerst\u00e4lla utmanande v\u00e4der. En test av bergshantverk och uth\u00e5llighet, &#8220;The OMM&#8221;, erk\u00e4nns som guldstandarden i bergsutmaningar.<\/p>\n<p>De h\u00f6ga kraven p\u00e5 evenemanget g\u00e5r vidare f\u00f6r att informera designen och funktionerna hos v\u00e5ra kl\u00e4der, vilket i sin tur anv\u00e4nds i n\u00e5gra av de tuffaste evenemangen och sv\u00e5raste utmaningarna \u00f6ver hela v\u00e4rlden.<\/p>\n<p>Lita p\u00e5 av bergslopare och yrkesverksamma i \u00e5rtionden \u00e4r OMM-sortimentet det perfekta s\u00e4llskapet f\u00f6r ditt n\u00e4sta \u00e4ventyr.<\/p>\n<p>T-tr\u00f6ja f\u00f6r terr\u00e4ngl\u00f6pning, bergsl\u00f6pning och fj\u00e4llt\u00e4vling. Sval och l\u00e4tt f\u00f6r sommardagar i bergen eller som den f\u00f6rsta delen av ditt \u00e5ret runt-lager system.<\/p>\n","protected":false},"excerpt":{"rendered":"<p>En h\u00f6g andningsf\u00f6rm\u00e5ga, figurn\u00e4ra t\u00e4vlingstr\u00f6ja. Flow \u00e4r en kombination av bambufibrer och polyester med Polygiene antibakteriell och antiod\u00f6r. En i\u00f6gonfallande konturdesign p\u00e5 \u00e4rmarna hyllar OMMs utvecklingsarv.<\/p>\n","protected":false},"featured_media":153653,"template":"","meta":{"_acf_changed":false,"_et_pb_use_builder":"","_et_pb_old_content":"","_et_gb_content_width":""},"locations":[],"product_brand":[],"product_cat":[1273,1272,2457,2603],"product_tag":[2618,2619,2620,2621,2286],"class_list":{"0":"post-185332","1":"product","2":"type-product","3":"status-publish","4":"has-post-thumbnail","6":"product_cat-forsta-lagret","7":"product_cat-klader","8":"product_cat-produkter-och-utrustning","9":"product_cat-rea","10":"product_tag-flow-running-tee-sv","11":"product_tag-flow-tee-sv","12":"product_tag-omm-flow-running-tee-sv","13":"product_tag-omm-flow-tee-sv","14":"product_tag-sp-sv","15":"pa_color-bla-sv","16":"pa_color-gra-sv","17":"pa_color-gron-sv","18":"pa_colour-bla-sv","19":"pa_colour-bla-gra-sv","20":"pa_colour-gra-sv","21":"pa_colour-gron-gra","22":"pa_gender-mens-sv","23":"pa_size-stor-sv","24":"pa_size-medium-sv","25":"pa_size-sma","26":"pa_size-x-stor-sv","27":"pa_size-x-sma","28":"pa_technology-polygiene","29":"pa_weight-100-200g","31":"first","32":"outofstock","33":"taxable","34":"shipping-taxable","35":"purchasable","36":"product-type-variable","37":"wvs-archive-product-wrapper"},"acf":[],"yoast_head":"<!-- This site is optimized with the Yoast SEO plugin v27.4 - https:\/\/yoast.com\/product\/yoast-seo-wordpress\/ -->\n<title>Flow Tee - OMM<\/title>\n<meta name=\"description\" content=\"The Flow Tee, A high wicking sculpted race fit top. Flow is a combination of bamboo fibres and polyester with Polygiene anti-bacterial and anti-odour.\" \/>\n<meta name=\"robots\" content=\"index, follow, max-snippet:-1, max-image-preview:large, max-video-preview:-1\" \/>\n<link rel=\"canonical\" href=\"https:\/\/theomm.com\/sv\/product\/flow-tee-2\/\" \/>\n<meta property=\"og:locale\" content=\"sv_SE\" \/>\n<meta property=\"og:type\" content=\"article\" \/>\n<meta property=\"og:title\" content=\"Flow Tee - OMM\" \/>\n<meta property=\"og:description\" content=\"The Flow Tee, A high wicking sculpted race fit top. Flow is a combination of bamboo fibres and polyester with Polygiene anti-bacterial and anti-odour.\" \/>\n<meta property=\"og:url\" content=\"https:\/\/theomm.com\/sv\/product\/flow-tee-2\/\" \/>\n<meta property=\"og:site_name\" content=\"OMM\" \/>\n<meta property=\"article:publisher\" content=\"https:\/\/www.facebook.com\/OMMrunning?_ga=2.203172945.1541616462.1665402953-280172632.1649426001\" \/>\n<meta property=\"article:modified_time\" content=\"2025-09-10T15:05:42+00:00\" \/>\n<meta property=\"og:image\" content=\"https:\/\/theomm.com\/wp-content\/uploads\/2022\/10\/OC142-Flow-Tee-Simple_0008_flowblgr.jpg\" \/>\n\t<meta property=\"og:image:width\" content=\"600\" \/>\n\t<meta property=\"og:image:height\" content=\"600\" \/>\n\t<meta property=\"og:image:type\" content=\"image\/jpeg\" \/>\n<meta name=\"twitter:card\" content=\"summary_large_image\" \/>\n<meta name=\"twitter:label1\" content=\"Ber\u00e4knad l\u00e4stid\" \/>\n\t<meta name=\"twitter:data1\" content=\"2 minutes\" \/>\n<script type=\"application\/ld+json\" class=\"yoast-schema-graph\">{\"@context\":\"https:\\\/\\\/schema.org\",\"@graph\":[{\"@type\":\"WebPage\",\"@id\":\"https:\\\/\\\/theomm.com\\\/sv\\\/product\\\/flow-tee-2\\\/\",\"url\":\"https:\\\/\\\/theomm.com\\\/sv\\\/product\\\/flow-tee-2\\\/\",\"name\":\"Flow Tee - OMM\",\"isPartOf\":{\"@id\":\"https:\\\/\\\/theomm.com\\\/#website\"},\"primaryImageOfPage\":{\"@id\":\"https:\\\/\\\/theomm.com\\\/sv\\\/product\\\/flow-tee-2\\\/#primaryimage\"},\"image\":{\"@id\":\"https:\\\/\\\/theomm.com\\\/sv\\\/product\\\/flow-tee-2\\\/#primaryimage\"},\"thumbnailUrl\":\"https:\\\/\\\/theomm.com\\\/wp-content\\\/uploads\\\/2022\\\/10\\\/OC142-Flow-Tee-Simple_0008_flowblgr.jpg\",\"datePublished\":\"2020-03-16T10:45:30+00:00\",\"dateModified\":\"2025-09-10T15:05:42+00:00\",\"description\":\"The Flow Tee, A high wicking sculpted race fit top. Flow is a combination of bamboo fibres and polyester with Polygiene anti-bacterial and anti-odour.\",\"breadcrumb\":{\"@id\":\"https:\\\/\\\/theomm.com\\\/sv\\\/product\\\/flow-tee-2\\\/#breadcrumb\"},\"inLanguage\":\"sv-SE\",\"potentialAction\":[{\"@type\":\"ReadAction\",\"target\":[\"https:\\\/\\\/theomm.com\\\/sv\\\/product\\\/flow-tee-2\\\/\"]}]},{\"@type\":\"ImageObject\",\"inLanguage\":\"sv-SE\",\"@id\":\"https:\\\/\\\/theomm.com\\\/sv\\\/product\\\/flow-tee-2\\\/#primaryimage\",\"url\":\"https:\\\/\\\/theomm.com\\\/wp-content\\\/uploads\\\/2022\\\/10\\\/OC142-Flow-Tee-Simple_0008_flowblgr.jpg\",\"contentUrl\":\"https:\\\/\\\/theomm.com\\\/wp-content\\\/uploads\\\/2022\\\/10\\\/OC142-Flow-Tee-Simple_0008_flowblgr.jpg\",\"width\":600,\"height\":600},{\"@type\":\"BreadcrumbList\",\"@id\":\"https:\\\/\\\/theomm.com\\\/sv\\\/product\\\/flow-tee-2\\\/#breadcrumb\",\"itemListElement\":[{\"@type\":\"ListItem\",\"position\":1,\"name\":\"Home\",\"item\":\"https:\\\/\\\/theomm.com\\\/sv\\\/original-mountain-marathon\\\/\"},{\"@type\":\"ListItem\",\"position\":2,\"name\":\"Produkter\",\"item\":\"https:\\\/\\\/theomm.com\\\/sv\\\/original-mountain-marathon\\\/produkter\\\/\"},{\"@type\":\"ListItem\",\"position\":3,\"name\":\"Flow Tee\"}]},{\"@type\":\"WebSite\",\"@id\":\"https:\\\/\\\/theomm.com\\\/#website\",\"url\":\"https:\\\/\\\/theomm.com\\\/\",\"name\":\"OMM\",\"description\":\"OMM is Technical clothing and equipment made for running in the mountains. Designed to the specifications of Original Mountain Marathon.\",\"alternateName\":\"Original Mountain Marathon\",\"potentialAction\":[{\"@type\":\"SearchAction\",\"target\":{\"@type\":\"EntryPoint\",\"urlTemplate\":\"https:\\\/\\\/theomm.com\\\/?s={search_term_string}\"},\"query-input\":{\"@type\":\"PropertyValueSpecification\",\"valueRequired\":true,\"valueName\":\"search_term_string\"}}],\"inLanguage\":\"sv-SE\"}]}<\/script>\n<!-- \/ Yoast SEO plugin. -->","yoast_head_json":{"title":"Flow Tee - OMM","description":"The Flow Tee, A high wicking sculpted race fit top. Flow is a combination of bamboo fibres and polyester with Polygiene anti-bacterial and anti-odour.","robots":{"index":"index","follow":"follow","max-snippet":"max-snippet:-1","max-image-preview":"max-image-preview:large","max-video-preview":"max-video-preview:-1"},"canonical":"https:\/\/theomm.com\/sv\/product\/flow-tee-2\/","og_locale":"sv_SE","og_type":"article","og_title":"Flow Tee - OMM","og_description":"The Flow Tee, A high wicking sculpted race fit top. Flow is a combination of bamboo fibres and polyester with Polygiene anti-bacterial and anti-odour.","og_url":"https:\/\/theomm.com\/sv\/product\/flow-tee-2\/","og_site_name":"OMM","article_publisher":"https:\/\/www.facebook.com\/OMMrunning?_ga=2.203172945.1541616462.1665402953-280172632.1649426001","article_modified_time":"2025-09-10T15:05:42+00:00","og_image":[{"width":600,"height":600,"url":"https:\/\/theomm.com\/wp-content\/uploads\/2022\/10\/OC142-Flow-Tee-Simple_0008_flowblgr.jpg","type":"image\/jpeg"}],"twitter_card":"summary_large_image","twitter_misc":{"Ber\u00e4knad l\u00e4stid":"2 minutes"},"schema":{"@context":"https:\/\/schema.org","@graph":[{"@type":"WebPage","@id":"https:\/\/theomm.com\/sv\/product\/flow-tee-2\/","url":"https:\/\/theomm.com\/sv\/product\/flow-tee-2\/","name":"Flow Tee - OMM","isPartOf":{"@id":"https:\/\/theomm.com\/#website"},"primaryImageOfPage":{"@id":"https:\/\/theomm.com\/sv\/product\/flow-tee-2\/#primaryimage"},"image":{"@id":"https:\/\/theomm.com\/sv\/product\/flow-tee-2\/#primaryimage"},"thumbnailUrl":"https:\/\/theomm.com\/wp-content\/uploads\/2022\/10\/OC142-Flow-Tee-Simple_0008_flowblgr.jpg","datePublished":"2020-03-16T10:45:30+00:00","dateModified":"2025-09-10T15:05:42+00:00","description":"The Flow Tee, A high wicking sculpted race fit top. Flow is a combination of bamboo fibres and polyester with Polygiene anti-bacterial and anti-odour.","breadcrumb":{"@id":"https:\/\/theomm.com\/sv\/product\/flow-tee-2\/#breadcrumb"},"inLanguage":"sv-SE","potentialAction":[{"@type":"ReadAction","target":["https:\/\/theomm.com\/sv\/product\/flow-tee-2\/"]}]},{"@type":"ImageObject","inLanguage":"sv-SE","@id":"https:\/\/theomm.com\/sv\/product\/flow-tee-2\/#primaryimage","url":"https:\/\/theomm.com\/wp-content\/uploads\/2022\/10\/OC142-Flow-Tee-Simple_0008_flowblgr.jpg","contentUrl":"https:\/\/theomm.com\/wp-content\/uploads\/2022\/10\/OC142-Flow-Tee-Simple_0008_flowblgr.jpg","width":600,"height":600},{"@type":"BreadcrumbList","@id":"https:\/\/theomm.com\/sv\/product\/flow-tee-2\/#breadcrumb","itemListElement":[{"@type":"ListItem","position":1,"name":"Home","item":"https:\/\/theomm.com\/sv\/original-mountain-marathon\/"},{"@type":"ListItem","position":2,"name":"Produkter","item":"https:\/\/theomm.com\/sv\/original-mountain-marathon\/produkter\/"},{"@type":"ListItem","position":3,"name":"Flow Tee"}]},{"@type":"WebSite","@id":"https:\/\/theomm.com\/#website","url":"https:\/\/theomm.com\/","name":"OMM","description":"OMM is Technical clothing and equipment made for running in the mountains. Designed to the specifications of Original Mountain Marathon.","alternateName":"Original Mountain Marathon","potentialAction":[{"@type":"SearchAction","target":{"@type":"EntryPoint","urlTemplate":"https:\/\/theomm.com\/?s={search_term_string}"},"query-input":{"@type":"PropertyValueSpecification","valueRequired":true,"valueName":"search_term_string"}}],"inLanguage":"sv-SE"}]}},"_links":{"self":[{"href":"https:\/\/theomm.com\/sv\/wp-json\/wp\/v2\/product\/185332","targetHints":{"allow":["GET"]}}],"collection":[{"href":"https:\/\/theomm.com\/sv\/wp-json\/wp\/v2\/product"}],"about":[{"href":"https:\/\/theomm.com\/sv\/wp-json\/wp\/v2\/types\/product"}],"wp:featuredmedia":[{"embeddable":true,"href":"https:\/\/theomm.com\/sv\/wp-json\/wp\/v2\/media\/153653"}],"wp:attachment":[{"href":"https:\/\/theomm.com\/sv\/wp-json\/wp\/v2\/media?parent=185332"}],"wp:term":[{"taxonomy":"locations","embeddable":true,"href":"https:\/\/theomm.com\/sv\/wp-json\/wp\/v2\/locations?post=185332"},{"taxonomy":"product_brand","embeddable":true,"href":"https:\/\/theomm.com\/sv\/wp-json\/wp\/v2\/product_brand?post=185332"},{"taxonomy":"product_cat","embeddable":true,"href":"https:\/\/theomm.com\/sv\/wp-json\/wp\/v2\/product_cat?post=185332"},{"taxonomy":"product_tag","embeddable":true,"href":"https:\/\/theomm.com\/sv\/wp-json\/wp\/v2\/product_tag?post=185332"}],"curies":[{"name":"wp","href":"https:\/\/api.w.org\/{rel}","templated":true}]}}