{"id":187184,"date":"2023-02-27T10:47:41","date_gmt":"2023-02-27T10:47:41","guid":{"rendered":"https:\/\/theomm.com\/product\/core-hoodie\/"},"modified":"2025-09-10T17:04:19","modified_gmt":"2025-09-10T17:04:19","slug":"core-hoodie","status":"publish","type":"product","link":"https:\/\/theomm.com\/sv\/product\/core-hoodie\/","title":{"rendered":"Core Hoodie"},"content":{"rendered":"<p>Core Hoodie &#8211; En ny koncept inom aktiv isolering, OMM Core Range \u00e4r tillverkad helt av PrimaLoft\u00ae ACTIVE ultral\u00e4tt isolerande tyg. Byggd av en syntetisk dun som v\u00e4vts genom en stickad mesh, erbjuder Core v\u00e4rmen fr\u00e5n en fleece men med mindre \u00e4n h\u00e4lften av vikten. Tillsammans med ett skal \u00e4r Core en otroligt effektiv isolator men tack vare n\u00e4stan total luftpermeabilitet kan den l\u00e4ttaste brisen ta bort den v\u00e4rmen. Detta g\u00f6r att du kan beh\u00e5lla din Core-lager \u00e4ven n\u00e4r du har blivit varm och du kan termoreglera genom att ta bort\/avzipa ditt skal (t.ex. Sonic vindt\u00e4tt p\u00e5 49g). Ett verkligt dal till toppstycke. Core fungerar v\u00e5tt eller torrt med otroliga avfuktningsegenskaper f\u00f6r att s\u00e4kerst\u00e4lla att du inte f\u00f6rblir bl\u00f6t l\u00e4nge.<\/p>\n<p>B\u00e4r Core Hoodie som ett super varmt f\u00f6rsta lager i de kallaste evenemangen och utmaningarna fr\u00e5n OMM till Spine och Yukon Ultra eller dra p\u00e5 dig det som ett isolerande mellanlager.<\/p>\n<p>Core Hoodie anv\u00e4nder det l\u00e4ttaste 75g\/m2 PrimaLoft\u00ae ACTIVE Insulating Fabric Technology, den l\u00e4ttare versionen av det 125g\/m2 PrimaLoft\u00ae Active-tyg som anv\u00e4nds i Core Jacket och Core+ Hoodie ULTRALIGHT AIR-PERMEABLE PRIMALOFT\u00ae INSULATION ADAPTABLE INSULATION PrimaLoft\u00ae ACTIVE Insulating Fabric v\u00e4ver PrimaLoft\u00ae fibrer p\u00e5 en mesh, vilket ger en superh\u00f6g volym och \u00f6ppen struktur. Tyger isolerar genom att f\u00e5nga fickor av luft som b\u00e4rarens v\u00e4rme inte kan passera igenom. Core-strukturen \u00e4r exceptionell p\u00e5 att skapa dessa fickor. Dock till\u00e5ter \u00f6ppenheten ocks\u00e5 en l\u00e4tt bris att st\u00f6ra dessa luftfickor och ta bort isoleringseffekten. Core anv\u00e4nder detta till sin f\u00f6rdel; s\u00e4tt en l\u00e4tt skal \u00f6ver toppen f\u00f6r det b\u00e4sta m\u00f6jliga v\u00e4rme-till-vikt-lagret och n\u00e4r du blir f\u00f6r varm, justera\/ta bort bara skalet och du kan forts\u00e4tta trycka h\u00e5rt mot toppen utan ett klumpigt lager att f\u00f6rvara. HALVA VIKTEN &amp; PACKSTORLEKEN Ett enda mesh-tyg h\u00e5ller isoleringsdunet p\u00e5 plats, vilket minskar behovet av extra tyglager och halverar vikten och packstorleken. FINASTE KVALITET SYNTETISK ISOLERING P\u00e5 OMM v\u00e4ljer vi alltid syntetisk isolering framf\u00f6r dun f\u00f6r att vara s\u00e4kra p\u00e5 att vi kan bli varma \u00e4ven n\u00e4r allt \u00e4r bl\u00f6tt. Vi tror att PrimaLoft\u00ae g\u00f6r den b\u00e4sta syntetiska isoleringen och s\u00e5 \u00e4r det enkelt val f\u00f6r oss. 75g\/m2 PrimaLoft\u00ae ACTIVE anv\u00e4nder 58% postkonsument\u00e5tervunnet material, det \u00e4r ocks\u00e5 bluesign- och Oeke-Tex-godk\u00e4nt. Forts\u00e4tter att isolera \u00e4ven om det \u00e4r v\u00e5tt Flatlock-s\u00f6mmar placerade borta fr\u00e5n axlarna Mjuk rullkrage Reflekterande logotyp F\u00e4rger: Orange\/M\u00f6rkr\u00f6d, Marinbl\u00e5, Svart Tyg: PrimaLoft\u00ae ACTIVE 75g\/m2 Vikt: 115g Storlekar: XS \/ S \/ M \/ L \/ XL<\/p>\n","protected":false},"excerpt":{"rendered":"<div class=\"w-full text-token-text-primary\" dir=\"auto\" data-testid=\"conversation-turn-5\" data-scroll-anchor=\"true\">\n<div class=\"py-2 px-3 text-base md:px-4 m-auto md:px-5 lg:px-1 xl:px-5\">\n<div class=\"mx-auto flex flex-1 gap-3 text-base juice:gap-4 juice:md:gap-6 md:max-w-3xl lg:max-w-[40rem] xl:max-w-[48rem]\">\n<div class=\"relative flex w-full min-w-0 flex-col agent-turn\">\n<div class=\"flex-col gap-1 md:gap-3\">\n<div class=\"flex flex-grow flex-col max-w-full\">\n<div class=\"min-h-[20px] text-message flex flex-col items-start whitespace-pre-wrap break-words [.text-message+&amp;]:mt-5 juice:w-full juice:items-end overflow-x-auto gap-3\" dir=\"auto\" data-message-author-role=\"assistant\" data-message-id=\"89837f10-8679-4b94-b2ac-57642af4a84a\">\n<div class=\"markdown prose w-full break-words dark:prose-invert light\">\n<p>En nytt koncept inom aktiv isolering, OMM Core Range \u00e4r tillverkad helt av PrimaLoft\u00ae ACTIVE ultral\u00e4tt isolerande tyg. Byggd av en syntetisk dun som v\u00e4vts genom en stickad mesh, Core erbjuder v\u00e4rmen fr\u00e5n en fleece men med mindre \u00e4n h\u00e4lften av vikten. Tillsammans med ett skal \u00e4r Core en otroligt effektiv isolator men tack vare n\u00e4stan total luftpermeabilitet kan den l\u00e4ttaste brisen ta bort den v\u00e4rmen. Detta g\u00f6r att du kan beh\u00e5lla ditt Core-lager \u00e4ven n\u00e4r du har blivit varm och du kan termoreglera genom att ta bort\/avzipa ditt skal (t.ex. Sonic vindt\u00e4tt p\u00e5 49g). Ett verkligt dal till toppstycke. Core fungerar v\u00e5tt eller torrt med otroliga avfuktningsegenskaper f\u00f6r att s\u00e4kerst\u00e4lla att du inte f\u00f6rblir bl\u00f6t l\u00e4nge.<\/p>\n<p>B\u00e4r Core Hoodie som ett super varmt f\u00f6rsta lager i de kallaste evenemangen och utmaningarna fr\u00e5n OMM till Spine och Yukon Ultra eller dra p\u00e5 dig den som ett isolerande mellanlager.<\/p>\n<p>Core Hoodie anv\u00e4nder det l\u00e4ttaste 75g\/m2 PrimaLoft\u00ae ACTIVE Insulating Fabric Technology, den l\u00e4ttare versionen av det 125g\/m2 PrimaLoft\u00ae Active-tyg som anv\u00e4nds i Core Jacket och Core+ Hoodie.<\/p>\n<\/div>\n<\/div>\n<\/div>\n<div class=\"mt-1 flex gap-3 empty:hidden juice:-ml-3\">\n<div class=\"-ml-1 mt-0 flex h-7 items-center justify-center gap-[2px] self-end text-gray-400 lg:justify-start lg:self-center visible\"><button class=\"rounded-md p-1 text-token-text-tertiary hover:text-token-text-primary\"><\/button><button class=\"rounded-md p-1 text-token-text-tertiary hover:text-token-text-primary\"><\/button><\/p>\n<div class=\"flex\">\u00a0<\/div>\n<\/div>\n<\/div>\n<div class=\"pr-2 lg:pr-0\">\u00a0<\/div>\n<\/div>\n<\/div>\n<\/div>\n<\/div>\n<\/div>\n<div class=\"mx-auto\">\n<div>\n<div class=\"mx-auto mt-2 inline-flex rounded-xl border border-gray-100 dark:border-gray-700\">\u00a0<\/div>\n<\/div>\n<\/div>\n","protected":false},"featured_media":156432,"template":"","meta":{"_acf_changed":false,"_et_pb_use_builder":"","_et_pb_old_content":"","_et_gb_content_width":""},"locations":[1195,1196],"product_brand":[],"product_cat":[1279,1272,1277],"product_tag":[2300],"class_list":{"0":"post-187184","1":"product","2":"type-product","3":"status-publish","4":"has-post-thumbnail","6":"locations-eu","7":"locations-uk","8":"product_cat-core-sv","9":"product_cat-klader","10":"product_cat-mellanlager","11":"product_tag-omm-core-hoodie-sv","12":"pa_color-bla-sv","13":"pa_color-morkrod","14":"pa_color-navy-sv","15":"pa_color-orange-sv","16":"pa_color-svart","17":"pa_colour-bla-orange-sv","18":"pa_colour-morkrod-orange","19":"pa_colour-navy-sv","20":"pa_colour-svart","21":"pa_colour-svart-bla","22":"pa_gender-mens-sv","23":"pa_size-stor-sv","24":"pa_size-medium-sv","25":"pa_size-sma","26":"pa_size-x-stor-sv","27":"pa_size-x-sma","28":"pa_technology-primaloft-active","29":"pa_weight-100-200g","31":"first","32":"instock","33":"taxable","34":"shipping-taxable","35":"purchasable","36":"product-type-variable","37":"wvs-archive-product-wrapper"},"acf":[],"yoast_head":"<!-- This site is optimized with the Yoast SEO plugin v27.3 - https:\/\/yoast.com\/product\/yoast-seo-wordpress\/ -->\n<title>Core Hoodie - OMM<\/title>\n<meta name=\"description\" content=\"The Core Hoodie, Ultralight Air-Permeable Primaloft\u00ae Insulation. Adaptable Insulation. Half The Weight &amp; Pack Size Finest Quality Synthetic Insulation\" \/>\n<meta name=\"robots\" content=\"index, follow, max-snippet:-1, max-image-preview:large, max-video-preview:-1\" \/>\n<link rel=\"canonical\" href=\"https:\/\/theomm.com\/product\/core-hoodie\/\" \/>\n<meta property=\"og:locale\" content=\"sv_SE\" \/>\n<meta property=\"og:type\" content=\"article\" \/>\n<meta property=\"og:title\" content=\"Core Hoodie - OMM\" \/>\n<meta property=\"og:description\" content=\"The Core Hoodie, Ultralight Air-Permeable Primaloft\u00ae Insulation. Adaptable Insulation. Half The Weight &amp; Pack Size Finest Quality Synthetic Insulation\" \/>\n<meta property=\"og:url\" content=\"https:\/\/theomm.com\/product\/core-hoodie\/\" \/>\n<meta property=\"og:site_name\" content=\"OMM\" \/>\n<meta property=\"article:publisher\" content=\"https:\/\/www.facebook.com\/OMMrunning?_ga=2.203172945.1541616462.1665402953-280172632.1649426001\" \/>\n<meta property=\"article:modified_time\" content=\"2025-09-10T17:04:19+00:00\" \/>\n<meta property=\"og:image\" content=\"https:\/\/theomm.com\/wp-content\/uploads\/2023\/02\/OC183_Core_Hoodie_Navy_Front.jpg\" \/>\n\t<meta property=\"og:image:width\" content=\"600\" \/>\n\t<meta property=\"og:image:height\" content=\"600\" \/>\n\t<meta property=\"og:image:type\" content=\"image\/jpeg\" \/>\n<meta name=\"twitter:card\" content=\"summary_large_image\" \/>\n<meta name=\"twitter:label1\" content=\"Ber\u00e4knad l\u00e4stid\" \/>\n\t<meta name=\"twitter:data1\" content=\"2 minutes\" \/>\n<script type=\"application\/ld+json\" class=\"yoast-schema-graph\">{\"@context\":\"https:\\\/\\\/schema.org\",\"@graph\":[{\"@type\":\"WebPage\",\"@id\":\"https:\\\/\\\/theomm.com\\\/product\\\/core-hoodie\\\/\",\"url\":\"https:\\\/\\\/theomm.com\\\/product\\\/core-hoodie\\\/\",\"name\":\"Core Hoodie - OMM\",\"isPartOf\":{\"@id\":\"https:\\\/\\\/theomm.com\\\/#website\"},\"primaryImageOfPage\":{\"@id\":\"https:\\\/\\\/theomm.com\\\/product\\\/core-hoodie\\\/#primaryimage\"},\"image\":{\"@id\":\"https:\\\/\\\/theomm.com\\\/product\\\/core-hoodie\\\/#primaryimage\"},\"thumbnailUrl\":\"https:\\\/\\\/theomm.com\\\/wp-content\\\/uploads\\\/2023\\\/02\\\/OC183_Core_Hoodie_Navy_Front.jpg\",\"datePublished\":\"2023-02-27T10:47:41+00:00\",\"dateModified\":\"2025-09-10T17:04:19+00:00\",\"description\":\"The Core Hoodie, Ultralight Air-Permeable Primaloft\u00ae Insulation. Adaptable Insulation. Half The Weight & Pack Size Finest Quality Synthetic Insulation\",\"breadcrumb\":{\"@id\":\"https:\\\/\\\/theomm.com\\\/product\\\/core-hoodie\\\/#breadcrumb\"},\"inLanguage\":\"sv-SE\",\"potentialAction\":[{\"@type\":\"ReadAction\",\"target\":[\"https:\\\/\\\/theomm.com\\\/product\\\/core-hoodie\\\/\"]}]},{\"@type\":\"ImageObject\",\"inLanguage\":\"sv-SE\",\"@id\":\"https:\\\/\\\/theomm.com\\\/product\\\/core-hoodie\\\/#primaryimage\",\"url\":\"https:\\\/\\\/theomm.com\\\/wp-content\\\/uploads\\\/2023\\\/02\\\/OC183_Core_Hoodie_Navy_Front.jpg\",\"contentUrl\":\"https:\\\/\\\/theomm.com\\\/wp-content\\\/uploads\\\/2023\\\/02\\\/OC183_Core_Hoodie_Navy_Front.jpg\",\"width\":600,\"height\":600},{\"@type\":\"BreadcrumbList\",\"@id\":\"https:\\\/\\\/theomm.com\\\/product\\\/core-hoodie\\\/#breadcrumb\",\"itemListElement\":[{\"@type\":\"ListItem\",\"position\":1,\"name\":\"Home\",\"item\":\"https:\\\/\\\/theomm.com\\\/sv\\\/original-mountain-marathon\\\/\"},{\"@type\":\"ListItem\",\"position\":2,\"name\":\"Produkter\",\"item\":\"https:\\\/\\\/theomm.com\\\/sv\\\/original-mountain-marathon\\\/produkter\\\/\"},{\"@type\":\"ListItem\",\"position\":3,\"name\":\"Core Hoodie\"}]},{\"@type\":\"WebSite\",\"@id\":\"https:\\\/\\\/theomm.com\\\/#website\",\"url\":\"https:\\\/\\\/theomm.com\\\/\",\"name\":\"OMM\",\"description\":\"OMM is Technical clothing and equipment made for running in the mountains. Designed to the specifications of Original Mountain Marathon.\",\"alternateName\":\"Original Mountain Marathon\",\"potentialAction\":[{\"@type\":\"SearchAction\",\"target\":{\"@type\":\"EntryPoint\",\"urlTemplate\":\"https:\\\/\\\/theomm.com\\\/?s={search_term_string}\"},\"query-input\":{\"@type\":\"PropertyValueSpecification\",\"valueRequired\":true,\"valueName\":\"search_term_string\"}}],\"inLanguage\":\"sv-SE\"}]}<\/script>\n<!-- \/ Yoast SEO plugin. -->","yoast_head_json":{"title":"Core Hoodie - OMM","description":"The Core Hoodie, Ultralight Air-Permeable Primaloft\u00ae Insulation. Adaptable Insulation. Half The Weight & Pack Size Finest Quality Synthetic Insulation","robots":{"index":"index","follow":"follow","max-snippet":"max-snippet:-1","max-image-preview":"max-image-preview:large","max-video-preview":"max-video-preview:-1"},"canonical":"https:\/\/theomm.com\/product\/core-hoodie\/","og_locale":"sv_SE","og_type":"article","og_title":"Core Hoodie - OMM","og_description":"The Core Hoodie, Ultralight Air-Permeable Primaloft\u00ae Insulation. Adaptable Insulation. Half The Weight & Pack Size Finest Quality Synthetic Insulation","og_url":"https:\/\/theomm.com\/product\/core-hoodie\/","og_site_name":"OMM","article_publisher":"https:\/\/www.facebook.com\/OMMrunning?_ga=2.203172945.1541616462.1665402953-280172632.1649426001","article_modified_time":"2025-09-10T17:04:19+00:00","og_image":[{"width":600,"height":600,"url":"https:\/\/theomm.com\/wp-content\/uploads\/2023\/02\/OC183_Core_Hoodie_Navy_Front.jpg","type":"image\/jpeg"}],"twitter_card":"summary_large_image","twitter_misc":{"Ber\u00e4knad l\u00e4stid":"2 minutes"},"schema":{"@context":"https:\/\/schema.org","@graph":[{"@type":"WebPage","@id":"https:\/\/theomm.com\/product\/core-hoodie\/","url":"https:\/\/theomm.com\/product\/core-hoodie\/","name":"Core Hoodie - OMM","isPartOf":{"@id":"https:\/\/theomm.com\/#website"},"primaryImageOfPage":{"@id":"https:\/\/theomm.com\/product\/core-hoodie\/#primaryimage"},"image":{"@id":"https:\/\/theomm.com\/product\/core-hoodie\/#primaryimage"},"thumbnailUrl":"https:\/\/theomm.com\/wp-content\/uploads\/2023\/02\/OC183_Core_Hoodie_Navy_Front.jpg","datePublished":"2023-02-27T10:47:41+00:00","dateModified":"2025-09-10T17:04:19+00:00","description":"The Core Hoodie, Ultralight Air-Permeable Primaloft\u00ae Insulation. Adaptable Insulation. Half The Weight & Pack Size Finest Quality Synthetic Insulation","breadcrumb":{"@id":"https:\/\/theomm.com\/product\/core-hoodie\/#breadcrumb"},"inLanguage":"sv-SE","potentialAction":[{"@type":"ReadAction","target":["https:\/\/theomm.com\/product\/core-hoodie\/"]}]},{"@type":"ImageObject","inLanguage":"sv-SE","@id":"https:\/\/theomm.com\/product\/core-hoodie\/#primaryimage","url":"https:\/\/theomm.com\/wp-content\/uploads\/2023\/02\/OC183_Core_Hoodie_Navy_Front.jpg","contentUrl":"https:\/\/theomm.com\/wp-content\/uploads\/2023\/02\/OC183_Core_Hoodie_Navy_Front.jpg","width":600,"height":600},{"@type":"BreadcrumbList","@id":"https:\/\/theomm.com\/product\/core-hoodie\/#breadcrumb","itemListElement":[{"@type":"ListItem","position":1,"name":"Home","item":"https:\/\/theomm.com\/sv\/original-mountain-marathon\/"},{"@type":"ListItem","position":2,"name":"Produkter","item":"https:\/\/theomm.com\/sv\/original-mountain-marathon\/produkter\/"},{"@type":"ListItem","position":3,"name":"Core Hoodie"}]},{"@type":"WebSite","@id":"https:\/\/theomm.com\/#website","url":"https:\/\/theomm.com\/","name":"OMM","description":"OMM is Technical clothing and equipment made for running in the mountains. Designed to the specifications of Original Mountain Marathon.","alternateName":"Original Mountain Marathon","potentialAction":[{"@type":"SearchAction","target":{"@type":"EntryPoint","urlTemplate":"https:\/\/theomm.com\/?s={search_term_string}"},"query-input":{"@type":"PropertyValueSpecification","valueRequired":true,"valueName":"search_term_string"}}],"inLanguage":"sv-SE"}]}},"_links":{"self":[{"href":"https:\/\/theomm.com\/sv\/wp-json\/wp\/v2\/product\/187184","targetHints":{"allow":["GET"]}}],"collection":[{"href":"https:\/\/theomm.com\/sv\/wp-json\/wp\/v2\/product"}],"about":[{"href":"https:\/\/theomm.com\/sv\/wp-json\/wp\/v2\/types\/product"}],"wp:featuredmedia":[{"embeddable":true,"href":"https:\/\/theomm.com\/sv\/wp-json\/wp\/v2\/media\/156432"}],"wp:attachment":[{"href":"https:\/\/theomm.com\/sv\/wp-json\/wp\/v2\/media?parent=187184"}],"wp:term":[{"taxonomy":"locations","embeddable":true,"href":"https:\/\/theomm.com\/sv\/wp-json\/wp\/v2\/locations?post=187184"},{"taxonomy":"product_brand","embeddable":true,"href":"https:\/\/theomm.com\/sv\/wp-json\/wp\/v2\/product_brand?post=187184"},{"taxonomy":"product_cat","embeddable":true,"href":"https:\/\/theomm.com\/sv\/wp-json\/wp\/v2\/product_cat?post=187184"},{"taxonomy":"product_tag","embeddable":true,"href":"https:\/\/theomm.com\/sv\/wp-json\/wp\/v2\/product_tag?post=187184"}],"curies":[{"name":"wp","href":"https:\/\/api.w.org\/{rel}","templated":true}]}}