{"id":187226,"date":"2023-02-27T10:44:15","date_gmt":"2023-02-27T10:44:15","guid":{"rendered":"https:\/\/theomm.com\/product\/bearing-tee-s-s\/"},"modified":"2026-03-17T14:17:48","modified_gmt":"2026-03-17T14:17:48","slug":"bearing-tee-s-s","status":"publish","type":"product","link":"https:\/\/theomm.com\/sv\/product\/bearing-tee-s-s\/","title":{"rendered":"Bearing Tee S\/S"},"content":{"rendered":"<p>Bearing Tee S\/S &#8211; Bearing Tee anv\u00e4nder ett 4-v\u00e4gs stretch CoolPlus-tyg f\u00f6r att skapa en teknisk T-shirt som \u00e4r h\u00f6g fukttransporterande och m\u00f6jligg\u00f6r full r\u00f6relsefrihet p\u00e5 spr\u00e5ng. Raglan-\u00e4rmen och flatlocks\u00f6mmarna minimerar skavpunkter \u00f6ver ryggen och axlarna medan Polygiene antibakteriell och od\u00f6rkontroll skapar en teknisk T-shirt som tar hand om din hud \u00e4ven vid h\u00f6gintensiv aktivitet och flerdagars lopp. TEKNISK KORT\u00c4RMAD TEE MED RAGLAN-KONSTRUKTION H\u00d6G FUKTTRANSPORT 100% POLYESTERTYG Bearing Tee anv\u00e4nder ett dubbelskiktat polyestertyg som stickats f\u00f6r att skapa en mesh med utm\u00e4rkta fukttransporterande egenskaper. Att avl\u00e4gsna fukt fr\u00e5n huden \u00e4r avg\u00f6rande f\u00f6r komfort och s\u00e4kerhet n\u00e4r man \u00e4r p\u00e5 berget. Fukt \u00e4r en utm\u00e4rkt v\u00e4rmeledare och v\u00e5ra kroppar svettas f\u00f6r att kyla och reglera v\u00e5r kroppstemperatur. Utm\u00e4rkt n\u00e4r du \u00e4r aktiv men i vila vill du beh\u00e5lla v\u00e4rmen medan du planerar ditt n\u00e4sta drag; s\u00e4tt upp ditt t\u00e4lt eller njut av en kopp te vid m\u00e5llinjen. Torr hud upplever ocks\u00e5 mindre friktion och minskar d\u00e4rf\u00f6r skav under packningen eller midjeb\u00e4ltet. POLYGIENE ANTI-BAKTERIELL OD\u00d6R-KONTROLL Det svenska f\u00f6retaget Polygiene leder inom behandling av plagg som f\u00f6rhindrar uppbyggnaden av bakterier p\u00e5 kl\u00e4der och hud. Detta gynnar hudh\u00e4lsan genom att f\u00f6rhindra ytinflammationer och tar ocks\u00e5 bort obehagliga lukter som skapas av bakteriebrott fr\u00e5n svett. Inte ett trevligt \u00e4mne men vi svettas alla; detta reglerar temperaturen, sm\u00f6rjer huden och tv\u00e4ttar oljor och smuts ur v\u00e5ra porer. Tyv\u00e4rr ger detta ocks\u00e5 allt bakterier beh\u00f6ver f\u00f6r att f\u00f6r\u00f6ka sig. Polygiene anv\u00e4nder silverjoner (naturligt f\u00f6rekommande) f\u00f6r att f\u00f6rhindra att bakterierna f\u00f6r\u00f6kar sig. Detta \u00e4r en tv\u00e5faldig attack som avbryter bakteriernas genetiska programmering och f\u00f6rhindrar dem ocks\u00e5 fr\u00e5n att producera mer cellytan som de beh\u00f6ver f\u00f6r att dela sig i tv\u00e5. RAGLAN-\u00c4RMAR Ett n\u00e5got dyrare s\u00e4tt att konstruera ett plagg som till\u00e5ter att s\u00f6mmen p\u00e5 axelns topp avl\u00e4gsnas, vilket kan skava under en ryggs\u00e4ck. Bearing Tee S\/S: Raglan-\u00e4rm 4-v\u00e4gs stretch Flatlocks\u00f6mmar H\u00f6g fukttransporterande Polygiene antibakteriell od\u00f6rkontroll SPF &gt;50 F\u00e4rger: M\u00f6rkr\u00f6d, Bl\u00e5, Gr\u00f6n, Gr\u00e5, Gul, Svart Tyg: Coolplus Polyester Vikt: 125g Storlekar: XS \/ S \/ M \/ L \/ XL<\/p>\n","protected":false},"excerpt":{"rendered":"<p>Bearing Tee anv\u00e4nder ett 4-v\u00e4gs stretch CoolPlus-tyg f\u00f6r att skapa en teknisk T-shirt som \u00e4r h\u00f6g fukttransporterande och m\u00f6jligg\u00f6r full r\u00f6relsefrihet p\u00e5 spr\u00e5ng. Raglan-\u00e4rmen och flatlocks\u00f6mmarna minimerar skavpunkter \u00f6ver ryggen och axlarna medan Polygiene antibakteriell och od\u00f6rkontroll skapar en teknisk T-shirt som tar hand om din hud \u00e4ven vid h\u00f6gintensiv aktivitet och flerdagars lopp.<\/p>\n","protected":false},"featured_media":156256,"template":"","meta":{"_acf_changed":false,"_et_pb_use_builder":"","_et_pb_old_content":"","_et_gb_content_width":""},"locations":[],"product_brand":[],"product_cat":[1273],"product_tag":[2613],"class_list":{"0":"post-187226","1":"product","2":"type-product","3":"status-publish","4":"has-post-thumbnail","6":"product_cat-forsta-lagret","7":"product_tag-ommshop-sv","8":"pa_colour-aqua-sv","9":"pa_colour-bla-sv","10":"pa_colour-bla-kompass","11":"pa_colour-dark-red-mountain-sv","12":"pa_colour-grey-chest-logo-square-sv","13":"pa_colour-grona-bergen","14":"pa_colour-gul-sv","15":"pa_colour-navy-sv","16":"pa_colour-svart","17":"pa_size-stor-sv","18":"pa_size-medium-sv","19":"pa_size-sma","20":"pa_size-x-stor-sv","21":"pa_size-x-sma","23":"first","24":"instock","25":"taxable","26":"shipping-taxable","27":"purchasable","28":"product-type-variable","29":"wvs-archive-product-wrapper"},"acf":[],"yoast_head":"<!-- This site is optimized with the Yoast SEO plugin v27.3 - https:\/\/yoast.com\/product\/yoast-seo-wordpress\/ -->\n<title>Bearing Tee S\/S - OMM<\/title>\n<meta name=\"description\" content=\"The Bearing Tee S\/S, Technical Short Sleeve Tee Incorporating Raglan Construction. High Wicking 100% Polyester Fabric. Polygiene Anti-Bacterial treatment\" \/>\n<meta name=\"robots\" content=\"index, follow, max-snippet:-1, max-image-preview:large, max-video-preview:-1\" \/>\n<link rel=\"canonical\" href=\"https:\/\/theomm.com\/sv\/product\/bearing-tee-s-s\/\" \/>\n<meta property=\"og:locale\" content=\"sv_SE\" \/>\n<meta property=\"og:type\" content=\"article\" \/>\n<meta property=\"og:title\" content=\"Bearing Tee S\/S - OMM\" \/>\n<meta property=\"og:description\" content=\"The Bearing Tee S\/S, Technical Short Sleeve Tee Incorporating Raglan Construction. High Wicking 100% Polyester Fabric. Polygiene Anti-Bacterial treatment\" \/>\n<meta property=\"og:url\" content=\"https:\/\/theomm.com\/sv\/product\/bearing-tee-s-s\/\" \/>\n<meta property=\"og:site_name\" content=\"OMM\" \/>\n<meta property=\"article:publisher\" content=\"https:\/\/www.facebook.com\/OMMrunning?_ga=2.203172945.1541616462.1665402953-280172632.1649426001\" \/>\n<meta property=\"article:modified_time\" content=\"2026-03-17T14:17:48+00:00\" \/>\n<meta property=\"og:image\" content=\"https:\/\/theomm.com\/wp-content\/uploads\/2023\/02\/OC137_Bearing_Tee_Blue_Japan_Front.jpg\" \/>\n\t<meta property=\"og:image:width\" content=\"600\" \/>\n\t<meta property=\"og:image:height\" content=\"600\" \/>\n\t<meta property=\"og:image:type\" content=\"image\/jpeg\" \/>\n<meta name=\"twitter:card\" content=\"summary_large_image\" \/>\n<meta name=\"twitter:label1\" content=\"Ber\u00e4knad l\u00e4stid\" \/>\n\t<meta name=\"twitter:data1\" content=\"2 minutes\" \/>\n<script type=\"application\/ld+json\" class=\"yoast-schema-graph\">{\"@context\":\"https:\\\/\\\/schema.org\",\"@graph\":[{\"@type\":\"WebPage\",\"@id\":\"https:\\\/\\\/theomm.com\\\/sv\\\/product\\\/bearing-tee-s-s\\\/\",\"url\":\"https:\\\/\\\/theomm.com\\\/sv\\\/product\\\/bearing-tee-s-s\\\/\",\"name\":\"Bearing Tee S\\\/S - OMM\",\"isPartOf\":{\"@id\":\"https:\\\/\\\/theomm.com\\\/#website\"},\"primaryImageOfPage\":{\"@id\":\"https:\\\/\\\/theomm.com\\\/sv\\\/product\\\/bearing-tee-s-s\\\/#primaryimage\"},\"image\":{\"@id\":\"https:\\\/\\\/theomm.com\\\/sv\\\/product\\\/bearing-tee-s-s\\\/#primaryimage\"},\"thumbnailUrl\":\"https:\\\/\\\/theomm.com\\\/wp-content\\\/uploads\\\/2023\\\/02\\\/OC137_Bearing_Tee_Blue_Japan_Front.jpg\",\"datePublished\":\"2023-02-27T10:44:15+00:00\",\"dateModified\":\"2026-03-17T14:17:48+00:00\",\"description\":\"The Bearing Tee S\\\/S, Technical Short Sleeve Tee Incorporating Raglan Construction. High Wicking 100% Polyester Fabric. Polygiene Anti-Bacterial treatment\",\"breadcrumb\":{\"@id\":\"https:\\\/\\\/theomm.com\\\/sv\\\/product\\\/bearing-tee-s-s\\\/#breadcrumb\"},\"inLanguage\":\"sv-SE\",\"potentialAction\":[{\"@type\":\"ReadAction\",\"target\":[\"https:\\\/\\\/theomm.com\\\/sv\\\/product\\\/bearing-tee-s-s\\\/\"]}]},{\"@type\":\"ImageObject\",\"inLanguage\":\"sv-SE\",\"@id\":\"https:\\\/\\\/theomm.com\\\/sv\\\/product\\\/bearing-tee-s-s\\\/#primaryimage\",\"url\":\"https:\\\/\\\/theomm.com\\\/wp-content\\\/uploads\\\/2023\\\/02\\\/OC137_Bearing_Tee_Blue_Japan_Front.jpg\",\"contentUrl\":\"https:\\\/\\\/theomm.com\\\/wp-content\\\/uploads\\\/2023\\\/02\\\/OC137_Bearing_Tee_Blue_Japan_Front.jpg\",\"width\":600,\"height\":600},{\"@type\":\"BreadcrumbList\",\"@id\":\"https:\\\/\\\/theomm.com\\\/sv\\\/product\\\/bearing-tee-s-s\\\/#breadcrumb\",\"itemListElement\":[{\"@type\":\"ListItem\",\"position\":1,\"name\":\"Home\",\"item\":\"https:\\\/\\\/theomm.com\\\/sv\\\/original-mountain-marathon\\\/\"},{\"@type\":\"ListItem\",\"position\":2,\"name\":\"Produkter\",\"item\":\"https:\\\/\\\/theomm.com\\\/sv\\\/original-mountain-marathon\\\/produkter\\\/\"},{\"@type\":\"ListItem\",\"position\":3,\"name\":\"Bearing Tee S\\\/S\"}]},{\"@type\":\"WebSite\",\"@id\":\"https:\\\/\\\/theomm.com\\\/#website\",\"url\":\"https:\\\/\\\/theomm.com\\\/\",\"name\":\"OMM\",\"description\":\"OMM is Technical clothing and equipment made for running in the mountains. Designed to the specifications of Original Mountain Marathon.\",\"alternateName\":\"Original Mountain Marathon\",\"potentialAction\":[{\"@type\":\"SearchAction\",\"target\":{\"@type\":\"EntryPoint\",\"urlTemplate\":\"https:\\\/\\\/theomm.com\\\/?s={search_term_string}\"},\"query-input\":{\"@type\":\"PropertyValueSpecification\",\"valueRequired\":true,\"valueName\":\"search_term_string\"}}],\"inLanguage\":\"sv-SE\"}]}<\/script>\n<!-- \/ Yoast SEO plugin. -->","yoast_head_json":{"title":"Bearing Tee S\/S - OMM","description":"The Bearing Tee S\/S, Technical Short Sleeve Tee Incorporating Raglan Construction. High Wicking 100% Polyester Fabric. Polygiene Anti-Bacterial treatment","robots":{"index":"index","follow":"follow","max-snippet":"max-snippet:-1","max-image-preview":"max-image-preview:large","max-video-preview":"max-video-preview:-1"},"canonical":"https:\/\/theomm.com\/sv\/product\/bearing-tee-s-s\/","og_locale":"sv_SE","og_type":"article","og_title":"Bearing Tee S\/S - OMM","og_description":"The Bearing Tee S\/S, Technical Short Sleeve Tee Incorporating Raglan Construction. High Wicking 100% Polyester Fabric. Polygiene Anti-Bacterial treatment","og_url":"https:\/\/theomm.com\/sv\/product\/bearing-tee-s-s\/","og_site_name":"OMM","article_publisher":"https:\/\/www.facebook.com\/OMMrunning?_ga=2.203172945.1541616462.1665402953-280172632.1649426001","article_modified_time":"2026-03-17T14:17:48+00:00","og_image":[{"width":600,"height":600,"url":"https:\/\/theomm.com\/wp-content\/uploads\/2023\/02\/OC137_Bearing_Tee_Blue_Japan_Front.jpg","type":"image\/jpeg"}],"twitter_card":"summary_large_image","twitter_misc":{"Ber\u00e4knad l\u00e4stid":"2 minutes"},"schema":{"@context":"https:\/\/schema.org","@graph":[{"@type":"WebPage","@id":"https:\/\/theomm.com\/sv\/product\/bearing-tee-s-s\/","url":"https:\/\/theomm.com\/sv\/product\/bearing-tee-s-s\/","name":"Bearing Tee S\/S - OMM","isPartOf":{"@id":"https:\/\/theomm.com\/#website"},"primaryImageOfPage":{"@id":"https:\/\/theomm.com\/sv\/product\/bearing-tee-s-s\/#primaryimage"},"image":{"@id":"https:\/\/theomm.com\/sv\/product\/bearing-tee-s-s\/#primaryimage"},"thumbnailUrl":"https:\/\/theomm.com\/wp-content\/uploads\/2023\/02\/OC137_Bearing_Tee_Blue_Japan_Front.jpg","datePublished":"2023-02-27T10:44:15+00:00","dateModified":"2026-03-17T14:17:48+00:00","description":"The Bearing Tee S\/S, Technical Short Sleeve Tee Incorporating Raglan Construction. High Wicking 100% Polyester Fabric. Polygiene Anti-Bacterial treatment","breadcrumb":{"@id":"https:\/\/theomm.com\/sv\/product\/bearing-tee-s-s\/#breadcrumb"},"inLanguage":"sv-SE","potentialAction":[{"@type":"ReadAction","target":["https:\/\/theomm.com\/sv\/product\/bearing-tee-s-s\/"]}]},{"@type":"ImageObject","inLanguage":"sv-SE","@id":"https:\/\/theomm.com\/sv\/product\/bearing-tee-s-s\/#primaryimage","url":"https:\/\/theomm.com\/wp-content\/uploads\/2023\/02\/OC137_Bearing_Tee_Blue_Japan_Front.jpg","contentUrl":"https:\/\/theomm.com\/wp-content\/uploads\/2023\/02\/OC137_Bearing_Tee_Blue_Japan_Front.jpg","width":600,"height":600},{"@type":"BreadcrumbList","@id":"https:\/\/theomm.com\/sv\/product\/bearing-tee-s-s\/#breadcrumb","itemListElement":[{"@type":"ListItem","position":1,"name":"Home","item":"https:\/\/theomm.com\/sv\/original-mountain-marathon\/"},{"@type":"ListItem","position":2,"name":"Produkter","item":"https:\/\/theomm.com\/sv\/original-mountain-marathon\/produkter\/"},{"@type":"ListItem","position":3,"name":"Bearing Tee S\/S"}]},{"@type":"WebSite","@id":"https:\/\/theomm.com\/#website","url":"https:\/\/theomm.com\/","name":"OMM","description":"OMM is Technical clothing and equipment made for running in the mountains. Designed to the specifications of Original Mountain Marathon.","alternateName":"Original Mountain Marathon","potentialAction":[{"@type":"SearchAction","target":{"@type":"EntryPoint","urlTemplate":"https:\/\/theomm.com\/?s={search_term_string}"},"query-input":{"@type":"PropertyValueSpecification","valueRequired":true,"valueName":"search_term_string"}}],"inLanguage":"sv-SE"}]}},"_links":{"self":[{"href":"https:\/\/theomm.com\/sv\/wp-json\/wp\/v2\/product\/187226","targetHints":{"allow":["GET"]}}],"collection":[{"href":"https:\/\/theomm.com\/sv\/wp-json\/wp\/v2\/product"}],"about":[{"href":"https:\/\/theomm.com\/sv\/wp-json\/wp\/v2\/types\/product"}],"wp:featuredmedia":[{"embeddable":true,"href":"https:\/\/theomm.com\/sv\/wp-json\/wp\/v2\/media\/156256"}],"wp:attachment":[{"href":"https:\/\/theomm.com\/sv\/wp-json\/wp\/v2\/media?parent=187226"}],"wp:term":[{"taxonomy":"locations","embeddable":true,"href":"https:\/\/theomm.com\/sv\/wp-json\/wp\/v2\/locations?post=187226"},{"taxonomy":"product_brand","embeddable":true,"href":"https:\/\/theomm.com\/sv\/wp-json\/wp\/v2\/product_brand?post=187226"},{"taxonomy":"product_cat","embeddable":true,"href":"https:\/\/theomm.com\/sv\/wp-json\/wp\/v2\/product_cat?post=187226"},{"taxonomy":"product_tag","embeddable":true,"href":"https:\/\/theomm.com\/sv\/wp-json\/wp\/v2\/product_tag?post=187226"}],"curies":[{"name":"wp","href":"https:\/\/api.w.org\/{rel}","templated":true}]}}