{"id":187551,"date":"2022-08-30T10:50:03","date_gmt":"2022-08-30T10:50:03","guid":{"rendered":"https:\/\/theomm.com\/product\/flash-winter-tights-w\/"},"modified":"2026-03-09T14:31:15","modified_gmt":"2026-03-09T14:31:15","slug":"flash-winter-tights-w","status":"publish","type":"product","link":"https:\/\/theomm.com\/sv\/product\/flash-winter-tights-w\/","title":{"rendered":"Flash Winter Tights (W)"},"content":{"rendered":"<p>Flash Winter Tights (W) &#8211; Flash Winter Tights anv\u00e4nder en kombination av tyger f\u00f6r att erbjuda kartlagd isolering och ventilation f\u00f6r anv\u00e4ndning i kalla f\u00f6rh\u00e5llanden. Ett l\u00e4ttviktsstretchfleece av polyester anv\u00e4nds p\u00e5 framsidan av l\u00e5ren och nedre benen, som \u00e4r mest utsatta f\u00f6r v\u00e4derf\u00f6rh\u00e5llandena. Det l\u00e4ttare Flash-tyget anv\u00e4nds p\u00e5 de andra panelerna p\u00e5 tightsen f\u00f6r att ge ventilation och fri r\u00f6relse medan den kvinnospecifika passformen ger komfort \u00e4ven under de l\u00e4ngsta l\u00f6prundorna. Dessa 210g-helt\u00e4ckande tights \u00e4r perfekta f\u00f6r vinterbestigningar och l\u00e4ngre dagar p\u00e5 berget. KALLARE V\u00c4DERTIGHTS MED KROPPSMAPPADE FLEECEPANELER I EN KVINNOSPECIFISK PASSFORM TERMISK PANELERING V\u00e5rt isolerande Meridian-tyg ger v\u00e4rme och stretch och har anv\u00e4nts \u00f6ver l\u00e5ret och nedre benet. Detta ger skydd och v\u00e4rme fr\u00e5n elementen medan det l\u00e4ttare Flash-tyget till\u00e5ter ventilation. Denna kombination av tyger \u00e4r idealisk f\u00f6r l\u00f6pning under noll med variabelt utfl\u00f6de under dagen. GJORD F\u00d6R VINTER Tygets termiska egenskaper ger v\u00e4rme till nyckelomr\u00e5den \u00e4ven n\u00e4r det \u00e4r bl\u00f6tt. Utformad f\u00f6r l\u00f6pning \u00f6ver sn\u00f6gr\u00e4nsen, kommer Flash Winter Tights att l\u00e5ta dig ta l\u00e4ngre rutter i frysningsf\u00f6rh\u00e5llanden. F\u00d6RVARINGSFICKA Flash Winter Tight har en f\u00f6rvaringsficka p\u00e5 utsidan av varje l\u00e5r. Detta \u00e4r perfekt f\u00f6r kartor, kompass eller energibars som du beh\u00f6ver l\u00e4tt \u00e5tkomst till.<\/p>\n<p>Flash Winter tights (W)<\/p>\n<p>Kvinno-specifik passform 4-v\u00e4gs stretch Flatlocks\u00f6mmar Stretchfickor p\u00e5 l\u00e5ren Nyckelficka Greppremsor f\u00f6r att f\u00f6rhindra upp\u00e5tkrypning Reflekterande s\u00e4kerhetsdetaljer Elastisk midja med dragsko F\u00e4rger: Svart\/Lila Tyg: Stretch Polymide Vikt: 210g Storlekar: XS\/ S \/ M \/ L\/ XL<\/p>\n<p>V\u00e5r l\u00e4ttviktiga kl\u00e4der och utrustning \u00e4r specifikt utformade f\u00f6r behoven hos bergs l\u00f6pare, med specifikationer h\u00e4mtade direkt fr\u00e5n erfarenheterna p\u00e5 Original Mountain Marathon.<\/p>\n<p>En 2-dagars resa genom n\u00e5gra av Storbritanniens tuffaste terr\u00e4ng, h\u00e5lls i slutet av varje oktober sedan 1968, f\u00f6r att s\u00e4kerst\u00e4lla utmanande v\u00e4derf\u00f6rh\u00e5llanden. En test av bergshantverk och uth\u00e5llighet, &#8216;The OMM&#8217;, erk\u00e4nns som guldstandarden inom bergsutmaningar.<\/p>\n<p>Kraven p\u00e5 evenemanget forts\u00e4tter att informera designen och funktionerna hos v\u00e5ra kl\u00e4der, vilket i sin tur anv\u00e4nds i n\u00e5gra av v\u00e4rldens tuffaste evenemang och h\u00e5rdaste utmaningar.<\/p>\n<p>Som betrodd av bergsatleter och proffs i \u00e5rtionden \u00e4r OMM-sortimentet den perfekta f\u00f6ljeslagaren f\u00f6r ditt n\u00e4sta \u00e4ventyr.<\/p>\n","protected":false},"excerpt":{"rendered":"<p>Flash Winter Tights anv\u00e4nder en kombination av tyger f\u00f6r att erbjuda kartlagd isolering och ventilation f\u00f6r anv\u00e4ndning i kalla f\u00f6rh\u00e5llanden. Ett l\u00e4ttviktsstretchfleece av polyester anv\u00e4nds p\u00e5 framsidan av l\u00e5ren och nedre benen, vilka \u00e4r mest utsatta f\u00f6r v\u00e4derf\u00f6rh\u00e5llandena. Det l\u00e4ttare Flash-tyget anv\u00e4nds p\u00e5 de andra panelerna p\u00e5 tightsen f\u00f6r att ge ventilation och fri r\u00f6relse medan den kvinnospecifika passformen ger komfort \u00e4ven under de l\u00e4ngsta l\u00f6prundorna. Dessa 210g-helt\u00e4ckande tights \u00e4r perfekta f\u00f6r vinterbestigningar och l\u00e4ngre dagar p\u00e5 berget.<\/p>\n","protected":false},"featured_media":151971,"template":"","meta":{"_acf_changed":false,"_et_pb_use_builder":"","_et_pb_old_content":"","_et_gb_content_width":""},"locations":[],"product_brand":[],"product_cat":[1276,1272,2603],"product_tag":[2358,2359,2360],"class_list":{"0":"post-187551","1":"product","2":"type-product","3":"status-publish","4":"has-post-thumbnail","6":"product_cat-byxor","7":"product_cat-klader","8":"product_cat-rea","9":"product_tag-omm-flash-tight-sv","10":"product_tag-winter-running-tight-sv","11":"product_tag-womens-tight-sv","12":"pa_color-lila","13":"pa_color-svart","14":"pa_colour-svart-lila","15":"pa_gender-womens-sv","16":"pa_size-stor-sv","17":"pa_size-medium-sv","18":"pa_size-sma","19":"pa_size-x-stor-sv","20":"pa_size-x-sma","21":"pa_weight-200-300g","23":"first","24":"instock","25":"taxable","26":"shipping-taxable","27":"purchasable","28":"product-type-variable","29":"has-default-attributes","30":"wvs-archive-product-wrapper"},"acf":[],"yoast_head":"<!-- This site is optimized with the Yoast SEO plugin v27.3 - https:\/\/yoast.com\/product\/yoast-seo-wordpress\/ -->\n<title>Flash Winter Tights (W) - OMM<\/title>\n<meta name=\"description\" content=\"The Flash Winter Tights (W), Colder Weather Tights With Body-Mapped Fleece Panels In A Women&#039;S Specific Fit. Thermal Panelling. Made For Winter Stash Pocket\" \/>\n<meta name=\"robots\" content=\"index, follow, max-snippet:-1, max-image-preview:large, max-video-preview:-1\" \/>\n<link rel=\"canonical\" href=\"https:\/\/theomm.com\/sv\/product\/flash-winter-tights-w\/\" \/>\n<meta property=\"og:locale\" content=\"sv_SE\" \/>\n<meta property=\"og:type\" content=\"article\" \/>\n<meta property=\"og:title\" content=\"Flash Winter Tights (W) - OMM\" \/>\n<meta property=\"og:description\" content=\"The Flash Winter Tights (W), Colder Weather Tights With Body-Mapped Fleece Panels In A Women&#039;S Specific Fit. Thermal Panelling. Made For Winter Stash Pocket\" \/>\n<meta property=\"og:url\" content=\"https:\/\/theomm.com\/sv\/product\/flash-winter-tights-w\/\" \/>\n<meta property=\"og:site_name\" content=\"OMM\" \/>\n<meta property=\"article:publisher\" content=\"https:\/\/www.facebook.com\/OMMrunning?_ga=2.203172945.1541616462.1665402953-280172632.1649426001\" \/>\n<meta property=\"article:modified_time\" content=\"2026-03-09T14:31:15+00:00\" \/>\n<meta property=\"og:image\" content=\"https:\/\/theomm.com\/wp-content\/uploads\/2022\/10\/OC115-Flash-Winter-Tight-W-Front.jpg\" \/>\n\t<meta property=\"og:image:width\" content=\"600\" \/>\n\t<meta property=\"og:image:height\" content=\"600\" \/>\n\t<meta property=\"og:image:type\" content=\"image\/jpeg\" \/>\n<meta name=\"twitter:card\" content=\"summary_large_image\" \/>\n<meta name=\"twitter:label1\" content=\"Ber\u00e4knad l\u00e4stid\" \/>\n\t<meta name=\"twitter:data1\" content=\"2 minutes\" \/>\n<script type=\"application\/ld+json\" class=\"yoast-schema-graph\">{\"@context\":\"https:\\\/\\\/schema.org\",\"@graph\":[{\"@type\":\"WebPage\",\"@id\":\"https:\\\/\\\/theomm.com\\\/sv\\\/product\\\/flash-winter-tights-w\\\/\",\"url\":\"https:\\\/\\\/theomm.com\\\/sv\\\/product\\\/flash-winter-tights-w\\\/\",\"name\":\"Flash Winter Tights (W) - OMM\",\"isPartOf\":{\"@id\":\"https:\\\/\\\/theomm.com\\\/#website\"},\"primaryImageOfPage\":{\"@id\":\"https:\\\/\\\/theomm.com\\\/sv\\\/product\\\/flash-winter-tights-w\\\/#primaryimage\"},\"image\":{\"@id\":\"https:\\\/\\\/theomm.com\\\/sv\\\/product\\\/flash-winter-tights-w\\\/#primaryimage\"},\"thumbnailUrl\":\"https:\\\/\\\/theomm.com\\\/wp-content\\\/uploads\\\/2022\\\/10\\\/OC115-Flash-Winter-Tight-W-Front.jpg\",\"datePublished\":\"2022-08-30T10:50:03+00:00\",\"dateModified\":\"2026-03-09T14:31:15+00:00\",\"description\":\"The Flash Winter Tights (W), Colder Weather Tights With Body-Mapped Fleece Panels In A Women'S Specific Fit. Thermal Panelling. Made For Winter Stash Pocket\",\"breadcrumb\":{\"@id\":\"https:\\\/\\\/theomm.com\\\/sv\\\/product\\\/flash-winter-tights-w\\\/#breadcrumb\"},\"inLanguage\":\"sv-SE\",\"potentialAction\":[{\"@type\":\"ReadAction\",\"target\":[\"https:\\\/\\\/theomm.com\\\/sv\\\/product\\\/flash-winter-tights-w\\\/\"]}]},{\"@type\":\"ImageObject\",\"inLanguage\":\"sv-SE\",\"@id\":\"https:\\\/\\\/theomm.com\\\/sv\\\/product\\\/flash-winter-tights-w\\\/#primaryimage\",\"url\":\"https:\\\/\\\/theomm.com\\\/wp-content\\\/uploads\\\/2022\\\/10\\\/OC115-Flash-Winter-Tight-W-Front.jpg\",\"contentUrl\":\"https:\\\/\\\/theomm.com\\\/wp-content\\\/uploads\\\/2022\\\/10\\\/OC115-Flash-Winter-Tight-W-Front.jpg\",\"width\":600,\"height\":600},{\"@type\":\"BreadcrumbList\",\"@id\":\"https:\\\/\\\/theomm.com\\\/sv\\\/product\\\/flash-winter-tights-w\\\/#breadcrumb\",\"itemListElement\":[{\"@type\":\"ListItem\",\"position\":1,\"name\":\"Home\",\"item\":\"https:\\\/\\\/theomm.com\\\/sv\\\/original-mountain-marathon\\\/\"},{\"@type\":\"ListItem\",\"position\":2,\"name\":\"Produkter\",\"item\":\"https:\\\/\\\/theomm.com\\\/sv\\\/original-mountain-marathon\\\/produkter\\\/\"},{\"@type\":\"ListItem\",\"position\":3,\"name\":\"Flash Winter Tights (W)\"}]},{\"@type\":\"WebSite\",\"@id\":\"https:\\\/\\\/theomm.com\\\/#website\",\"url\":\"https:\\\/\\\/theomm.com\\\/\",\"name\":\"OMM\",\"description\":\"OMM is Technical clothing and equipment made for running in the mountains. Designed to the specifications of Original Mountain Marathon.\",\"alternateName\":\"Original Mountain Marathon\",\"potentialAction\":[{\"@type\":\"SearchAction\",\"target\":{\"@type\":\"EntryPoint\",\"urlTemplate\":\"https:\\\/\\\/theomm.com\\\/?s={search_term_string}\"},\"query-input\":{\"@type\":\"PropertyValueSpecification\",\"valueRequired\":true,\"valueName\":\"search_term_string\"}}],\"inLanguage\":\"sv-SE\"}]}<\/script>\n<!-- \/ Yoast SEO plugin. -->","yoast_head_json":{"title":"Flash Winter Tights (W) - OMM","description":"The Flash Winter Tights (W), Colder Weather Tights With Body-Mapped Fleece Panels In A Women'S Specific Fit. Thermal Panelling. Made For Winter Stash Pocket","robots":{"index":"index","follow":"follow","max-snippet":"max-snippet:-1","max-image-preview":"max-image-preview:large","max-video-preview":"max-video-preview:-1"},"canonical":"https:\/\/theomm.com\/sv\/product\/flash-winter-tights-w\/","og_locale":"sv_SE","og_type":"article","og_title":"Flash Winter Tights (W) - OMM","og_description":"The Flash Winter Tights (W), Colder Weather Tights With Body-Mapped Fleece Panels In A Women'S Specific Fit. Thermal Panelling. Made For Winter Stash Pocket","og_url":"https:\/\/theomm.com\/sv\/product\/flash-winter-tights-w\/","og_site_name":"OMM","article_publisher":"https:\/\/www.facebook.com\/OMMrunning?_ga=2.203172945.1541616462.1665402953-280172632.1649426001","article_modified_time":"2026-03-09T14:31:15+00:00","og_image":[{"width":600,"height":600,"url":"https:\/\/theomm.com\/wp-content\/uploads\/2022\/10\/OC115-Flash-Winter-Tight-W-Front.jpg","type":"image\/jpeg"}],"twitter_card":"summary_large_image","twitter_misc":{"Ber\u00e4knad l\u00e4stid":"2 minutes"},"schema":{"@context":"https:\/\/schema.org","@graph":[{"@type":"WebPage","@id":"https:\/\/theomm.com\/sv\/product\/flash-winter-tights-w\/","url":"https:\/\/theomm.com\/sv\/product\/flash-winter-tights-w\/","name":"Flash Winter Tights (W) - OMM","isPartOf":{"@id":"https:\/\/theomm.com\/#website"},"primaryImageOfPage":{"@id":"https:\/\/theomm.com\/sv\/product\/flash-winter-tights-w\/#primaryimage"},"image":{"@id":"https:\/\/theomm.com\/sv\/product\/flash-winter-tights-w\/#primaryimage"},"thumbnailUrl":"https:\/\/theomm.com\/wp-content\/uploads\/2022\/10\/OC115-Flash-Winter-Tight-W-Front.jpg","datePublished":"2022-08-30T10:50:03+00:00","dateModified":"2026-03-09T14:31:15+00:00","description":"The Flash Winter Tights (W), Colder Weather Tights With Body-Mapped Fleece Panels In A Women'S Specific Fit. Thermal Panelling. Made For Winter Stash Pocket","breadcrumb":{"@id":"https:\/\/theomm.com\/sv\/product\/flash-winter-tights-w\/#breadcrumb"},"inLanguage":"sv-SE","potentialAction":[{"@type":"ReadAction","target":["https:\/\/theomm.com\/sv\/product\/flash-winter-tights-w\/"]}]},{"@type":"ImageObject","inLanguage":"sv-SE","@id":"https:\/\/theomm.com\/sv\/product\/flash-winter-tights-w\/#primaryimage","url":"https:\/\/theomm.com\/wp-content\/uploads\/2022\/10\/OC115-Flash-Winter-Tight-W-Front.jpg","contentUrl":"https:\/\/theomm.com\/wp-content\/uploads\/2022\/10\/OC115-Flash-Winter-Tight-W-Front.jpg","width":600,"height":600},{"@type":"BreadcrumbList","@id":"https:\/\/theomm.com\/sv\/product\/flash-winter-tights-w\/#breadcrumb","itemListElement":[{"@type":"ListItem","position":1,"name":"Home","item":"https:\/\/theomm.com\/sv\/original-mountain-marathon\/"},{"@type":"ListItem","position":2,"name":"Produkter","item":"https:\/\/theomm.com\/sv\/original-mountain-marathon\/produkter\/"},{"@type":"ListItem","position":3,"name":"Flash Winter Tights (W)"}]},{"@type":"WebSite","@id":"https:\/\/theomm.com\/#website","url":"https:\/\/theomm.com\/","name":"OMM","description":"OMM is Technical clothing and equipment made for running in the mountains. Designed to the specifications of Original Mountain Marathon.","alternateName":"Original Mountain Marathon","potentialAction":[{"@type":"SearchAction","target":{"@type":"EntryPoint","urlTemplate":"https:\/\/theomm.com\/?s={search_term_string}"},"query-input":{"@type":"PropertyValueSpecification","valueRequired":true,"valueName":"search_term_string"}}],"inLanguage":"sv-SE"}]}},"_links":{"self":[{"href":"https:\/\/theomm.com\/sv\/wp-json\/wp\/v2\/product\/187551","targetHints":{"allow":["GET"]}}],"collection":[{"href":"https:\/\/theomm.com\/sv\/wp-json\/wp\/v2\/product"}],"about":[{"href":"https:\/\/theomm.com\/sv\/wp-json\/wp\/v2\/types\/product"}],"wp:featuredmedia":[{"embeddable":true,"href":"https:\/\/theomm.com\/sv\/wp-json\/wp\/v2\/media\/151971"}],"wp:attachment":[{"href":"https:\/\/theomm.com\/sv\/wp-json\/wp\/v2\/media?parent=187551"}],"wp:term":[{"taxonomy":"locations","embeddable":true,"href":"https:\/\/theomm.com\/sv\/wp-json\/wp\/v2\/locations?post=187551"},{"taxonomy":"product_brand","embeddable":true,"href":"https:\/\/theomm.com\/sv\/wp-json\/wp\/v2\/product_brand?post=187551"},{"taxonomy":"product_cat","embeddable":true,"href":"https:\/\/theomm.com\/sv\/wp-json\/wp\/v2\/product_cat?post=187551"},{"taxonomy":"product_tag","embeddable":true,"href":"https:\/\/theomm.com\/sv\/wp-json\/wp\/v2\/product_tag?post=187551"}],"curies":[{"name":"wp","href":"https:\/\/api.w.org\/{rel}","templated":true}]}}