{"id":187558,"date":"2021-09-16T10:50:03","date_gmt":"2021-09-16T10:50:03","guid":{"rendered":"https:\/\/theomm.com\/product\/kamleika-skirt\/"},"modified":"2026-03-09T14:31:49","modified_gmt":"2026-03-09T14:31:49","slug":"kamleika-skirt","status":"publish","type":"product","link":"https:\/\/theomm.com\/sv\/product\/kamleika-skirt\/","title":{"rendered":"Kamleika Skirt"},"content":{"rendered":"<p>Kamleika Skirt &#8211; Med v\u00e5r popul\u00e4ra mjuka och stretchiga Kamleika-tyg f\u00f6rl\u00e4nger Kamleika Skirt den vattent\u00e4ta skyddet f\u00f6r ditt kl\u00e4dsystem vid d\u00e5ligt v\u00e4der utan begr\u00e4nsning eller reducerad andningsf\u00f6rm\u00e5ga hos ett komplett regn\u00f6verdrag. O\u00f6vertr\u00e4ffad r\u00f6relsefrihet, andningsf\u00f6rm\u00e5ga, l\u00e5g vikt och packstorlek g\u00f6r detta till ett enkelt val att b\u00e4ra inf\u00f6r os\u00e4kra prognoser. Kamleika Skirt \u00e4r designad att b\u00e4ras \u00f6ver dina vanliga shorts eller l\u00f6partights och kan enkelt stuvas bort n\u00e4r v\u00e4dret f\u00f6rb\u00e4ttras, medan midjan med omslagskonstruktion g\u00f6r montering och storleksanpassning snabb och enkel. VATTENT\u00c4T \u00d6VERKJOL &#8211; Designad att b\u00e4ras \u00f6ver dina vanliga tights eller shorts f\u00f6rl\u00e4nger Kamleika Skirt det vattent\u00e4ta skyddet fr\u00e5n din jacka, vilket leder bort vattnet fr\u00e5n viktiga r\u00f6relseomr\u00e5den. JUSTERBAR OMSLAGSKONSTRUKTION &#8211; Enkel omslagskonstruktion g\u00f6r det m\u00f6jligt f\u00f6r anv\u00e4ndare att ta p\u00e5 och av plagget enkelt efter v\u00e4derf\u00f6rh\u00e5llandena. Designen m\u00f6jligg\u00f6r ocks\u00e5 en bra passform \u00f6ver ett spektrum av kroppsstorlekar. L\u00c4TT &amp; PAKKBAR &#8211; Det mjuka och stretchiga Kamleika-tyget \u00e4r ocks\u00e5 otroligt l\u00e4tt och l\u00e4tt att packa, vilket g\u00f6r att de enkelt kan stuvas undan n\u00e4r regnet slutar. Slimline-tejpade s\u00f6mmar Kamleika 4-v\u00e4gs stretch Helt vattent\u00e4t Reflekterande trycklogotyper Justerbar midja Mjukt tyst tyg L\u00e4ttviktig och ventilerande F\u00e4rger: M\u00f6rkgr\u00e5, Marinbl\u00e5, Gul Tyg: Kamleika (stretch Nylon) Vikt: 85g Storlekar: S-M \/ L-XL<\/p>\n<p>V\u00e5r l\u00e4ttviktiga kl\u00e4der och utrustning \u00e4r specifikt utformade f\u00f6r behoven hos bergs l\u00f6pare, med specifikationer h\u00e4mtade direkt fr\u00e5n erfarenheterna p\u00e5 Original Mountain Marathon.<\/p>\n<p>En 2-dagars resa genom n\u00e5gra av Storbritanniens tuffaste terr\u00e4ng, h\u00e5lls i slutet av varje oktober sedan 1968, f\u00f6r att s\u00e4kerst\u00e4lla utmanande v\u00e4derf\u00f6rh\u00e5llanden. En test av bergshantverk och uth\u00e5llighet, &#8216;The OMM&#8217;, erk\u00e4nns som guldstandarden inom bergsutmaningar.<\/p>\n<p>Kraven p\u00e5 evenemanget forts\u00e4tter att informera designen och funktionerna hos v\u00e5ra kl\u00e4der, vilket i sin tur anv\u00e4nds i n\u00e5gra av v\u00e4rldens tuffaste evenemang och h\u00e5rdaste utmaningar.<\/p>\n<p>Som betrodd av bergsatleter och proffs i \u00e5rtionden \u00e4r OMM-sortimentet den perfekta f\u00f6ljeslagaren f\u00f6r ditt n\u00e4sta \u00e4ventyr.<\/p>\n","protected":false},"excerpt":{"rendered":"<p>Med v\u00e5rt popul\u00e4ra mjuka och stretchiga Kamleika-tyg f\u00f6rl\u00e4nger Kamleika Skirt det vattent\u00e4ta skyddet f\u00f6r ditt kl\u00e4dsystem vid d\u00e5ligt v\u00e4der utan begr\u00e4nsning eller reducerad andningsf\u00f6rm\u00e5ga hos ett komplett regn\u00f6verdrag. O\u00f6vertr\u00e4ffad r\u00f6relsefrihet, andningsf\u00f6rm\u00e5ga, l\u00e5g vikt och packstorlek g\u00f6r detta till ett enkelt val att b\u00e4ra inf\u00f6r os\u00e4kra prognoser. Kamleika Skirt \u00e4r designad att b\u00e4ras \u00f6ver dina vanliga shorts eller l\u00f6partights och kan enkelt stuvas bort n\u00e4r v\u00e4dret f\u00f6rb\u00e4ttras, medan midjan med omslagskonstruktion g\u00f6r montering och storleksanpassning snabb och enkel.<\/p>\n","protected":false},"featured_media":152869,"template":"","meta":{"_acf_changed":false,"_et_pb_use_builder":"","_et_pb_old_content":"","_et_gb_content_width":""},"locations":[],"product_brand":[],"product_cat":[1276,1446,1272,2603,1278],"product_tag":[],"class_list":{"0":"post-187558","1":"product","2":"type-product","3":"status-publish","4":"has-post-thumbnail","6":"product_cat-byxor","7":"product_cat-kamleika-sv","8":"product_cat-klader","9":"product_cat-rea","10":"product_cat-yttre-lager","11":"pa_color-gra-sv","12":"pa_color-gul-sv","13":"pa_color-navy-sv","14":"pa_colour-gra-sv","15":"pa_colour-gul-sv","16":"pa_colour-navy-sv","17":"pa_gender-womens-sv","18":"pa_size-reylr","19":"pa_size-x-sma","21":"first","22":"instock","23":"taxable","24":"shipping-taxable","25":"purchasable","26":"product-type-variable","27":"wvs-archive-product-wrapper"},"acf":[],"yoast_head":"<!-- This site is optimized with the Yoast SEO plugin v27.3 - https:\/\/yoast.com\/product\/yoast-seo-wordpress\/ -->\n<title>Kamleika Skirt - OMM<\/title>\n<meta name=\"description\" content=\"The Kamleika Skirt, Waterproof Overskirt. Adjustable Wrap Construction Light &amp; Packable. Quick Way to Cover your Legs When the Weather Turns\" \/>\n<meta name=\"robots\" content=\"index, follow, max-snippet:-1, max-image-preview:large, max-video-preview:-1\" \/>\n<link rel=\"canonical\" href=\"https:\/\/theomm.com\/sv\/product\/kamleika-skirt\/\" \/>\n<meta property=\"og:locale\" content=\"sv_SE\" \/>\n<meta property=\"og:type\" content=\"article\" \/>\n<meta property=\"og:title\" content=\"Kamleika Skirt - OMM\" \/>\n<meta property=\"og:description\" content=\"The Kamleika Skirt, Waterproof Overskirt. Adjustable Wrap Construction Light &amp; Packable. Quick Way to Cover your Legs When the Weather Turns\" \/>\n<meta property=\"og:url\" content=\"https:\/\/theomm.com\/sv\/product\/kamleika-skirt\/\" \/>\n<meta property=\"og:site_name\" content=\"OMM\" \/>\n<meta property=\"article:publisher\" content=\"https:\/\/www.facebook.com\/OMMrunning?_ga=2.203172945.1541616462.1665402953-280172632.1649426001\" \/>\n<meta property=\"article:modified_time\" content=\"2026-03-09T14:31:49+00:00\" \/>\n<meta property=\"og:image\" content=\"https:\/\/theomm.com\/wp-content\/uploads\/2022\/10\/NAVY_SKIRT_FRONT.jpg\" \/>\n\t<meta property=\"og:image:width\" content=\"600\" \/>\n\t<meta property=\"og:image:height\" content=\"600\" \/>\n\t<meta property=\"og:image:type\" content=\"image\/jpeg\" \/>\n<meta name=\"twitter:card\" content=\"summary_large_image\" \/>\n<meta name=\"twitter:label1\" content=\"Ber\u00e4knad l\u00e4stid\" \/>\n\t<meta name=\"twitter:data1\" content=\"2 minutes\" \/>\n<script type=\"application\/ld+json\" class=\"yoast-schema-graph\">{\"@context\":\"https:\\\/\\\/schema.org\",\"@graph\":[{\"@type\":\"WebPage\",\"@id\":\"https:\\\/\\\/theomm.com\\\/sv\\\/product\\\/kamleika-skirt\\\/\",\"url\":\"https:\\\/\\\/theomm.com\\\/sv\\\/product\\\/kamleika-skirt\\\/\",\"name\":\"Kamleika Skirt - OMM\",\"isPartOf\":{\"@id\":\"https:\\\/\\\/theomm.com\\\/#website\"},\"primaryImageOfPage\":{\"@id\":\"https:\\\/\\\/theomm.com\\\/sv\\\/product\\\/kamleika-skirt\\\/#primaryimage\"},\"image\":{\"@id\":\"https:\\\/\\\/theomm.com\\\/sv\\\/product\\\/kamleika-skirt\\\/#primaryimage\"},\"thumbnailUrl\":\"https:\\\/\\\/theomm.com\\\/wp-content\\\/uploads\\\/2022\\\/10\\\/NAVY_SKIRT_FRONT.jpg\",\"datePublished\":\"2021-09-16T10:50:03+00:00\",\"dateModified\":\"2026-03-09T14:31:49+00:00\",\"description\":\"The Kamleika Skirt, Waterproof Overskirt. Adjustable Wrap Construction Light & Packable. Quick Way to Cover your Legs When the Weather Turns\",\"breadcrumb\":{\"@id\":\"https:\\\/\\\/theomm.com\\\/sv\\\/product\\\/kamleika-skirt\\\/#breadcrumb\"},\"inLanguage\":\"sv-SE\",\"potentialAction\":[{\"@type\":\"ReadAction\",\"target\":[\"https:\\\/\\\/theomm.com\\\/sv\\\/product\\\/kamleika-skirt\\\/\"]}]},{\"@type\":\"ImageObject\",\"inLanguage\":\"sv-SE\",\"@id\":\"https:\\\/\\\/theomm.com\\\/sv\\\/product\\\/kamleika-skirt\\\/#primaryimage\",\"url\":\"https:\\\/\\\/theomm.com\\\/wp-content\\\/uploads\\\/2022\\\/10\\\/NAVY_SKIRT_FRONT.jpg\",\"contentUrl\":\"https:\\\/\\\/theomm.com\\\/wp-content\\\/uploads\\\/2022\\\/10\\\/NAVY_SKIRT_FRONT.jpg\",\"width\":600,\"height\":600},{\"@type\":\"BreadcrumbList\",\"@id\":\"https:\\\/\\\/theomm.com\\\/sv\\\/product\\\/kamleika-skirt\\\/#breadcrumb\",\"itemListElement\":[{\"@type\":\"ListItem\",\"position\":1,\"name\":\"Home\",\"item\":\"https:\\\/\\\/theomm.com\\\/sv\\\/original-mountain-marathon\\\/\"},{\"@type\":\"ListItem\",\"position\":2,\"name\":\"Produkter\",\"item\":\"https:\\\/\\\/theomm.com\\\/sv\\\/original-mountain-marathon\\\/produkter\\\/\"},{\"@type\":\"ListItem\",\"position\":3,\"name\":\"Kamleika Skirt\"}]},{\"@type\":\"WebSite\",\"@id\":\"https:\\\/\\\/theomm.com\\\/#website\",\"url\":\"https:\\\/\\\/theomm.com\\\/\",\"name\":\"OMM\",\"description\":\"OMM is Technical clothing and equipment made for running in the mountains. Designed to the specifications of Original Mountain Marathon.\",\"alternateName\":\"Original Mountain Marathon\",\"potentialAction\":[{\"@type\":\"SearchAction\",\"target\":{\"@type\":\"EntryPoint\",\"urlTemplate\":\"https:\\\/\\\/theomm.com\\\/?s={search_term_string}\"},\"query-input\":{\"@type\":\"PropertyValueSpecification\",\"valueRequired\":true,\"valueName\":\"search_term_string\"}}],\"inLanguage\":\"sv-SE\"}]}<\/script>\n<!-- \/ Yoast SEO plugin. -->","yoast_head_json":{"title":"Kamleika Skirt - OMM","description":"The Kamleika Skirt, Waterproof Overskirt. Adjustable Wrap Construction Light & Packable. Quick Way to Cover your Legs When the Weather Turns","robots":{"index":"index","follow":"follow","max-snippet":"max-snippet:-1","max-image-preview":"max-image-preview:large","max-video-preview":"max-video-preview:-1"},"canonical":"https:\/\/theomm.com\/sv\/product\/kamleika-skirt\/","og_locale":"sv_SE","og_type":"article","og_title":"Kamleika Skirt - OMM","og_description":"The Kamleika Skirt, Waterproof Overskirt. Adjustable Wrap Construction Light & Packable. Quick Way to Cover your Legs When the Weather Turns","og_url":"https:\/\/theomm.com\/sv\/product\/kamleika-skirt\/","og_site_name":"OMM","article_publisher":"https:\/\/www.facebook.com\/OMMrunning?_ga=2.203172945.1541616462.1665402953-280172632.1649426001","article_modified_time":"2026-03-09T14:31:49+00:00","og_image":[{"width":600,"height":600,"url":"https:\/\/theomm.com\/wp-content\/uploads\/2022\/10\/NAVY_SKIRT_FRONT.jpg","type":"image\/jpeg"}],"twitter_card":"summary_large_image","twitter_misc":{"Ber\u00e4knad l\u00e4stid":"2 minutes"},"schema":{"@context":"https:\/\/schema.org","@graph":[{"@type":"WebPage","@id":"https:\/\/theomm.com\/sv\/product\/kamleika-skirt\/","url":"https:\/\/theomm.com\/sv\/product\/kamleika-skirt\/","name":"Kamleika Skirt - OMM","isPartOf":{"@id":"https:\/\/theomm.com\/#website"},"primaryImageOfPage":{"@id":"https:\/\/theomm.com\/sv\/product\/kamleika-skirt\/#primaryimage"},"image":{"@id":"https:\/\/theomm.com\/sv\/product\/kamleika-skirt\/#primaryimage"},"thumbnailUrl":"https:\/\/theomm.com\/wp-content\/uploads\/2022\/10\/NAVY_SKIRT_FRONT.jpg","datePublished":"2021-09-16T10:50:03+00:00","dateModified":"2026-03-09T14:31:49+00:00","description":"The Kamleika Skirt, Waterproof Overskirt. Adjustable Wrap Construction Light & Packable. Quick Way to Cover your Legs When the Weather Turns","breadcrumb":{"@id":"https:\/\/theomm.com\/sv\/product\/kamleika-skirt\/#breadcrumb"},"inLanguage":"sv-SE","potentialAction":[{"@type":"ReadAction","target":["https:\/\/theomm.com\/sv\/product\/kamleika-skirt\/"]}]},{"@type":"ImageObject","inLanguage":"sv-SE","@id":"https:\/\/theomm.com\/sv\/product\/kamleika-skirt\/#primaryimage","url":"https:\/\/theomm.com\/wp-content\/uploads\/2022\/10\/NAVY_SKIRT_FRONT.jpg","contentUrl":"https:\/\/theomm.com\/wp-content\/uploads\/2022\/10\/NAVY_SKIRT_FRONT.jpg","width":600,"height":600},{"@type":"BreadcrumbList","@id":"https:\/\/theomm.com\/sv\/product\/kamleika-skirt\/#breadcrumb","itemListElement":[{"@type":"ListItem","position":1,"name":"Home","item":"https:\/\/theomm.com\/sv\/original-mountain-marathon\/"},{"@type":"ListItem","position":2,"name":"Produkter","item":"https:\/\/theomm.com\/sv\/original-mountain-marathon\/produkter\/"},{"@type":"ListItem","position":3,"name":"Kamleika Skirt"}]},{"@type":"WebSite","@id":"https:\/\/theomm.com\/#website","url":"https:\/\/theomm.com\/","name":"OMM","description":"OMM is Technical clothing and equipment made for running in the mountains. Designed to the specifications of Original Mountain Marathon.","alternateName":"Original Mountain Marathon","potentialAction":[{"@type":"SearchAction","target":{"@type":"EntryPoint","urlTemplate":"https:\/\/theomm.com\/?s={search_term_string}"},"query-input":{"@type":"PropertyValueSpecification","valueRequired":true,"valueName":"search_term_string"}}],"inLanguage":"sv-SE"}]}},"_links":{"self":[{"href":"https:\/\/theomm.com\/sv\/wp-json\/wp\/v2\/product\/187558","targetHints":{"allow":["GET"]}}],"collection":[{"href":"https:\/\/theomm.com\/sv\/wp-json\/wp\/v2\/product"}],"about":[{"href":"https:\/\/theomm.com\/sv\/wp-json\/wp\/v2\/types\/product"}],"wp:featuredmedia":[{"embeddable":true,"href":"https:\/\/theomm.com\/sv\/wp-json\/wp\/v2\/media\/152869"}],"wp:attachment":[{"href":"https:\/\/theomm.com\/sv\/wp-json\/wp\/v2\/media?parent=187558"}],"wp:term":[{"taxonomy":"locations","embeddable":true,"href":"https:\/\/theomm.com\/sv\/wp-json\/wp\/v2\/locations?post=187558"},{"taxonomy":"product_brand","embeddable":true,"href":"https:\/\/theomm.com\/sv\/wp-json\/wp\/v2\/product_brand?post=187558"},{"taxonomy":"product_cat","embeddable":true,"href":"https:\/\/theomm.com\/sv\/wp-json\/wp\/v2\/product_cat?post=187558"},{"taxonomy":"product_tag","embeddable":true,"href":"https:\/\/theomm.com\/sv\/wp-json\/wp\/v2\/product_tag?post=187558"}],"curies":[{"name":"wp","href":"https:\/\/api.w.org\/{rel}","templated":true}]}}