{"id":187826,"date":"2020-09-16T10:47:31","date_gmt":"2020-09-16T10:47:31","guid":{"rendered":"https:\/\/theomm.com\/product\/core-vest\/"},"modified":"2025-09-10T17:04:15","modified_gmt":"2025-09-10T17:04:15","slug":"core-vest","status":"publish","type":"product","link":"https:\/\/theomm.com\/sv\/product\/core-vest\/","title":{"rendered":"Core Vest"},"content":{"rendered":"<p>Core Vest &#8211; En nyhet inom aktiv isolering, OMM Core-serien \u00e4r tillverkad helt av PrimaLoft\u00ae ACTIVE ultral\u00e4tt isoleringsmaterial. Byggd fr\u00e5n en syntetisk plym v\u00e4vd genom ett stickat n\u00e4t, ger Core v\u00e4rmen av en fleece men till mindre \u00e4n h\u00e4lften av vikten. Tillsammans med ett skal \u00e4r Core en otroligt effektiv isolator men tack vare n\u00e4stan total luftgenomsl\u00e4pplighet kan den l\u00e4ttaste brisen ta bort v\u00e4rmen. Detta g\u00f6r att du kan beh\u00e5lla ditt Core-lager p\u00e5 \u00e4ven n\u00e4r du har blivit varm och du kan termoreglera genom att ta bort eller \u00f6ppna skalet (t.ex. Sonic windproof p\u00e5 49g). En \u00e4kta dal till topp-plagg. Core fungerar b\u00e5de v\u00e5tt och torrt med otroliga fukttransporterande egenskaper f\u00f6r att s\u00e4kerst\u00e4lla att du inte f\u00f6rblir bl\u00f6t l\u00e4nge.<\/p>\n<p>B\u00e4r Core Vest som ett supervarmt f\u00f6rsta lager under de kallaste evenemangen och utmaningarna fr\u00e5n OMM till Spine och Yukon Ultra, eller dra p\u00e5 det som ett isolerande mellanlager.<\/p>\n<p>Core Vest anv\u00e4nder det l\u00e4ttaste vikten 75g\/m2 PrimaLoft\u00ae ACTIVE Isolerande Tygteknologi, den l\u00e4ttare versionen av 125g\/m2 PrimaLoft\u00ae Active-tyget som anv\u00e4nds i Core Jacket och Core+ Hoodie ULTRAL\u00c4TT LUFTGENOMTR\u00c4NGBAR PRIMALOFT\u00ae-ISOLERING ANPASSNINGSBAR ISOLERING PrimaLoft\u00ae ACTIVE Isolerande Tyg v\u00e4ver PrimaLoft\u00ae-fibrer p\u00e5 ett n\u00e4t, vilket ger en superh\u00f6g volym och \u00f6ppen struktur. Tyger isolerar genom att f\u00e5nga luftfickor som anv\u00e4ndarens v\u00e4rme inte kan passera igenom. Core-strukturen \u00e4r exceptionell p\u00e5 att skapa dessa fickor. Dock till\u00e5ter \u00f6ppenheten ocks\u00e5 en l\u00e4tt bris att st\u00f6ra dessa luftfickor och ta bort isoleringseffekten. Core utnyttjar detta till sin f\u00f6rdel; s\u00e4tt p\u00e5 ett l\u00e4tt skal ovanp\u00e5 f\u00f6r b\u00e4sta m\u00f6jliga v\u00e4rme-till-vikt-lager och n\u00e4r du blir f\u00f6r varm justerar eller tar du bara bort skalet och du kan forts\u00e4tta upp mot toppen utan ett skrymmande lager att packa ner. HALVA VIKTEN &amp; PACKSTORLEKEN Ett enda n\u00e4tmaterial h\u00e5ller isoleringsplummen p\u00e5 plats, vilket minskar behovet av extra tygskikt och halverar vikten och packstorleken. FINAST KVALITET SYNTETISK ISOLERING P\u00e5 OMM v\u00e4ljer vi alltid syntetisk isolering framf\u00f6r dun f\u00f6r att vara s\u00e4kra p\u00e5 att vi kan h\u00e5lla oss varma \u00e4ven n\u00e4r allt \u00e4r bl\u00f6tt. Vi anser att PrimaLoft\u00ae tillverkar den b\u00e4sta syntetiska isoleringen och d\u00e4rf\u00f6r \u00e4r det ett enkelt val f\u00f6r oss. PrimaLoft\u00ae ACTIVE anv\u00e4nder 58% \u00e5tervunnet material fr\u00e5n konsumenter och \u00e4r ocks\u00e5 godk\u00e4nt av bluesign och Oeke-Tex. Forts\u00e4tter att isolera \u00e4ven om det \u00e4r bl\u00f6tt Flatlock-s\u00f6mmar placerade bort fr\u00e5n axlarna Mjukt upprullad krage Reflekterande logotyp F\u00e4rger: Orange, Bl\u00e5, Svart Material: PrimaLoft\u00ae ACTIVE 75g\/m2 Vikt: 72g Storlekar: XS \/ S \/ M \/ L \/ XL<\/p>\n","protected":false},"excerpt":{"rendered":"<div class=\"flex flex-grow flex-col max-w-full\">\n<div class=\"min-h-[20px] text-message flex flex-col items-start whitespace-pre-wrap break-words [.text-message+&amp;]:mt-5 juice:w-full juice:items-end overflow-x-auto gap-2\" dir=\"auto\" data-message-author-role=\"assistant\" data-message-id=\"e6e56195-a106-48ca-b9be-e5b447e9d5d2\">\n<div class=\"flex w-full flex-col gap-1 juice:empty:hidden juice:first:pt-[3px]\">\n<div class=\"markdown prose w-full break-words dark:prose-invert light\">\n<p>En nytt koncept inom aktiv isolering, OMM Core-serien \u00e4r tillverkad helt av PrimaLoft\u00ae ACTIVE ultral\u00e4tt isoleringsmaterial. Byggd fr\u00e5n en syntetisk plym v\u00e4vd genom ett stickat n\u00e4t, ger Core v\u00e4rmen av en fleece men till mindre \u00e4n h\u00e4lften av vikten. Tillsammans med ett skal \u00e4r Core en otroligt effektiv isolator men tack vare n\u00e4stan total luftgenomsl\u00e4pplighet kan den l\u00e4ttaste brisen ta bort v\u00e4rmen. Detta g\u00f6r att du kan beh\u00e5lla ditt Core-lager p\u00e5 \u00e4ven n\u00e4r du har blivit varm och du kan termoreglera genom att ta bort eller \u00f6ppna skalet (t.ex. Sonic windproof p\u00e5 49g). En sann dal till topp-plagg. Core fungerar b\u00e5de v\u00e5tt och torrt med otroliga fukttransporterande egenskaper f\u00f6r att s\u00e4kerst\u00e4lla att du inte f\u00f6rblir bl\u00f6t l\u00e4nge.<\/p>\n<p>B\u00e4r Core Vest som ett supervarmt f\u00f6rsta lager under de kallaste evenemangen och utmaningarna fr\u00e5n OMM till Spine och Yukon Ultra, eller dra p\u00e5 det som ett isolerande mellanlager.<\/p>\n<p>Core Vest anv\u00e4nder det l\u00e4ttaste vikten 75g\/m2 PrimaLoft\u00ae ACTIVE Isolerande Tygteknologi, den l\u00e4ttare versionen av 125g\/m2 PrimaLoft\u00ae Active-tyget som anv\u00e4nds i Core Jacket och Core+ Hoodie.<\/p>\n<\/div>\n<\/div>\n<\/div>\n<\/div>\n<div class=\"mt-1 flex gap-3 empty:hidden juice:-ml-3\">\n<div class=\"items-center justify-start rounded-xl p-1 flex\">\n<div class=\"flex items-center\"><button class=\"rounded-lg text-token-text-secondary hover:bg-token-main-surface-secondary\"><\/button><button class=\"rounded-lg text-token-text-secondary hover:bg-token-main-surface-secondary\"><\/button><\/p>\n<div class=\"flex\">\u00a0<\/div>\n<div class=\"flex items-center pb-0.5 juice:pb-0\">\u00a0<\/div>\n<\/div>\n<\/div>\n<\/div>\n","protected":false},"featured_media":152549,"template":"","meta":{"_acf_changed":false,"_et_pb_use_builder":"","_et_pb_old_content":"","_et_gb_content_width":""},"locations":[1195,1196],"product_brand":[],"product_cat":[1279,1272,1277],"product_tag":[2421,2422,2420,2419],"class_list":{"0":"post-187826","1":"product","2":"type-product","3":"status-publish","4":"has-post-thumbnail","6":"locations-eu","7":"locations-uk","8":"product_cat-core-sv","9":"product_cat-klader","10":"product_cat-mellanlager","11":"product_tag-gilet-sv","12":"product_tag-insulated-gillet-sv","13":"product_tag-omm-core-vest-sv","14":"product_tag-thermal-running-vest-sv","15":"pa_color-bla-sv","16":"pa_color-orange-sv","17":"pa_color-svart","18":"pa_colour-bla-sv","19":"pa_colour-orange-sv","20":"pa_colour-svart","21":"pa_gender-mens-sv","22":"pa_size-stor-sv","23":"pa_size-medium-sv","24":"pa_size-sma","25":"pa_size-x-stor-sv","26":"pa_size-x-sma","27":"pa_technology-primaloft-active","28":"pa_weight-50-100g","30":"first","31":"instock","32":"taxable","33":"shipping-taxable","34":"purchasable","35":"product-type-variable","36":"wvs-archive-product-wrapper"},"acf":[],"yoast_head":"<!-- This site is optimized with the Yoast SEO plugin v27.3 - https:\/\/yoast.com\/product\/yoast-seo-wordpress\/ -->\n<title>Core Vest - OMM<\/title>\n<meta name=\"description\" content=\"The Core Vest, Ultralight Air-Permeable Primaloft\u00ae Insulation. Adaptable Insulation. Half The Weight &amp; Pack Size Finest Quality Synthetic Insulation\" \/>\n<meta name=\"robots\" content=\"index, follow, max-snippet:-1, max-image-preview:large, max-video-preview:-1\" \/>\n<link rel=\"canonical\" href=\"https:\/\/theomm.com\/product\/core-vest\/\" \/>\n<meta property=\"og:locale\" content=\"sv_SE\" \/>\n<meta property=\"og:type\" content=\"article\" \/>\n<meta property=\"og:title\" content=\"Core Vest - OMM\" \/>\n<meta property=\"og:description\" content=\"The Core Vest, Ultralight Air-Permeable Primaloft\u00ae Insulation. Adaptable Insulation. Half The Weight &amp; Pack Size Finest Quality Synthetic Insulation\" \/>\n<meta property=\"og:url\" content=\"https:\/\/theomm.com\/product\/core-vest\/\" \/>\n<meta property=\"og:site_name\" content=\"OMM\" \/>\n<meta property=\"article:publisher\" content=\"https:\/\/www.facebook.com\/OMMrunning?_ga=2.203172945.1541616462.1665402953-280172632.1649426001\" \/>\n<meta property=\"article:modified_time\" content=\"2025-09-10T17:04:15+00:00\" \/>\n<meta property=\"og:image\" content=\"https:\/\/theomm.com\/wp-content\/uploads\/2022\/10\/OC153_Core_Vest_Blue_Front.jpg\" \/>\n\t<meta property=\"og:image:width\" content=\"600\" \/>\n\t<meta property=\"og:image:height\" content=\"600\" \/>\n\t<meta property=\"og:image:type\" content=\"image\/jpeg\" \/>\n<meta name=\"twitter:card\" content=\"summary_large_image\" \/>\n<meta name=\"twitter:label1\" content=\"Ber\u00e4knad l\u00e4stid\" \/>\n\t<meta name=\"twitter:data1\" content=\"2 minutes\" \/>\n<script type=\"application\/ld+json\" class=\"yoast-schema-graph\">{\"@context\":\"https:\\\/\\\/schema.org\",\"@graph\":[{\"@type\":\"WebPage\",\"@id\":\"https:\\\/\\\/theomm.com\\\/product\\\/core-vest\\\/\",\"url\":\"https:\\\/\\\/theomm.com\\\/product\\\/core-vest\\\/\",\"name\":\"Core Vest - OMM\",\"isPartOf\":{\"@id\":\"https:\\\/\\\/theomm.com\\\/#website\"},\"primaryImageOfPage\":{\"@id\":\"https:\\\/\\\/theomm.com\\\/product\\\/core-vest\\\/#primaryimage\"},\"image\":{\"@id\":\"https:\\\/\\\/theomm.com\\\/product\\\/core-vest\\\/#primaryimage\"},\"thumbnailUrl\":\"https:\\\/\\\/theomm.com\\\/wp-content\\\/uploads\\\/2022\\\/10\\\/OC153_Core_Vest_Blue_Front.jpg\",\"datePublished\":\"2020-09-16T10:47:31+00:00\",\"dateModified\":\"2025-09-10T17:04:15+00:00\",\"description\":\"The Core Vest, Ultralight Air-Permeable Primaloft\u00ae Insulation. Adaptable Insulation. Half The Weight & Pack Size Finest Quality Synthetic Insulation\",\"breadcrumb\":{\"@id\":\"https:\\\/\\\/theomm.com\\\/product\\\/core-vest\\\/#breadcrumb\"},\"inLanguage\":\"sv-SE\",\"potentialAction\":[{\"@type\":\"ReadAction\",\"target\":[\"https:\\\/\\\/theomm.com\\\/product\\\/core-vest\\\/\"]}]},{\"@type\":\"ImageObject\",\"inLanguage\":\"sv-SE\",\"@id\":\"https:\\\/\\\/theomm.com\\\/product\\\/core-vest\\\/#primaryimage\",\"url\":\"https:\\\/\\\/theomm.com\\\/wp-content\\\/uploads\\\/2022\\\/10\\\/OC153_Core_Vest_Blue_Front.jpg\",\"contentUrl\":\"https:\\\/\\\/theomm.com\\\/wp-content\\\/uploads\\\/2022\\\/10\\\/OC153_Core_Vest_Blue_Front.jpg\",\"width\":600,\"height\":600},{\"@type\":\"BreadcrumbList\",\"@id\":\"https:\\\/\\\/theomm.com\\\/product\\\/core-vest\\\/#breadcrumb\",\"itemListElement\":[{\"@type\":\"ListItem\",\"position\":1,\"name\":\"Home\",\"item\":\"https:\\\/\\\/theomm.com\\\/sv\\\/original-mountain-marathon\\\/\"},{\"@type\":\"ListItem\",\"position\":2,\"name\":\"Produkter\",\"item\":\"https:\\\/\\\/theomm.com\\\/sv\\\/original-mountain-marathon\\\/produkter\\\/\"},{\"@type\":\"ListItem\",\"position\":3,\"name\":\"Core Vest\"}]},{\"@type\":\"WebSite\",\"@id\":\"https:\\\/\\\/theomm.com\\\/#website\",\"url\":\"https:\\\/\\\/theomm.com\\\/\",\"name\":\"OMM\",\"description\":\"OMM is Technical clothing and equipment made for running in the mountains. Designed to the specifications of Original Mountain Marathon.\",\"alternateName\":\"Original Mountain Marathon\",\"potentialAction\":[{\"@type\":\"SearchAction\",\"target\":{\"@type\":\"EntryPoint\",\"urlTemplate\":\"https:\\\/\\\/theomm.com\\\/?s={search_term_string}\"},\"query-input\":{\"@type\":\"PropertyValueSpecification\",\"valueRequired\":true,\"valueName\":\"search_term_string\"}}],\"inLanguage\":\"sv-SE\"}]}<\/script>\n<!-- \/ Yoast SEO plugin. -->","yoast_head_json":{"title":"Core Vest - OMM","description":"The Core Vest, Ultralight Air-Permeable Primaloft\u00ae Insulation. Adaptable Insulation. Half The Weight & Pack Size Finest Quality Synthetic Insulation","robots":{"index":"index","follow":"follow","max-snippet":"max-snippet:-1","max-image-preview":"max-image-preview:large","max-video-preview":"max-video-preview:-1"},"canonical":"https:\/\/theomm.com\/product\/core-vest\/","og_locale":"sv_SE","og_type":"article","og_title":"Core Vest - OMM","og_description":"The Core Vest, Ultralight Air-Permeable Primaloft\u00ae Insulation. Adaptable Insulation. Half The Weight & Pack Size Finest Quality Synthetic Insulation","og_url":"https:\/\/theomm.com\/product\/core-vest\/","og_site_name":"OMM","article_publisher":"https:\/\/www.facebook.com\/OMMrunning?_ga=2.203172945.1541616462.1665402953-280172632.1649426001","article_modified_time":"2025-09-10T17:04:15+00:00","og_image":[{"width":600,"height":600,"url":"https:\/\/theomm.com\/wp-content\/uploads\/2022\/10\/OC153_Core_Vest_Blue_Front.jpg","type":"image\/jpeg"}],"twitter_card":"summary_large_image","twitter_misc":{"Ber\u00e4knad l\u00e4stid":"2 minutes"},"schema":{"@context":"https:\/\/schema.org","@graph":[{"@type":"WebPage","@id":"https:\/\/theomm.com\/product\/core-vest\/","url":"https:\/\/theomm.com\/product\/core-vest\/","name":"Core Vest - OMM","isPartOf":{"@id":"https:\/\/theomm.com\/#website"},"primaryImageOfPage":{"@id":"https:\/\/theomm.com\/product\/core-vest\/#primaryimage"},"image":{"@id":"https:\/\/theomm.com\/product\/core-vest\/#primaryimage"},"thumbnailUrl":"https:\/\/theomm.com\/wp-content\/uploads\/2022\/10\/OC153_Core_Vest_Blue_Front.jpg","datePublished":"2020-09-16T10:47:31+00:00","dateModified":"2025-09-10T17:04:15+00:00","description":"The Core Vest, Ultralight Air-Permeable Primaloft\u00ae Insulation. Adaptable Insulation. Half The Weight & Pack Size Finest Quality Synthetic Insulation","breadcrumb":{"@id":"https:\/\/theomm.com\/product\/core-vest\/#breadcrumb"},"inLanguage":"sv-SE","potentialAction":[{"@type":"ReadAction","target":["https:\/\/theomm.com\/product\/core-vest\/"]}]},{"@type":"ImageObject","inLanguage":"sv-SE","@id":"https:\/\/theomm.com\/product\/core-vest\/#primaryimage","url":"https:\/\/theomm.com\/wp-content\/uploads\/2022\/10\/OC153_Core_Vest_Blue_Front.jpg","contentUrl":"https:\/\/theomm.com\/wp-content\/uploads\/2022\/10\/OC153_Core_Vest_Blue_Front.jpg","width":600,"height":600},{"@type":"BreadcrumbList","@id":"https:\/\/theomm.com\/product\/core-vest\/#breadcrumb","itemListElement":[{"@type":"ListItem","position":1,"name":"Home","item":"https:\/\/theomm.com\/sv\/original-mountain-marathon\/"},{"@type":"ListItem","position":2,"name":"Produkter","item":"https:\/\/theomm.com\/sv\/original-mountain-marathon\/produkter\/"},{"@type":"ListItem","position":3,"name":"Core Vest"}]},{"@type":"WebSite","@id":"https:\/\/theomm.com\/#website","url":"https:\/\/theomm.com\/","name":"OMM","description":"OMM is Technical clothing and equipment made for running in the mountains. Designed to the specifications of Original Mountain Marathon.","alternateName":"Original Mountain Marathon","potentialAction":[{"@type":"SearchAction","target":{"@type":"EntryPoint","urlTemplate":"https:\/\/theomm.com\/?s={search_term_string}"},"query-input":{"@type":"PropertyValueSpecification","valueRequired":true,"valueName":"search_term_string"}}],"inLanguage":"sv-SE"}]}},"_links":{"self":[{"href":"https:\/\/theomm.com\/sv\/wp-json\/wp\/v2\/product\/187826","targetHints":{"allow":["GET"]}}],"collection":[{"href":"https:\/\/theomm.com\/sv\/wp-json\/wp\/v2\/product"}],"about":[{"href":"https:\/\/theomm.com\/sv\/wp-json\/wp\/v2\/types\/product"}],"wp:featuredmedia":[{"embeddable":true,"href":"https:\/\/theomm.com\/sv\/wp-json\/wp\/v2\/media\/152549"}],"wp:attachment":[{"href":"https:\/\/theomm.com\/sv\/wp-json\/wp\/v2\/media?parent=187826"}],"wp:term":[{"taxonomy":"locations","embeddable":true,"href":"https:\/\/theomm.com\/sv\/wp-json\/wp\/v2\/locations?post=187826"},{"taxonomy":"product_brand","embeddable":true,"href":"https:\/\/theomm.com\/sv\/wp-json\/wp\/v2\/product_brand?post=187826"},{"taxonomy":"product_cat","embeddable":true,"href":"https:\/\/theomm.com\/sv\/wp-json\/wp\/v2\/product_cat?post=187826"},{"taxonomy":"product_tag","embeddable":true,"href":"https:\/\/theomm.com\/sv\/wp-json\/wp\/v2\/product_tag?post=187826"}],"curies":[{"name":"wp","href":"https:\/\/api.w.org\/{rel}","templated":true}]}}