{"id":187843,"date":"2020-03-16T10:46:55","date_gmt":"2020-03-16T10:46:55","guid":{"rendered":"https:\/\/theomm.com\/product\/flow-singlet\/"},"modified":"2025-09-10T15:05:45","modified_gmt":"2025-09-10T15:05:45","slug":"flow-singlet","status":"publish","type":"product","link":"https:\/\/theomm.com\/sv\/product\/flow-singlet\/","title":{"rendered":"Flow Singlet"},"content":{"rendered":"<p>Flow Singlet &#8211; En h\u00f6g-fuktabsorberande formad linne. Flow \u00e4r en kombination av bambufibrer och polyester med Polygiene antibakteriell och anti-lukt teknologi. Den breda s\u00f6ml\u00f6sa axelkonstruktionen minskar skav fr\u00e5n ryggs\u00e4ckar och \u00f6kar ventilationen och r\u00f6relsefriheten. En \u00f6gonf\u00e5ngande konturdesign p\u00e5 \u00e4rmarna ger en nick till OMMs utvecklingsarv. H\u00d6G FUKTAVLEDANDE LINNE BAMBUFIBRER Bambu \u00e4r en naturlig, j\u00e4mn och stark fiber med antimikrobiella egenskaper. Flow Singlet, i kombination med polyester, ger en mjuk och bekv\u00e4m tyg som leder fukt v\u00e4l. ATHLETIC FIT MED PACKB\u00c4RARE T\u00e4tt \u00e5tsittande f\u00f6r att maximera fukt\u00f6verf\u00f6ring och minska fladdrande. Breda axlar erk\u00e4nner att ryggs\u00e4ckar fortfarande beh\u00f6ver b\u00e4ras i varmt v\u00e4der. SCULPTED BACK DESIGN. 3 paneler \u00f6ver ryggen formar Flow t\u00e4tt vid nedre delen av ryggen och minskar risken f\u00f6r att det ska \u00e5ka upp under ryggs\u00e4ckar. Bambu \/ polyesterblandning tyg Platta s\u00f6mmar S\u00f6mmar borta fr\u00e5n axlarna 4-v\u00e4gs stretch Platta s\u00f6mmar H\u00f6g fuktabsorption Antibakteriell od\u00f6rkontroll SPF &lt;50 F\u00e4rger Bl\u00e5 Gr\u00e5 Gr\u00e5\/Bl\u00e5 Tyg Polyester Bambu Mix Vikt 100g Storlekar XS\/S \/ M \/ L \/ XL<\/p>\n<p>V\u00e5r l\u00e4ttviktiga kl\u00e4der och utrustning \u00e4r specifikt utformad f\u00f6r behoven hos bergs-l\u00f6paren, med specifikationer direkt h\u00e4mtade fr\u00e5n erfarenheterna p\u00e5 Original Mountain Marathon.<\/p>\n<p>En 2-dagars resa genom n\u00e5gra av Storbritanniens tuffaste terr\u00e4ng, h\u00e5llen i slutet av varje oktober sedan 1968, f\u00f6r att s\u00e4kerst\u00e4lla utmanande v\u00e4derf\u00f6rh\u00e5llanden. Ett test av bergshantverk och uth\u00e5llighet, &#8220;The OMM&#8221;, erk\u00e4nns som guldstandarden inom bergsutmaningar.<\/p>\n<p>De h\u00f6ga kraven p\u00e5 evenemanget g\u00e5r sedan vidare f\u00f6r att informera designen och funktionerna hos v\u00e5ra kl\u00e4der, som i sin tur anv\u00e4nds i n\u00e5gra av de tuffaste evenemangen och sv\u00e5raste utmaningarna \u00f6ver hela v\u00e4rlden.<\/p>\n<p>F\u00f6rtrodd av bergsatleter och professionella i \u00e5rtionden \u00e4r OMM-sortimentet den perfekta f\u00f6ljeslagaren f\u00f6r ditt n\u00e4sta \u00e4ventyr.<\/p>\n","protected":false},"excerpt":{"rendered":"<p>En h\u00f6gfuktabsorberande, skulpterad linne. Flow \u00e4r en kombination av bambufibrer och polyester med Polygiene antibakteriell och anti-lukt. Den breda s\u00f6ml\u00f6sa axelkonstruktionen minskar skav fr\u00e5n ryggs\u00e4ckar och \u00f6kar ventilationen och r\u00f6relsefriheten. En i\u00f6gonfallande konturdesign p\u00e5 \u00e4rmarna ger en nick till OMMs utvecklingsarv.<\/p>\n","protected":false},"featured_media":152321,"template":"","meta":{"_acf_changed":false,"_et_pb_use_builder":"","_et_pb_old_content":"","_et_gb_content_width":""},"locations":[1195,1196],"product_brand":[],"product_cat":[2603],"product_tag":[2424,2425,2295,2426,2423,2427,2286],"class_list":{"0":"post-187843","1":"product","2":"type-product","3":"status-publish","4":"has-post-thumbnail","6":"locations-eu","7":"locations-uk","8":"product_cat-rea","9":"product_tag-omm-flow-singlet-sv","10":"product_tag-omm-singlet-sv","11":"product_tag-omm-vest-sv","12":"product_tag-running-singlet-sv","13":"product_tag-sale-sv","14":"product_tag-sale-items-first-layer-sv","15":"product_tag-sp-sv","16":"pa_color-bla-sv","17":"pa_color-gra-sv","18":"pa_color-gron-sv","19":"pa_colour-bla-sv","20":"pa_colour-blue","21":"pa_colour-gra-sv","22":"pa_colour-gra-bla-sv","23":"pa_colour-green","24":"pa_colour-grey","25":"pa_colour-grey-blue","26":"pa_colour-gron-sv","27":"pa_gender-mens-sv","28":"pa_size-stor-sv","29":"pa_size-large","30":"pa_size-medium","31":"pa_size-medium-sv","32":"pa_size-sma","33":"pa_size-small","34":"pa_size-x-large","35":"pa_size-x-stor-sv","36":"pa_size-x-sma","37":"pa_size-x-small","38":"pa_technology-polygiene","39":"pa_weight-100-200g","41":"first","42":"outofstock","43":"taxable","44":"shipping-taxable","45":"purchasable","46":"product-type-variable","47":"wvs-archive-product-wrapper"},"acf":[],"yoast_head":"<!-- This site is optimized with the Yoast SEO plugin v27.4 - https:\/\/yoast.com\/product\/yoast-seo-wordpress\/ -->\n<title>Flow Singlet - OMM<\/title>\n<meta name=\"description\" content=\"The Flow Singlet, High Moisture Wicking Singlet. Bamboo Fibres. OMM Athletic Fit and With Pack Carry Sculpted Back Design.\" \/>\n<meta name=\"robots\" content=\"index, follow, max-snippet:-1, max-image-preview:large, max-video-preview:-1\" \/>\n<link rel=\"canonical\" href=\"https:\/\/theomm.com\/sv\/product\/flow-singlet\/\" \/>\n<meta property=\"og:locale\" content=\"sv_SE\" \/>\n<meta property=\"og:type\" content=\"article\" \/>\n<meta property=\"og:title\" content=\"Flow Singlet - OMM\" \/>\n<meta property=\"og:description\" content=\"The Flow Singlet, High Moisture Wicking Singlet. Bamboo Fibres. OMM Athletic Fit and With Pack Carry Sculpted Back Design.\" \/>\n<meta property=\"og:url\" content=\"https:\/\/theomm.com\/sv\/product\/flow-singlet\/\" \/>\n<meta property=\"og:site_name\" content=\"OMM\" \/>\n<meta property=\"article:publisher\" content=\"https:\/\/www.facebook.com\/OMMrunning?_ga=2.203172945.1541616462.1665402953-280172632.1649426001\" \/>\n<meta property=\"article:modified_time\" content=\"2025-09-10T15:05:45+00:00\" \/>\n<meta property=\"og:image\" content=\"https:\/\/theomm.com\/wp-content\/uploads\/2022\/10\/OC141-Flow-Singlet-Simple_0003_Flow-Singlet-Grey_blue-front.jpg\" \/>\n\t<meta property=\"og:image:width\" content=\"600\" \/>\n\t<meta property=\"og:image:height\" content=\"600\" \/>\n\t<meta property=\"og:image:type\" content=\"image\/jpeg\" \/>\n<meta name=\"twitter:card\" content=\"summary_large_image\" \/>\n<meta name=\"twitter:label1\" content=\"Ber\u00e4knad l\u00e4stid\" \/>\n\t<meta name=\"twitter:data1\" content=\"2 minutes\" \/>\n<script type=\"application\/ld+json\" class=\"yoast-schema-graph\">{\"@context\":\"https:\\\/\\\/schema.org\",\"@graph\":[{\"@type\":\"WebPage\",\"@id\":\"https:\\\/\\\/theomm.com\\\/sv\\\/product\\\/flow-singlet\\\/\",\"url\":\"https:\\\/\\\/theomm.com\\\/sv\\\/product\\\/flow-singlet\\\/\",\"name\":\"Flow Singlet - OMM\",\"isPartOf\":{\"@id\":\"https:\\\/\\\/theomm.com\\\/#website\"},\"primaryImageOfPage\":{\"@id\":\"https:\\\/\\\/theomm.com\\\/sv\\\/product\\\/flow-singlet\\\/#primaryimage\"},\"image\":{\"@id\":\"https:\\\/\\\/theomm.com\\\/sv\\\/product\\\/flow-singlet\\\/#primaryimage\"},\"thumbnailUrl\":\"https:\\\/\\\/theomm.com\\\/wp-content\\\/uploads\\\/2022\\\/10\\\/OC141-Flow-Singlet-Simple_0003_Flow-Singlet-Grey_blue-front.jpg\",\"datePublished\":\"2020-03-16T10:46:55+00:00\",\"dateModified\":\"2025-09-10T15:05:45+00:00\",\"description\":\"The Flow Singlet, High Moisture Wicking Singlet. Bamboo Fibres. OMM Athletic Fit and With Pack Carry Sculpted Back Design.\",\"breadcrumb\":{\"@id\":\"https:\\\/\\\/theomm.com\\\/sv\\\/product\\\/flow-singlet\\\/#breadcrumb\"},\"inLanguage\":\"sv-SE\",\"potentialAction\":[{\"@type\":\"ReadAction\",\"target\":[\"https:\\\/\\\/theomm.com\\\/sv\\\/product\\\/flow-singlet\\\/\"]}]},{\"@type\":\"ImageObject\",\"inLanguage\":\"sv-SE\",\"@id\":\"https:\\\/\\\/theomm.com\\\/sv\\\/product\\\/flow-singlet\\\/#primaryimage\",\"url\":\"https:\\\/\\\/theomm.com\\\/wp-content\\\/uploads\\\/2022\\\/10\\\/OC141-Flow-Singlet-Simple_0003_Flow-Singlet-Grey_blue-front.jpg\",\"contentUrl\":\"https:\\\/\\\/theomm.com\\\/wp-content\\\/uploads\\\/2022\\\/10\\\/OC141-Flow-Singlet-Simple_0003_Flow-Singlet-Grey_blue-front.jpg\",\"width\":600,\"height\":600},{\"@type\":\"BreadcrumbList\",\"@id\":\"https:\\\/\\\/theomm.com\\\/sv\\\/product\\\/flow-singlet\\\/#breadcrumb\",\"itemListElement\":[{\"@type\":\"ListItem\",\"position\":1,\"name\":\"Home\",\"item\":\"https:\\\/\\\/theomm.com\\\/sv\\\/original-mountain-marathon\\\/\"},{\"@type\":\"ListItem\",\"position\":2,\"name\":\"Produkter\",\"item\":\"https:\\\/\\\/theomm.com\\\/sv\\\/original-mountain-marathon\\\/produkter\\\/\"},{\"@type\":\"ListItem\",\"position\":3,\"name\":\"Flow Singlet\"}]},{\"@type\":\"WebSite\",\"@id\":\"https:\\\/\\\/theomm.com\\\/#website\",\"url\":\"https:\\\/\\\/theomm.com\\\/\",\"name\":\"OMM\",\"description\":\"OMM is Technical clothing and equipment made for running in the mountains. Designed to the specifications of Original Mountain Marathon.\",\"alternateName\":\"Original Mountain Marathon\",\"potentialAction\":[{\"@type\":\"SearchAction\",\"target\":{\"@type\":\"EntryPoint\",\"urlTemplate\":\"https:\\\/\\\/theomm.com\\\/?s={search_term_string}\"},\"query-input\":{\"@type\":\"PropertyValueSpecification\",\"valueRequired\":true,\"valueName\":\"search_term_string\"}}],\"inLanguage\":\"sv-SE\"}]}<\/script>\n<!-- \/ Yoast SEO plugin. -->","yoast_head_json":{"title":"Flow Singlet - OMM","description":"The Flow Singlet, High Moisture Wicking Singlet. Bamboo Fibres. OMM Athletic Fit and With Pack Carry Sculpted Back Design.","robots":{"index":"index","follow":"follow","max-snippet":"max-snippet:-1","max-image-preview":"max-image-preview:large","max-video-preview":"max-video-preview:-1"},"canonical":"https:\/\/theomm.com\/sv\/product\/flow-singlet\/","og_locale":"sv_SE","og_type":"article","og_title":"Flow Singlet - OMM","og_description":"The Flow Singlet, High Moisture Wicking Singlet. Bamboo Fibres. OMM Athletic Fit and With Pack Carry Sculpted Back Design.","og_url":"https:\/\/theomm.com\/sv\/product\/flow-singlet\/","og_site_name":"OMM","article_publisher":"https:\/\/www.facebook.com\/OMMrunning?_ga=2.203172945.1541616462.1665402953-280172632.1649426001","article_modified_time":"2025-09-10T15:05:45+00:00","og_image":[{"width":600,"height":600,"url":"https:\/\/theomm.com\/wp-content\/uploads\/2022\/10\/OC141-Flow-Singlet-Simple_0003_Flow-Singlet-Grey_blue-front.jpg","type":"image\/jpeg"}],"twitter_card":"summary_large_image","twitter_misc":{"Ber\u00e4knad l\u00e4stid":"2 minutes"},"schema":{"@context":"https:\/\/schema.org","@graph":[{"@type":"WebPage","@id":"https:\/\/theomm.com\/sv\/product\/flow-singlet\/","url":"https:\/\/theomm.com\/sv\/product\/flow-singlet\/","name":"Flow Singlet - OMM","isPartOf":{"@id":"https:\/\/theomm.com\/#website"},"primaryImageOfPage":{"@id":"https:\/\/theomm.com\/sv\/product\/flow-singlet\/#primaryimage"},"image":{"@id":"https:\/\/theomm.com\/sv\/product\/flow-singlet\/#primaryimage"},"thumbnailUrl":"https:\/\/theomm.com\/wp-content\/uploads\/2022\/10\/OC141-Flow-Singlet-Simple_0003_Flow-Singlet-Grey_blue-front.jpg","datePublished":"2020-03-16T10:46:55+00:00","dateModified":"2025-09-10T15:05:45+00:00","description":"The Flow Singlet, High Moisture Wicking Singlet. Bamboo Fibres. OMM Athletic Fit and With Pack Carry Sculpted Back Design.","breadcrumb":{"@id":"https:\/\/theomm.com\/sv\/product\/flow-singlet\/#breadcrumb"},"inLanguage":"sv-SE","potentialAction":[{"@type":"ReadAction","target":["https:\/\/theomm.com\/sv\/product\/flow-singlet\/"]}]},{"@type":"ImageObject","inLanguage":"sv-SE","@id":"https:\/\/theomm.com\/sv\/product\/flow-singlet\/#primaryimage","url":"https:\/\/theomm.com\/wp-content\/uploads\/2022\/10\/OC141-Flow-Singlet-Simple_0003_Flow-Singlet-Grey_blue-front.jpg","contentUrl":"https:\/\/theomm.com\/wp-content\/uploads\/2022\/10\/OC141-Flow-Singlet-Simple_0003_Flow-Singlet-Grey_blue-front.jpg","width":600,"height":600},{"@type":"BreadcrumbList","@id":"https:\/\/theomm.com\/sv\/product\/flow-singlet\/#breadcrumb","itemListElement":[{"@type":"ListItem","position":1,"name":"Home","item":"https:\/\/theomm.com\/sv\/original-mountain-marathon\/"},{"@type":"ListItem","position":2,"name":"Produkter","item":"https:\/\/theomm.com\/sv\/original-mountain-marathon\/produkter\/"},{"@type":"ListItem","position":3,"name":"Flow Singlet"}]},{"@type":"WebSite","@id":"https:\/\/theomm.com\/#website","url":"https:\/\/theomm.com\/","name":"OMM","description":"OMM is Technical clothing and equipment made for running in the mountains. Designed to the specifications of Original Mountain Marathon.","alternateName":"Original Mountain Marathon","potentialAction":[{"@type":"SearchAction","target":{"@type":"EntryPoint","urlTemplate":"https:\/\/theomm.com\/?s={search_term_string}"},"query-input":{"@type":"PropertyValueSpecification","valueRequired":true,"valueName":"search_term_string"}}],"inLanguage":"sv-SE"}]}},"_links":{"self":[{"href":"https:\/\/theomm.com\/sv\/wp-json\/wp\/v2\/product\/187843","targetHints":{"allow":["GET"]}}],"collection":[{"href":"https:\/\/theomm.com\/sv\/wp-json\/wp\/v2\/product"}],"about":[{"href":"https:\/\/theomm.com\/sv\/wp-json\/wp\/v2\/types\/product"}],"wp:featuredmedia":[{"embeddable":true,"href":"https:\/\/theomm.com\/sv\/wp-json\/wp\/v2\/media\/152321"}],"wp:attachment":[{"href":"https:\/\/theomm.com\/sv\/wp-json\/wp\/v2\/media?parent=187843"}],"wp:term":[{"taxonomy":"locations","embeddable":true,"href":"https:\/\/theomm.com\/sv\/wp-json\/wp\/v2\/locations?post=187843"},{"taxonomy":"product_brand","embeddable":true,"href":"https:\/\/theomm.com\/sv\/wp-json\/wp\/v2\/product_brand?post=187843"},{"taxonomy":"product_cat","embeddable":true,"href":"https:\/\/theomm.com\/sv\/wp-json\/wp\/v2\/product_cat?post=187843"},{"taxonomy":"product_tag","embeddable":true,"href":"https:\/\/theomm.com\/sv\/wp-json\/wp\/v2\/product_tag?post=187843"}],"curies":[{"name":"wp","href":"https:\/\/api.w.org\/{rel}","templated":true}]}}