{"id":189149,"date":"2024-02-05T15:27:20","date_gmt":"2024-02-05T15:27:20","guid":{"rendered":"https:\/\/theomm.com\/product\/core-neck-warmer\/"},"modified":"2025-09-10T17:04:28","modified_gmt":"2025-09-10T17:04:28","slug":"core-neck-warmer","status":"publish","type":"product","link":"https:\/\/theomm.com\/sv\/product\/core-neck-warmer\/","title":{"rendered":"Core Neck Warmer"},"content":{"rendered":"<div class=\"et_pb_with_border et_pb_row et_pb_row_8_tb_body et_pb_gutters1\">\n<div class=\"et_pb_column et_pb_column_4_4 et_pb_column_12_tb_body et_pb_css_mix_blend_mode_passthrough et-last-child\">\n<div class=\"et_pb_button_module_wrapper et_pb_button_11_tb_body_wrapper et_pb_button_alignment_left et_pb_module \"><a class=\"et_pb_button et_pb_button_11_tb_body et-show-more-toggle-1 et_pb_bg_layout_light\" href=\"https:\/\/theomm.com\/?post_type=product&amp;p=178959&amp;preview=true\" data-icon=\"P\">Beskrivning<\/a><\/div>\n<\/div>\n<\/div>\n<div class=\"et_pb_row et_pb_row_9_tb_body et-show-more-content-1 et_pb_gutters1\">\n<div class=\"et_pb_column et_pb_column_4_4 et_pb_column_13_tb_body et_pb_css_mix_blend_mode_passthrough et-last-child\">\n<div class=\"et_pb_module et_pb_text et_pb_text_7_tb_body et_pb_text_align_left et_pb_bg_layout_light\">\n<div class=\"et_pb_text_inner\">\n<div class=\"woocommerce et-dynamic-content-woo et-dynamic-content-woo--product_short_description\">\n<div class=\"ewa-rteLine\">\n<p>Med v\u00e5rt otroligt popul\u00e4ra Core-tyg, tillverkat av PrimaLoft\u00ae ACTIVE, \u00e4r detta ett extremt mjukt och bekv\u00e4mt tillskott till din lager p\u00e5 lager-kl\u00e4dsel, perfekt f\u00f6r att st\u00e4nga ute kall luft och h\u00e5lla kvar den v\u00e4lf\u00f6rtj\u00e4nta v\u00e4rmen. Utm\u00e4rkt vid kalla l\u00f6prundor och \u00e4nnu b\u00e4ttre f\u00f6r en kylig natt i din sovs\u00e4ck. Snabbt fukttransporterande och snabbtorkande, hanterar Core Halsv\u00e4rmare \u00f6verfl\u00f6dig fukt med l\u00e4tthet.<\/p>\n<p><strong>Core Halsv\u00e4rmare<\/strong><\/p>\n<p>PrimaLoft\u00ae Active \u00e4r byggt av en syntetisk fj\u00e4der v\u00e4vd genom ett stickat n\u00e4t, vilket ger v\u00e4rme som en fleece men med mindre \u00e4n h\u00e4lften av vikten. Med alla f\u00f6rdelar med syntetisk isolering fungerar Core-produkter b\u00e5de bl\u00f6ta och torra med otroliga fukttransporterande egenskaper f\u00f6r att s\u00e4kerst\u00e4lla att du inte \u00e4r v\u00e5t l\u00e4nge. Den 75 g\/m\u00b2 PrimaLoft\u00ae Active inneb\u00e4r att 58 % av isoleringen kommer fr\u00e5n \u00e5tervunna k\u00e4llor.<\/p>\n<h3>MER OM CORE<\/h3>\n<p><strong>Produktens h\u00f6jdpunkter<\/strong><\/p>\n<p><strong>VENTILERANDE ISOLERING<\/strong><\/p>\n<p>PrimaLoft\u00ae ACTIVE-isoleringstyg v\u00e4ver PrimaLoft\u00ae-fiber p\u00e5 ett n\u00e4t, vilket ger en mycket h\u00f6g volym och \u00f6ppen struktur. Tyger isolerar genom att f\u00e5nga luftfickor som b\u00e4rarens v\u00e4rme inte kan passera igenom. Core-strukturen \u00e4r exceptionell p\u00e5 att skapa dessa fickor. \u00d6ppenheten till\u00e5ter dock en l\u00e4tt bris att st\u00f6ra dessa luftfickor och ta bort isoleringseffekten.<\/p>\n<p><strong>VARMT \u00c4VEN N\u00c4R DET \u00c4R V\u00c5TT<\/strong><\/p>\n<p>Vi v\u00e4ljer alltid syntetisk isolering framf\u00f6r dun f\u00f6r att vara s\u00e4ker p\u00e5 att vi kan h\u00e5lla oss varma \u00e4ven n\u00e4r allt \u00e4r bl\u00f6tt. Vi tror att PrimaLoft\u00ae g\u00f6r den b\u00e4sta syntetiska isoleringen och d\u00e4rf\u00f6r \u00e4r det ett enkelt val f\u00f6r oss. 75 g\/m\u00b2 PrimaLoft\u00ae ACTIVE anv\u00e4nder 58 % post-consumer \u00e5tervunnet material och \u00e4r \u00e4ven bluesign- och Oeko-Tex-godk\u00e4nt.<\/p>\n<p><strong>KOMFORT &amp; PRESTANDA<\/strong><\/p>\n<p>Vi kan citera alla prestandasiffror vi vill, men det som verkligen skiljer Core-serien \u00e5t \u00e4r den rena mysigheten. Mjuk, fluffig, l\u00e4tt och en otrolig isolator, det \u00e4r n\u00e5got helt annat \u00e4n n\u00e5gon isolering du har provat tidigare.<\/p>\n<h3>Funktioner och Detaljer<\/h3>\n<p><strong>FUNKTIONER<\/strong><\/p>\n<ul>\n<li>4-v\u00e4gsstretch<\/li>\n<li>Rullkant<\/li>\n<li>Minimala s\u00f6mmar<\/li>\n<\/ul>\n<p><strong>TEKNISKA DETALJER<\/strong><\/p>\n<ul>\n<li>16 g<\/li>\n<li>PrimaLoft\u00ae ACTIVE 75 g\/m\u00b2<\/li>\n<li>Stretchtyg<\/li>\n<li>58 % \u00e5tervunnen isolering<\/li>\n<\/ul>\n<\/div>\n<\/div>\n<\/div>\n<\/div>\n<\/div>\n<\/div>\n","protected":false},"excerpt":{"rendered":"<div class=\"ewa-rteLine\">\n<p>Med v\u00e5rt revolutionerande Core-tyg, tillverkat av PrimaLoft\u00ae ACTIVE, \u00e4r detta ett otroligt mjukt och bekv\u00e4mt tillskott till din lager-p\u00e5-lager-kl\u00e4dsel, perfekt f\u00f6r att st\u00e4nga ute kall luft och h\u00e5lla kvar den v\u00e4lf\u00f6rtj\u00e4nta v\u00e4rmen. Utm\u00e4rkt vid kalla l\u00f6prundor och \u00e4nnu b\u00e4ttre f\u00f6r en kylig natt i din sovs\u00e4ck. Snabbt fukttransporterande och snabbtorkande, hanterar Core Halsv\u00e4rmare \u00f6verfl\u00f6dig fukt med l\u00e4tthet.<\/p>\n<p>PrimaLoft\u00ae Active \u00e4r tillverkat av en syntetisk fj\u00e4der v\u00e4vd genom ett stickat n\u00e4t, vilket erbjuder v\u00e4rme som en fleece men med mindre \u00e4n h\u00e4lften av vikten. Med alla f\u00f6rdelar av syntetisk isolering fungerar Core-produkter b\u00e5de bl\u00f6ta och torra med otroliga fukttransporterande egenskaper f\u00f6r att s\u00e4kerst\u00e4lla att du inte \u00e4r v\u00e5t l\u00e4nge. Den 75 g\/m\u00b2 PrimaLoft\u00ae Active inneb\u00e4r att 58 % av isoleringen<\/p>\n<\/div>\n<div class=\"ewa-rteLine\">\u00a0<\/div>\n","protected":false},"featured_media":180358,"template":"","meta":{"_acf_changed":false,"_et_pb_use_builder":"","_et_pb_old_content":"","_et_gb_content_width":""},"locations":[],"product_brand":[],"product_cat":[1279,1272,1274,1281,2457],"product_tag":[2659,2306,2309,2661,2664,2665,2658,2662,2663,2378,2394,2660],"class_list":{"0":"post-189149","1":"product","2":"type-product","3":"status-publish","4":"has-post-thumbnail","6":"product_cat-core-sv","7":"product_cat-klader","8":"product_cat-mossor-och-handskar","9":"product_cat-nyheter","10":"product_cat-produkter-och-utrustning","11":"product_tag-buff-sv","12":"product_tag-core-sv","13":"product_tag-fleece-sv","14":"product_tag-fleece-buff-sv","15":"product_tag-neck-wamrer-sv","16":"product_tag-neck-warmer-sv","17":"product_tag-neckwarmer-sv","18":"product_tag-polar-buf-sv","19":"product_tag-polar-buff-sv","20":"product_tag-primaloft-sv","21":"product_tag-primaloft-active-sv","22":"product_tag-snood-sv","23":"pa_color-bla-sv","24":"pa_color-gra-sv","25":"pa_color-morkrod","26":"pa_color-navy-sv","27":"pa_color-orange-sv","28":"pa_color-svart","29":"pa_colour-bla-sv","30":"pa_colour-gra-sv","31":"pa_colour-morkrod","32":"pa_colour-navy-sv","33":"pa_colour-orange-sv","34":"pa_colour-svart","36":"first","37":"instock","38":"taxable","39":"shipping-taxable","40":"purchasable","41":"product-type-variable","42":"wvs-archive-product-wrapper"},"acf":[],"yoast_head":"<!-- This site is optimized with the Yoast SEO plugin v27.3 - https:\/\/yoast.com\/product\/yoast-seo-wordpress\/ -->\n<title>Core Neck Warmer - OMM<\/title>\n<meta name=\"description\" content=\"Using PrimaLoft\u00ae ACTIVE, the Core Neck Warmer is great for cold runs and even better for a chilly overnight in your sleeping bag.\" \/>\n<meta name=\"robots\" content=\"index, follow, max-snippet:-1, max-image-preview:large, max-video-preview:-1\" \/>\n<link rel=\"canonical\" href=\"https:\/\/theomm.com\/product\/core-neck-warmer\/\" \/>\n<meta property=\"og:locale\" content=\"sv_SE\" \/>\n<meta property=\"og:type\" content=\"article\" \/>\n<meta property=\"og:title\" content=\"Core Neck Warmer - OMM\" \/>\n<meta property=\"og:description\" content=\"Using PrimaLoft\u00ae ACTIVE, the Core Neck Warmer is great for cold runs and even better for a chilly overnight in your sleeping bag.\" \/>\n<meta property=\"og:url\" content=\"https:\/\/theomm.com\/product\/core-neck-warmer\/\" \/>\n<meta property=\"og:site_name\" content=\"OMM\" \/>\n<meta property=\"article:publisher\" content=\"https:\/\/www.facebook.com\/OMMrunning?_ga=2.203172945.1541616462.1665402953-280172632.1649426001\" \/>\n<meta property=\"article:modified_time\" content=\"2025-09-10T17:04:28+00:00\" \/>\n<meta property=\"og:image\" content=\"https:\/\/theomm.com\/wp-content\/uploads\/2024\/02\/Studio_0003_OG191_Core_Neck_Warmer_Navy_Bunched.jpg\" \/>\n\t<meta property=\"og:image:width\" content=\"600\" \/>\n\t<meta property=\"og:image:height\" content=\"600\" \/>\n\t<meta property=\"og:image:type\" content=\"image\/jpeg\" \/>\n<meta name=\"twitter:card\" content=\"summary_large_image\" \/>\n<meta name=\"twitter:label1\" content=\"Ber\u00e4knad l\u00e4stid\" \/>\n\t<meta name=\"twitter:data1\" content=\"2 minutes\" \/>\n<script type=\"application\/ld+json\" class=\"yoast-schema-graph\">{\"@context\":\"https:\\\/\\\/schema.org\",\"@graph\":[{\"@type\":\"WebPage\",\"@id\":\"https:\\\/\\\/theomm.com\\\/product\\\/core-neck-warmer\\\/\",\"url\":\"https:\\\/\\\/theomm.com\\\/product\\\/core-neck-warmer\\\/\",\"name\":\"Core Neck Warmer - OMM\",\"isPartOf\":{\"@id\":\"https:\\\/\\\/theomm.com\\\/#website\"},\"primaryImageOfPage\":{\"@id\":\"https:\\\/\\\/theomm.com\\\/product\\\/core-neck-warmer\\\/#primaryimage\"},\"image\":{\"@id\":\"https:\\\/\\\/theomm.com\\\/product\\\/core-neck-warmer\\\/#primaryimage\"},\"thumbnailUrl\":\"https:\\\/\\\/theomm.com\\\/wp-content\\\/uploads\\\/2024\\\/02\\\/Studio_0003_OG191_Core_Neck_Warmer_Navy_Bunched.jpg\",\"datePublished\":\"2024-02-05T15:27:20+00:00\",\"dateModified\":\"2025-09-10T17:04:28+00:00\",\"description\":\"Using PrimaLoft\u00ae ACTIVE, the Core Neck Warmer is great for cold runs and even better for a chilly overnight in your sleeping bag.\",\"breadcrumb\":{\"@id\":\"https:\\\/\\\/theomm.com\\\/product\\\/core-neck-warmer\\\/#breadcrumb\"},\"inLanguage\":\"sv-SE\",\"potentialAction\":[{\"@type\":\"ReadAction\",\"target\":[\"https:\\\/\\\/theomm.com\\\/product\\\/core-neck-warmer\\\/\"]}]},{\"@type\":\"ImageObject\",\"inLanguage\":\"sv-SE\",\"@id\":\"https:\\\/\\\/theomm.com\\\/product\\\/core-neck-warmer\\\/#primaryimage\",\"url\":\"https:\\\/\\\/theomm.com\\\/wp-content\\\/uploads\\\/2024\\\/02\\\/Studio_0003_OG191_Core_Neck_Warmer_Navy_Bunched.jpg\",\"contentUrl\":\"https:\\\/\\\/theomm.com\\\/wp-content\\\/uploads\\\/2024\\\/02\\\/Studio_0003_OG191_Core_Neck_Warmer_Navy_Bunched.jpg\",\"width\":600,\"height\":600},{\"@type\":\"BreadcrumbList\",\"@id\":\"https:\\\/\\\/theomm.com\\\/product\\\/core-neck-warmer\\\/#breadcrumb\",\"itemListElement\":[{\"@type\":\"ListItem\",\"position\":1,\"name\":\"Home\",\"item\":\"https:\\\/\\\/theomm.com\\\/sv\\\/original-mountain-marathon\\\/\"},{\"@type\":\"ListItem\",\"position\":2,\"name\":\"Produkter\",\"item\":\"https:\\\/\\\/theomm.com\\\/sv\\\/original-mountain-marathon\\\/produkter\\\/\"},{\"@type\":\"ListItem\",\"position\":3,\"name\":\"Core Neck Warmer\"}]},{\"@type\":\"WebSite\",\"@id\":\"https:\\\/\\\/theomm.com\\\/#website\",\"url\":\"https:\\\/\\\/theomm.com\\\/\",\"name\":\"OMM\",\"description\":\"OMM is Technical clothing and equipment made for running in the mountains. Designed to the specifications of Original Mountain Marathon.\",\"alternateName\":\"Original Mountain Marathon\",\"potentialAction\":[{\"@type\":\"SearchAction\",\"target\":{\"@type\":\"EntryPoint\",\"urlTemplate\":\"https:\\\/\\\/theomm.com\\\/?s={search_term_string}\"},\"query-input\":{\"@type\":\"PropertyValueSpecification\",\"valueRequired\":true,\"valueName\":\"search_term_string\"}}],\"inLanguage\":\"sv-SE\"}]}<\/script>\n<!-- \/ Yoast SEO plugin. -->","yoast_head_json":{"title":"Core Neck Warmer - OMM","description":"Using PrimaLoft\u00ae ACTIVE, the Core Neck Warmer is great for cold runs and even better for a chilly overnight in your sleeping bag.","robots":{"index":"index","follow":"follow","max-snippet":"max-snippet:-1","max-image-preview":"max-image-preview:large","max-video-preview":"max-video-preview:-1"},"canonical":"https:\/\/theomm.com\/product\/core-neck-warmer\/","og_locale":"sv_SE","og_type":"article","og_title":"Core Neck Warmer - OMM","og_description":"Using PrimaLoft\u00ae ACTIVE, the Core Neck Warmer is great for cold runs and even better for a chilly overnight in your sleeping bag.","og_url":"https:\/\/theomm.com\/product\/core-neck-warmer\/","og_site_name":"OMM","article_publisher":"https:\/\/www.facebook.com\/OMMrunning?_ga=2.203172945.1541616462.1665402953-280172632.1649426001","article_modified_time":"2025-09-10T17:04:28+00:00","og_image":[{"width":600,"height":600,"url":"https:\/\/theomm.com\/wp-content\/uploads\/2024\/02\/Studio_0003_OG191_Core_Neck_Warmer_Navy_Bunched.jpg","type":"image\/jpeg"}],"twitter_card":"summary_large_image","twitter_misc":{"Ber\u00e4knad l\u00e4stid":"2 minutes"},"schema":{"@context":"https:\/\/schema.org","@graph":[{"@type":"WebPage","@id":"https:\/\/theomm.com\/product\/core-neck-warmer\/","url":"https:\/\/theomm.com\/product\/core-neck-warmer\/","name":"Core Neck Warmer - OMM","isPartOf":{"@id":"https:\/\/theomm.com\/#website"},"primaryImageOfPage":{"@id":"https:\/\/theomm.com\/product\/core-neck-warmer\/#primaryimage"},"image":{"@id":"https:\/\/theomm.com\/product\/core-neck-warmer\/#primaryimage"},"thumbnailUrl":"https:\/\/theomm.com\/wp-content\/uploads\/2024\/02\/Studio_0003_OG191_Core_Neck_Warmer_Navy_Bunched.jpg","datePublished":"2024-02-05T15:27:20+00:00","dateModified":"2025-09-10T17:04:28+00:00","description":"Using PrimaLoft\u00ae ACTIVE, the Core Neck Warmer is great for cold runs and even better for a chilly overnight in your sleeping bag.","breadcrumb":{"@id":"https:\/\/theomm.com\/product\/core-neck-warmer\/#breadcrumb"},"inLanguage":"sv-SE","potentialAction":[{"@type":"ReadAction","target":["https:\/\/theomm.com\/product\/core-neck-warmer\/"]}]},{"@type":"ImageObject","inLanguage":"sv-SE","@id":"https:\/\/theomm.com\/product\/core-neck-warmer\/#primaryimage","url":"https:\/\/theomm.com\/wp-content\/uploads\/2024\/02\/Studio_0003_OG191_Core_Neck_Warmer_Navy_Bunched.jpg","contentUrl":"https:\/\/theomm.com\/wp-content\/uploads\/2024\/02\/Studio_0003_OG191_Core_Neck_Warmer_Navy_Bunched.jpg","width":600,"height":600},{"@type":"BreadcrumbList","@id":"https:\/\/theomm.com\/product\/core-neck-warmer\/#breadcrumb","itemListElement":[{"@type":"ListItem","position":1,"name":"Home","item":"https:\/\/theomm.com\/sv\/original-mountain-marathon\/"},{"@type":"ListItem","position":2,"name":"Produkter","item":"https:\/\/theomm.com\/sv\/original-mountain-marathon\/produkter\/"},{"@type":"ListItem","position":3,"name":"Core Neck Warmer"}]},{"@type":"WebSite","@id":"https:\/\/theomm.com\/#website","url":"https:\/\/theomm.com\/","name":"OMM","description":"OMM is Technical clothing and equipment made for running in the mountains. Designed to the specifications of Original Mountain Marathon.","alternateName":"Original Mountain Marathon","potentialAction":[{"@type":"SearchAction","target":{"@type":"EntryPoint","urlTemplate":"https:\/\/theomm.com\/?s={search_term_string}"},"query-input":{"@type":"PropertyValueSpecification","valueRequired":true,"valueName":"search_term_string"}}],"inLanguage":"sv-SE"}]}},"_links":{"self":[{"href":"https:\/\/theomm.com\/sv\/wp-json\/wp\/v2\/product\/189149","targetHints":{"allow":["GET"]}}],"collection":[{"href":"https:\/\/theomm.com\/sv\/wp-json\/wp\/v2\/product"}],"about":[{"href":"https:\/\/theomm.com\/sv\/wp-json\/wp\/v2\/types\/product"}],"wp:featuredmedia":[{"embeddable":true,"href":"https:\/\/theomm.com\/sv\/wp-json\/wp\/v2\/media\/180358"}],"wp:attachment":[{"href":"https:\/\/theomm.com\/sv\/wp-json\/wp\/v2\/media?parent=189149"}],"wp:term":[{"taxonomy":"locations","embeddable":true,"href":"https:\/\/theomm.com\/sv\/wp-json\/wp\/v2\/locations?post=189149"},{"taxonomy":"product_brand","embeddable":true,"href":"https:\/\/theomm.com\/sv\/wp-json\/wp\/v2\/product_brand?post=189149"},{"taxonomy":"product_cat","embeddable":true,"href":"https:\/\/theomm.com\/sv\/wp-json\/wp\/v2\/product_cat?post=189149"},{"taxonomy":"product_tag","embeddable":true,"href":"https:\/\/theomm.com\/sv\/wp-json\/wp\/v2\/product_tag?post=189149"}],"curies":[{"name":"wp","href":"https:\/\/api.w.org\/{rel}","templated":true}]}}