{"id":189701,"date":"2020-03-16T10:48:13","date_gmt":"2020-03-16T10:48:13","guid":{"rendered":"https:\/\/theomm.com\/product\/kamleika-short\/"},"modified":"2025-09-23T12:19:44","modified_gmt":"2025-09-23T12:19:44","slug":"kamleika-short","status":"publish","type":"product","link":"https:\/\/theomm.com\/sv\/product\/kamleika-short\/","title":{"rendered":"Kamleika Short"},"content":{"rendered":"<p>Kamleika Short &#8211; Vattent\u00e4ta \u00f6vershortsen s\u00e4kerst\u00e4ller att vatten leds f\u00f6rbi jackans nederkant och bort fr\u00e5n omr\u00e5den d\u00e4r fukt och \u00f6kad friktion inte \u00f6nskas. V\u00e5rt unika superstretchiga Kamleika-tyg, kombinerat med stretchs\u00f6mmar och smala, helt tejpade s\u00f6mmar, l\u00e5ter dig r\u00f6ra dig fritt s\u00e5 att de \u00e4ven utan regn \u00e4r ett f\u00f6rnuftigt alternativ vid blandat v\u00e4der och en utm\u00e4rkt vindbarri\u00e4r.<\/p>\n<p>STRETCH VATTENT\u00c4TA L\u00d6PARSHORTS<br \/>Superstretch som f\u00f6ljer dina r\u00f6relser: Kamleika-tyget ger den mjuka komforten av ett baslager genom att kunna str\u00e4cka sig till dubbelt s\u00e5 storlek. Den otroliga elasticiteten g\u00f6r att shortsen f\u00f6ljer med dig och minskar energif\u00f6rlust samtidigt som de hj\u00e4lper till att bibeh\u00e5lla en naturlig, obehindrad l\u00f6pning.<\/p>\n<p>FJ\u00c4LLSKALSSKYDD<br \/>Designad och testad f\u00f6r att st\u00e5 emot de h\u00e5rda f\u00f6rh\u00e5llanden som OMM-t\u00e4vlande m\u00f6ter. 20,000 mm hydrostatiskt huvud och 20,000 g\/m\u00b2\/24h andningsf\u00f6rm\u00e5ga med extra h\u00e5llbarhet hos nylonyttertyget.<\/p>\n<p>AKTIV TEMPERATUR + FUKTHANTERING<br \/>37.5 teknologipartiklar har lagts till Kamleika-tyget f\u00f6r att \u00f6ka hanteringen av fuktvapor och bibeh\u00e5lla en bekv\u00e4m aktiv temperatur. Under tester kunde l\u00f6pare som bar Kamleika med 37.5 teknologi h\u00e5lla en stabil temperatur och reglera intern fukt n\u00e4r de v\u00e4xlade mellan platt l\u00f6pning och uppf\u00f6rsbackar.<\/p>\n<p>ANDRA EGENSKAPER<br \/>4-v\u00e4gs stretch<br \/>Slimline helt tejpade s\u00f6mmar<br \/>Vattent\u00e4t<br \/>Vindt\u00e4t<br \/>Mjuk och tyst<br \/>Reflekterande tryck<br \/>Elastisk midja<br \/>Inget foder<\/p>\n<p>F\u00e4rger: Navy, M\u00f6rkgr\u00e5<br \/>Tyg: Kamleika (stretch Nylon)<br \/>Vikt: 75g<br \/>Storlekar: XS \/ S \/ M \/ L \/ XL<\/p>\n<p>V\u00e5r l\u00e4ttviktiga kl\u00e4der och utrustning \u00e4r specifikt designad f\u00f6r bergsl\u00f6paren, med specifikationer direkt fr\u00e5n erfarenhet p\u00e5 Original Mountain Marathon.<\/p>\n","protected":false},"excerpt":{"rendered":"<div class=\"flex flex-grow flex-col max-w-full\">\n<div class=\"min-h-[20px] text-message flex flex-col items-start whitespace-pre-wrap break-words [.text-message+&amp;]:mt-5 juice:w-full juice:items-end overflow-x-auto gap-2\" dir=\"auto\" data-message-author-role=\"assistant\" data-message-id=\"0688a7ee-6746-41fa-9790-c6dd210cf439\">\n<div class=\"flex w-full flex-col gap-1 juice:empty:hidden juice:first:pt-[3px]\">\n<div class=\"markdown prose w-full break-words dark:prose-invert light\">\n<p>Vattent\u00e4ta overshorts s\u00e4kerst\u00e4ller att vatten leds f\u00f6rbi jackans nederkant och bort fr\u00e5n omr\u00e5den d\u00e4r fukt och \u00f6kad friktion inte \u00f6nskas. V\u00e5rt unika superstretchiga Kamleika-tyg, kombinerat med stretchs\u00f6mmar och smala, helt tejpade s\u00f6mmar, l\u00e5ter dig r\u00f6ra dig fritt s\u00e5 att de \u00e4ven utan regn \u00e4r ett f\u00f6rnuftigt alternativ vid blandat v\u00e4der och en utm\u00e4rkt vindbarri\u00e4r.<\/p>\n<\/div>\n<\/div>\n<\/div>\n<\/div>\n","protected":false},"featured_media":152769,"template":"","meta":{"_acf_changed":false,"_et_pb_use_builder":"","_et_pb_old_content":"","_et_gb_content_width":""},"locations":[],"product_brand":[],"product_cat":[1276,1446,1272,1278],"product_tag":[2548,2549,2550,2551],"class_list":{"0":"post-189701","1":"product","2":"type-product","3":"status-publish","4":"has-post-thumbnail","6":"product_cat-byxor","7":"product_cat-kamleika-sv","8":"product_cat-klader","9":"product_cat-yttre-lager","10":"product_tag-kamleika-short-sv","11":"product_tag-omm-short-sv","12":"product_tag-running-short-sv","13":"product_tag-waterproof-short-sv","14":"pa_color-gra-sv","15":"pa_color-navy-sv","16":"pa_colour-gra-sv","17":"pa_colour-navy-sv","18":"pa_gender-mens-sv","19":"pa_gender-womens-sv","20":"pa_size-stor-sv","21":"pa_size-medium-sv","22":"pa_size-sma","23":"pa_size-x-stor-sv","24":"pa_size-x-sma","25":"pa_technology-37-5-technology","26":"pa_technology-kamleika-4-way-stretch","27":"pa_weight-50-100g","29":"first","30":"instock","31":"taxable","32":"shipping-taxable","33":"purchasable","34":"product-type-variable","35":"wvs-archive-product-wrapper"},"acf":[],"yoast_head":"<!-- This site is optimized with the Yoast SEO plugin v27.3 - https:\/\/yoast.com\/product\/yoast-seo-wordpress\/ -->\n<title>Kamleika Short - OMM<\/title>\n<meta name=\"description\" content=\"The Kamleika Short, Stretch Waterproof Running Overshort. Super Stretch That Moves With You. Mountain Shell Protection Active Temperature\" \/>\n<meta name=\"robots\" content=\"index, follow, max-snippet:-1, max-image-preview:large, max-video-preview:-1\" \/>\n<link rel=\"canonical\" href=\"https:\/\/theomm.com\/product\/kamleika-short-2\/\" \/>\n<meta property=\"og:locale\" content=\"sv_SE\" \/>\n<meta property=\"og:type\" content=\"article\" \/>\n<meta property=\"og:title\" content=\"Kamleika Short - OMM\" \/>\n<meta property=\"og:description\" content=\"The Kamleika Short, Stretch Waterproof Running Overshort. Super Stretch That Moves With You. Mountain Shell Protection Active Temperature\" \/>\n<meta property=\"og:url\" content=\"https:\/\/theomm.com\/product\/kamleika-short-2\/\" \/>\n<meta property=\"og:site_name\" content=\"OMM\" \/>\n<meta property=\"article:publisher\" content=\"https:\/\/www.facebook.com\/OMMrunning?_ga=2.203172945.1541616462.1665402953-280172632.1649426001\" \/>\n<meta property=\"article:modified_time\" content=\"2025-09-23T12:19:44+00:00\" \/>\n<meta property=\"og:image\" content=\"https:\/\/theomm.com\/wp-content\/uploads\/2022\/10\/OC164_Kamleika_Shorts_Grey_Front.jpg\" \/>\n\t<meta property=\"og:image:width\" content=\"600\" \/>\n\t<meta property=\"og:image:height\" content=\"600\" \/>\n\t<meta property=\"og:image:type\" content=\"image\/jpeg\" \/>\n<meta name=\"twitter:card\" content=\"summary_large_image\" \/>\n<meta name=\"twitter:label1\" content=\"Ber\u00e4knad l\u00e4stid\" \/>\n\t<meta name=\"twitter:data1\" content=\"1 minute\" \/>\n<script type=\"application\/ld+json\" class=\"yoast-schema-graph\">{\"@context\":\"https:\\\/\\\/schema.org\",\"@graph\":[{\"@type\":\"WebPage\",\"@id\":\"https:\\\/\\\/theomm.com\\\/product\\\/kamleika-short-2\\\/\",\"url\":\"https:\\\/\\\/theomm.com\\\/product\\\/kamleika-short-2\\\/\",\"name\":\"Kamleika Short - OMM\",\"isPartOf\":{\"@id\":\"https:\\\/\\\/theomm.com\\\/#website\"},\"primaryImageOfPage\":{\"@id\":\"https:\\\/\\\/theomm.com\\\/product\\\/kamleika-short-2\\\/#primaryimage\"},\"image\":{\"@id\":\"https:\\\/\\\/theomm.com\\\/product\\\/kamleika-short-2\\\/#primaryimage\"},\"thumbnailUrl\":\"https:\\\/\\\/theomm.com\\\/wp-content\\\/uploads\\\/2022\\\/10\\\/OC164_Kamleika_Shorts_Grey_Front.jpg\",\"datePublished\":\"2020-03-16T10:48:13+00:00\",\"dateModified\":\"2025-09-23T12:19:44+00:00\",\"description\":\"The Kamleika Short, Stretch Waterproof Running Overshort. Super Stretch That Moves With You. Mountain Shell Protection Active Temperature\",\"breadcrumb\":{\"@id\":\"https:\\\/\\\/theomm.com\\\/product\\\/kamleika-short-2\\\/#breadcrumb\"},\"inLanguage\":\"sv-SE\",\"potentialAction\":[{\"@type\":\"ReadAction\",\"target\":[\"https:\\\/\\\/theomm.com\\\/product\\\/kamleika-short-2\\\/\"]}]},{\"@type\":\"ImageObject\",\"inLanguage\":\"sv-SE\",\"@id\":\"https:\\\/\\\/theomm.com\\\/product\\\/kamleika-short-2\\\/#primaryimage\",\"url\":\"https:\\\/\\\/theomm.com\\\/wp-content\\\/uploads\\\/2022\\\/10\\\/OC164_Kamleika_Shorts_Grey_Front.jpg\",\"contentUrl\":\"https:\\\/\\\/theomm.com\\\/wp-content\\\/uploads\\\/2022\\\/10\\\/OC164_Kamleika_Shorts_Grey_Front.jpg\",\"width\":600,\"height\":600},{\"@type\":\"BreadcrumbList\",\"@id\":\"https:\\\/\\\/theomm.com\\\/product\\\/kamleika-short-2\\\/#breadcrumb\",\"itemListElement\":[{\"@type\":\"ListItem\",\"position\":1,\"name\":\"Home\",\"item\":\"https:\\\/\\\/theomm.com\\\/sv\\\/original-mountain-marathon\\\/\"},{\"@type\":\"ListItem\",\"position\":2,\"name\":\"Produkter\",\"item\":\"https:\\\/\\\/theomm.com\\\/sv\\\/original-mountain-marathon\\\/produkter\\\/\"},{\"@type\":\"ListItem\",\"position\":3,\"name\":\"Kamleika Short\"}]},{\"@type\":\"WebSite\",\"@id\":\"https:\\\/\\\/theomm.com\\\/#website\",\"url\":\"https:\\\/\\\/theomm.com\\\/\",\"name\":\"OMM\",\"description\":\"OMM is Technical clothing and equipment made for running in the mountains. Designed to the specifications of Original Mountain Marathon.\",\"alternateName\":\"Original Mountain Marathon\",\"potentialAction\":[{\"@type\":\"SearchAction\",\"target\":{\"@type\":\"EntryPoint\",\"urlTemplate\":\"https:\\\/\\\/theomm.com\\\/?s={search_term_string}\"},\"query-input\":{\"@type\":\"PropertyValueSpecification\",\"valueRequired\":true,\"valueName\":\"search_term_string\"}}],\"inLanguage\":\"sv-SE\"}]}<\/script>\n<!-- \/ Yoast SEO plugin. -->","yoast_head_json":{"title":"Kamleika Short - OMM","description":"The Kamleika Short, Stretch Waterproof Running Overshort. Super Stretch That Moves With You. Mountain Shell Protection Active Temperature","robots":{"index":"index","follow":"follow","max-snippet":"max-snippet:-1","max-image-preview":"max-image-preview:large","max-video-preview":"max-video-preview:-1"},"canonical":"https:\/\/theomm.com\/product\/kamleika-short-2\/","og_locale":"sv_SE","og_type":"article","og_title":"Kamleika Short - OMM","og_description":"The Kamleika Short, Stretch Waterproof Running Overshort. Super Stretch That Moves With You. Mountain Shell Protection Active Temperature","og_url":"https:\/\/theomm.com\/product\/kamleika-short-2\/","og_site_name":"OMM","article_publisher":"https:\/\/www.facebook.com\/OMMrunning?_ga=2.203172945.1541616462.1665402953-280172632.1649426001","article_modified_time":"2025-09-23T12:19:44+00:00","og_image":[{"width":600,"height":600,"url":"https:\/\/theomm.com\/wp-content\/uploads\/2022\/10\/OC164_Kamleika_Shorts_Grey_Front.jpg","type":"image\/jpeg"}],"twitter_card":"summary_large_image","twitter_misc":{"Ber\u00e4knad l\u00e4stid":"1 minute"},"schema":{"@context":"https:\/\/schema.org","@graph":[{"@type":"WebPage","@id":"https:\/\/theomm.com\/product\/kamleika-short-2\/","url":"https:\/\/theomm.com\/product\/kamleika-short-2\/","name":"Kamleika Short - OMM","isPartOf":{"@id":"https:\/\/theomm.com\/#website"},"primaryImageOfPage":{"@id":"https:\/\/theomm.com\/product\/kamleika-short-2\/#primaryimage"},"image":{"@id":"https:\/\/theomm.com\/product\/kamleika-short-2\/#primaryimage"},"thumbnailUrl":"https:\/\/theomm.com\/wp-content\/uploads\/2022\/10\/OC164_Kamleika_Shorts_Grey_Front.jpg","datePublished":"2020-03-16T10:48:13+00:00","dateModified":"2025-09-23T12:19:44+00:00","description":"The Kamleika Short, Stretch Waterproof Running Overshort. Super Stretch That Moves With You. Mountain Shell Protection Active Temperature","breadcrumb":{"@id":"https:\/\/theomm.com\/product\/kamleika-short-2\/#breadcrumb"},"inLanguage":"sv-SE","potentialAction":[{"@type":"ReadAction","target":["https:\/\/theomm.com\/product\/kamleika-short-2\/"]}]},{"@type":"ImageObject","inLanguage":"sv-SE","@id":"https:\/\/theomm.com\/product\/kamleika-short-2\/#primaryimage","url":"https:\/\/theomm.com\/wp-content\/uploads\/2022\/10\/OC164_Kamleika_Shorts_Grey_Front.jpg","contentUrl":"https:\/\/theomm.com\/wp-content\/uploads\/2022\/10\/OC164_Kamleika_Shorts_Grey_Front.jpg","width":600,"height":600},{"@type":"BreadcrumbList","@id":"https:\/\/theomm.com\/product\/kamleika-short-2\/#breadcrumb","itemListElement":[{"@type":"ListItem","position":1,"name":"Home","item":"https:\/\/theomm.com\/sv\/original-mountain-marathon\/"},{"@type":"ListItem","position":2,"name":"Produkter","item":"https:\/\/theomm.com\/sv\/original-mountain-marathon\/produkter\/"},{"@type":"ListItem","position":3,"name":"Kamleika Short"}]},{"@type":"WebSite","@id":"https:\/\/theomm.com\/#website","url":"https:\/\/theomm.com\/","name":"OMM","description":"OMM is Technical clothing and equipment made for running in the mountains. Designed to the specifications of Original Mountain Marathon.","alternateName":"Original Mountain Marathon","potentialAction":[{"@type":"SearchAction","target":{"@type":"EntryPoint","urlTemplate":"https:\/\/theomm.com\/?s={search_term_string}"},"query-input":{"@type":"PropertyValueSpecification","valueRequired":true,"valueName":"search_term_string"}}],"inLanguage":"sv-SE"}]}},"_links":{"self":[{"href":"https:\/\/theomm.com\/sv\/wp-json\/wp\/v2\/product\/189701","targetHints":{"allow":["GET"]}}],"collection":[{"href":"https:\/\/theomm.com\/sv\/wp-json\/wp\/v2\/product"}],"about":[{"href":"https:\/\/theomm.com\/sv\/wp-json\/wp\/v2\/types\/product"}],"wp:featuredmedia":[{"embeddable":true,"href":"https:\/\/theomm.com\/sv\/wp-json\/wp\/v2\/media\/152769"}],"wp:attachment":[{"href":"https:\/\/theomm.com\/sv\/wp-json\/wp\/v2\/media?parent=189701"}],"wp:term":[{"taxonomy":"locations","embeddable":true,"href":"https:\/\/theomm.com\/sv\/wp-json\/wp\/v2\/locations?post=189701"},{"taxonomy":"product_brand","embeddable":true,"href":"https:\/\/theomm.com\/sv\/wp-json\/wp\/v2\/product_brand?post=189701"},{"taxonomy":"product_cat","embeddable":true,"href":"https:\/\/theomm.com\/sv\/wp-json\/wp\/v2\/product_cat?post=189701"},{"taxonomy":"product_tag","embeddable":true,"href":"https:\/\/theomm.com\/sv\/wp-json\/wp\/v2\/product_tag?post=189701"}],"curies":[{"name":"wp","href":"https:\/\/api.w.org\/{rel}","templated":true}]}}