{"id":189881,"date":"2022-08-30T10:43:27","date_gmt":"2022-08-30T10:43:27","guid":{"rendered":"https:\/\/theomm.com\/product\/flash-winter-tights\/"},"modified":"2026-01-03T00:03:55","modified_gmt":"2026-01-03T00:03:55","slug":"flash-winter-tights","status":"publish","type":"product","link":"https:\/\/theomm.com\/sv\/product\/flash-winter-tights\/","title":{"rendered":"Flash Winter Tights"},"content":{"rendered":"<p>Flash Winter Tights &#8211; Flash Winter Tights anv\u00e4nder en kombination av tyger f\u00f6r att erbjuda kartlagd isolering och ventilation f\u00f6r anv\u00e4ndning i kalla f\u00f6rh\u00e5llanden. Ett l\u00e4tt polyesterstretchfleece anv\u00e4nds p\u00e5 framsidan av l\u00e5ren och underbenen, som \u00e4r mest exponerade f\u00f6r v\u00e4derf\u00f6rh\u00e5llanden. Det l\u00e4ttare Flash-tyget anv\u00e4nds p\u00e5 \u00f6vriga paneler av tightsen f\u00f6r att ge ventilation och fri r\u00f6rlighet. Dessa 220g helskodda tights \u00e4r perfekta f\u00f6r vinterbestigningar och l\u00e4ngre dagar p\u00e5 h\u00f6g h\u00f6jd.<\/p>\n<p><strong>KALLARE V\u00c4DERSTIGHTS MED KROPPSKARTLAGDA FLEECE-PANELER<\/strong><br \/><strong>TERMISK PANELERING<\/strong><br \/>V\u00e5rt isolerande Meridian-tyg ger v\u00e4rme och stretch och har anv\u00e4nts \u00f6ver l\u00e5ren och nedre benen. Det ger skydd och v\u00e4rme mot v\u00e4derf\u00f6rh\u00e5llanden medan det l\u00e4ttare Flash-tyget m\u00f6jligg\u00f6r ventilation. Denna kombination av tyger \u00e4r idealisk f\u00f6r l\u00f6pning vid minusgrader med varierande aktivitetsniv\u00e5er under dagen.<\/p>\n<p><strong>DESIGNADE F\u00d6R VINTER<\/strong><br \/>Tygets termiska egenskaper ger v\u00e4rme till nyckelomr\u00e5den \u00e4ven n\u00e4r det \u00e4r bl\u00f6tt. Utformade f\u00f6r l\u00f6pning \u00f6ver sn\u00f6gr\u00e4nsen, kommer Flash Winter Tights att m\u00f6jligg\u00f6ra l\u00e4ngre rutter under frysta f\u00f6rh\u00e5llanden.<\/p>\n<p><strong>F\u00d6RVARINGSFICKA<\/strong><br \/>Flash Winter Tight har en f\u00f6rvaringsficka p\u00e5 utsidan av varje l\u00e5r. Detta \u00e4r idealiskt f\u00f6r kartor, kompass eller energibars som du beh\u00f6ver snabb tillg\u00e5ng till.<\/p>\n<p><strong>Flash Winter Tights<\/strong><br \/>4-v\u00e4gs stretch<br \/>Flatlock-s\u00f6mmar<br \/>Stretchfickor p\u00e5 l\u00e5ren<br \/>Nyckelficka<br \/>Grip-strimlor f\u00f6r att f\u00f6rhindra upprullning<br \/>Reflekterande s\u00e4kerhetsdetaljer<br \/>Elastisk midja med dragsko<br \/>F\u00e4rger: Svart\/Bl\u00e5<br \/>Material: Stretch Polyamid<br \/>Vikt: 220g<br \/>Storlekar: XS \/ S \/ M \/ L \/ XL<\/p>\n","protected":false},"excerpt":{"rendered":"<p>Flash Winter Tights anv\u00e4nder en kombination av tyger f\u00f6r att erbjuda kartlagd isolering och ventilation f\u00f6r anv\u00e4ndning i kalla f\u00f6rh\u00e5llanden. Ett l\u00e4ttviktigt polyesterstretchfleece anv\u00e4nds p\u00e5 framsidan av l\u00e5ren och nedre benen, vilka \u00e4r mest exponerade f\u00f6r v\u00e4derf\u00f6rh\u00e5llanden. Det l\u00e4ttare Flash-tyget anv\u00e4nds p\u00e5 \u00f6vriga paneler av tightsen f\u00f6r att ge ventilation och fri r\u00f6rlighet. Dessa 220g helskodda tights \u00e4r perfekta f\u00f6r vinterbestigningar och l\u00e4ngre dagar i bergen.<\/p>\n","protected":false},"featured_media":151927,"template":"","meta":{"_acf_changed":false,"_et_pb_use_builder":"","_et_pb_old_content":"","_et_gb_content_width":""},"locations":[],"product_brand":[],"product_cat":[1276,1272,2603],"product_tag":[2567,2358,2359],"class_list":{"0":"post-189881","1":"product","2":"type-product","3":"status-publish","4":"has-post-thumbnail","6":"product_cat-byxor","7":"product_cat-klader","8":"product_cat-rea","9":"product_tag-mens-winter-tights-sv","10":"product_tag-omm-flash-tight-sv","11":"product_tag-winter-running-tight-sv","12":"pa_color-svart","13":"pa_colour-svart-bla","14":"pa_gender-mens-sv","15":"pa_size-stor-sv","16":"pa_size-medium-sv","17":"pa_size-sma","18":"pa_size-x-stor-sv","19":"pa_size-x-sma","20":"pa_weight-200-300g","22":"first","23":"instock","24":"taxable","25":"shipping-taxable","26":"purchasable","27":"product-type-variable","28":"has-default-attributes","29":"wvs-archive-product-wrapper"},"acf":[],"yoast_head":"<!-- This site is optimized with the Yoast SEO plugin v27.3 - https:\/\/yoast.com\/product\/yoast-seo-wordpress\/ -->\n<title>Flash Winter Tights - OMM<\/title>\n<meta name=\"description\" content=\"The Flash Winter Tights, Colder Weather Tights With Body-Mapped Fleece Panels. Thermal Panelling. Made For Winter Stash Pocket\" \/>\n<meta name=\"robots\" content=\"index, follow, max-snippet:-1, max-image-preview:large, max-video-preview:-1\" \/>\n<link rel=\"canonical\" href=\"https:\/\/theomm.com\/product\/flash-winter-tight\/\" \/>\n<meta property=\"og:locale\" content=\"sv_SE\" \/>\n<meta property=\"og:type\" content=\"article\" \/>\n<meta property=\"og:title\" content=\"Flash Winter Tights - OMM\" \/>\n<meta property=\"og:description\" content=\"The Flash Winter Tights, Colder Weather Tights With Body-Mapped Fleece Panels. Thermal Panelling. Made For Winter Stash Pocket\" \/>\n<meta property=\"og:url\" content=\"https:\/\/theomm.com\/product\/flash-winter-tight\/\" \/>\n<meta property=\"og:site_name\" content=\"OMM\" \/>\n<meta property=\"article:publisher\" content=\"https:\/\/www.facebook.com\/OMMrunning?_ga=2.203172945.1541616462.1665402953-280172632.1649426001\" \/>\n<meta property=\"article:modified_time\" content=\"2026-01-03T00:03:55+00:00\" \/>\n<meta property=\"og:image\" content=\"https:\/\/theomm.com\/wp-content\/uploads\/2022\/10\/OC114-Flash-Winter-Tights-Front.jpg\" \/>\n\t<meta property=\"og:image:width\" content=\"600\" \/>\n\t<meta property=\"og:image:height\" content=\"600\" \/>\n\t<meta property=\"og:image:type\" content=\"image\/jpeg\" \/>\n<meta name=\"twitter:card\" content=\"summary_large_image\" \/>\n<meta name=\"twitter:label1\" content=\"Ber\u00e4knad l\u00e4stid\" \/>\n\t<meta name=\"twitter:data1\" content=\"1 minute\" \/>\n<script type=\"application\/ld+json\" class=\"yoast-schema-graph\">{\"@context\":\"https:\\\/\\\/schema.org\",\"@graph\":[{\"@type\":\"WebPage\",\"@id\":\"https:\\\/\\\/theomm.com\\\/product\\\/flash-winter-tight\\\/\",\"url\":\"https:\\\/\\\/theomm.com\\\/product\\\/flash-winter-tight\\\/\",\"name\":\"Flash Winter Tights - OMM\",\"isPartOf\":{\"@id\":\"https:\\\/\\\/theomm.com\\\/#website\"},\"primaryImageOfPage\":{\"@id\":\"https:\\\/\\\/theomm.com\\\/product\\\/flash-winter-tight\\\/#primaryimage\"},\"image\":{\"@id\":\"https:\\\/\\\/theomm.com\\\/product\\\/flash-winter-tight\\\/#primaryimage\"},\"thumbnailUrl\":\"https:\\\/\\\/theomm.com\\\/wp-content\\\/uploads\\\/2022\\\/10\\\/OC114-Flash-Winter-Tights-Front.jpg\",\"datePublished\":\"2022-08-30T10:43:27+00:00\",\"dateModified\":\"2026-01-03T00:03:55+00:00\",\"description\":\"The Flash Winter Tights, Colder Weather Tights With Body-Mapped Fleece Panels. Thermal Panelling. Made For Winter Stash Pocket\",\"breadcrumb\":{\"@id\":\"https:\\\/\\\/theomm.com\\\/product\\\/flash-winter-tight\\\/#breadcrumb\"},\"inLanguage\":\"sv-SE\",\"potentialAction\":[{\"@type\":\"ReadAction\",\"target\":[\"https:\\\/\\\/theomm.com\\\/product\\\/flash-winter-tight\\\/\"]}]},{\"@type\":\"ImageObject\",\"inLanguage\":\"sv-SE\",\"@id\":\"https:\\\/\\\/theomm.com\\\/product\\\/flash-winter-tight\\\/#primaryimage\",\"url\":\"https:\\\/\\\/theomm.com\\\/wp-content\\\/uploads\\\/2022\\\/10\\\/OC114-Flash-Winter-Tights-Front.jpg\",\"contentUrl\":\"https:\\\/\\\/theomm.com\\\/wp-content\\\/uploads\\\/2022\\\/10\\\/OC114-Flash-Winter-Tights-Front.jpg\",\"width\":600,\"height\":600},{\"@type\":\"BreadcrumbList\",\"@id\":\"https:\\\/\\\/theomm.com\\\/product\\\/flash-winter-tight\\\/#breadcrumb\",\"itemListElement\":[{\"@type\":\"ListItem\",\"position\":1,\"name\":\"Home\",\"item\":\"https:\\\/\\\/theomm.com\\\/sv\\\/original-mountain-marathon\\\/\"},{\"@type\":\"ListItem\",\"position\":2,\"name\":\"Produkter\",\"item\":\"https:\\\/\\\/theomm.com\\\/sv\\\/original-mountain-marathon\\\/produkter\\\/\"},{\"@type\":\"ListItem\",\"position\":3,\"name\":\"Flash Winter Tights\"}]},{\"@type\":\"WebSite\",\"@id\":\"https:\\\/\\\/theomm.com\\\/#website\",\"url\":\"https:\\\/\\\/theomm.com\\\/\",\"name\":\"OMM\",\"description\":\"OMM is Technical clothing and equipment made for running in the mountains. Designed to the specifications of Original Mountain Marathon.\",\"alternateName\":\"Original Mountain Marathon\",\"potentialAction\":[{\"@type\":\"SearchAction\",\"target\":{\"@type\":\"EntryPoint\",\"urlTemplate\":\"https:\\\/\\\/theomm.com\\\/?s={search_term_string}\"},\"query-input\":{\"@type\":\"PropertyValueSpecification\",\"valueRequired\":true,\"valueName\":\"search_term_string\"}}],\"inLanguage\":\"sv-SE\"}]}<\/script>\n<!-- \/ Yoast SEO plugin. -->","yoast_head_json":{"title":"Flash Winter Tights - OMM","description":"The Flash Winter Tights, Colder Weather Tights With Body-Mapped Fleece Panels. Thermal Panelling. Made For Winter Stash Pocket","robots":{"index":"index","follow":"follow","max-snippet":"max-snippet:-1","max-image-preview":"max-image-preview:large","max-video-preview":"max-video-preview:-1"},"canonical":"https:\/\/theomm.com\/product\/flash-winter-tight\/","og_locale":"sv_SE","og_type":"article","og_title":"Flash Winter Tights - OMM","og_description":"The Flash Winter Tights, Colder Weather Tights With Body-Mapped Fleece Panels. Thermal Panelling. Made For Winter Stash Pocket","og_url":"https:\/\/theomm.com\/product\/flash-winter-tight\/","og_site_name":"OMM","article_publisher":"https:\/\/www.facebook.com\/OMMrunning?_ga=2.203172945.1541616462.1665402953-280172632.1649426001","article_modified_time":"2026-01-03T00:03:55+00:00","og_image":[{"width":600,"height":600,"url":"https:\/\/theomm.com\/wp-content\/uploads\/2022\/10\/OC114-Flash-Winter-Tights-Front.jpg","type":"image\/jpeg"}],"twitter_card":"summary_large_image","twitter_misc":{"Ber\u00e4knad l\u00e4stid":"1 minute"},"schema":{"@context":"https:\/\/schema.org","@graph":[{"@type":"WebPage","@id":"https:\/\/theomm.com\/product\/flash-winter-tight\/","url":"https:\/\/theomm.com\/product\/flash-winter-tight\/","name":"Flash Winter Tights - OMM","isPartOf":{"@id":"https:\/\/theomm.com\/#website"},"primaryImageOfPage":{"@id":"https:\/\/theomm.com\/product\/flash-winter-tight\/#primaryimage"},"image":{"@id":"https:\/\/theomm.com\/product\/flash-winter-tight\/#primaryimage"},"thumbnailUrl":"https:\/\/theomm.com\/wp-content\/uploads\/2022\/10\/OC114-Flash-Winter-Tights-Front.jpg","datePublished":"2022-08-30T10:43:27+00:00","dateModified":"2026-01-03T00:03:55+00:00","description":"The Flash Winter Tights, Colder Weather Tights With Body-Mapped Fleece Panels. Thermal Panelling. Made For Winter Stash Pocket","breadcrumb":{"@id":"https:\/\/theomm.com\/product\/flash-winter-tight\/#breadcrumb"},"inLanguage":"sv-SE","potentialAction":[{"@type":"ReadAction","target":["https:\/\/theomm.com\/product\/flash-winter-tight\/"]}]},{"@type":"ImageObject","inLanguage":"sv-SE","@id":"https:\/\/theomm.com\/product\/flash-winter-tight\/#primaryimage","url":"https:\/\/theomm.com\/wp-content\/uploads\/2022\/10\/OC114-Flash-Winter-Tights-Front.jpg","contentUrl":"https:\/\/theomm.com\/wp-content\/uploads\/2022\/10\/OC114-Flash-Winter-Tights-Front.jpg","width":600,"height":600},{"@type":"BreadcrumbList","@id":"https:\/\/theomm.com\/product\/flash-winter-tight\/#breadcrumb","itemListElement":[{"@type":"ListItem","position":1,"name":"Home","item":"https:\/\/theomm.com\/sv\/original-mountain-marathon\/"},{"@type":"ListItem","position":2,"name":"Produkter","item":"https:\/\/theomm.com\/sv\/original-mountain-marathon\/produkter\/"},{"@type":"ListItem","position":3,"name":"Flash Winter Tights"}]},{"@type":"WebSite","@id":"https:\/\/theomm.com\/#website","url":"https:\/\/theomm.com\/","name":"OMM","description":"OMM is Technical clothing and equipment made for running in the mountains. Designed to the specifications of Original Mountain Marathon.","alternateName":"Original Mountain Marathon","potentialAction":[{"@type":"SearchAction","target":{"@type":"EntryPoint","urlTemplate":"https:\/\/theomm.com\/?s={search_term_string}"},"query-input":{"@type":"PropertyValueSpecification","valueRequired":true,"valueName":"search_term_string"}}],"inLanguage":"sv-SE"}]}},"_links":{"self":[{"href":"https:\/\/theomm.com\/sv\/wp-json\/wp\/v2\/product\/189881","targetHints":{"allow":["GET"]}}],"collection":[{"href":"https:\/\/theomm.com\/sv\/wp-json\/wp\/v2\/product"}],"about":[{"href":"https:\/\/theomm.com\/sv\/wp-json\/wp\/v2\/types\/product"}],"wp:featuredmedia":[{"embeddable":true,"href":"https:\/\/theomm.com\/sv\/wp-json\/wp\/v2\/media\/151927"}],"wp:attachment":[{"href":"https:\/\/theomm.com\/sv\/wp-json\/wp\/v2\/media?parent=189881"}],"wp:term":[{"taxonomy":"locations","embeddable":true,"href":"https:\/\/theomm.com\/sv\/wp-json\/wp\/v2\/locations?post=189881"},{"taxonomy":"product_brand","embeddable":true,"href":"https:\/\/theomm.com\/sv\/wp-json\/wp\/v2\/product_brand?post=189881"},{"taxonomy":"product_cat","embeddable":true,"href":"https:\/\/theomm.com\/sv\/wp-json\/wp\/v2\/product_cat?post=189881"},{"taxonomy":"product_tag","embeddable":true,"href":"https:\/\/theomm.com\/sv\/wp-json\/wp\/v2\/product_tag?post=189881"}],"curies":[{"name":"wp","href":"https:\/\/api.w.org\/{rel}","templated":true}]}}