{"id":190836,"date":"2024-03-13T16:41:46","date_gmt":"2024-03-13T16:41:46","guid":{"rendered":"https:\/\/theomm.com\/?post_type=product&#038;p=190836"},"modified":"2025-10-09T13:56:36","modified_gmt":"2025-10-09T13:56:36","slug":"aether-jacket","status":"publish","type":"product","link":"https:\/\/theomm.com\/sv\/product\/aether-jacket\/","title":{"rendered":"Aether Jacket"},"content":{"rendered":"<div class=\"et_pb_section et_pb_section_0_tb_body et-show-more-container et_section_regular\">\n<div class=\"et_pb_sticky--has-transform et_pb_row et_pb_row_2_tb_body et_pb_sticky_module et_pb_gutters1\">\n<div class=\"et_pb_column et_pb_column_4_4 et_pb_column_3_tb_body et_pb_css_mix_blend_mode_passthrough et-last-child\">\n<div class=\"et_pb_module et_pb_wc_title et_pb_wc_title_0_tb_body et_pb_bg_layout_light\">\n<div class=\"et_pb_module_inner\">\n<h1>AETHER JACKET<\/h1>\n<\/div>\n<\/div>\n<div class=\"et_pb_module et_pb_wc_price et_pb_wc_price_0_tb_body et_pb_text_align_left\">\n<div class=\"et_pb_module_inner\">\n<p class=\"price\"><span class=\"wcpbc-price wcpbc-price-182289\" data-product-id=\"182289\"><span class=\"woocommerce-Price-amount amount\"><bdi><span class=\"woocommerce-Price-currencySymbol\">AETHER JACKET <\/span><\/bdi><\/span><\/span><\/p>\n<p class=\"price\">OC200<\/p>\n<\/div>\n<\/div>\n<div class=\"et_pb_module et_pb_text et_pb_text_2_tb_body et_pb_text_align_center et_pb_bg_layout_light\">\n<div class=\"et_pb_text_inner\">F\u00d6RMODLIGEN V\u00c4RLDENS T\u00c5LIGASTE L\u00d6PARJACKA KONSTRUERAD MED DYNEEMA<\/div>\n<\/div>\n<div class=\"et_pb_button_module_wrapper et_pb_button_3_tb_body_wrapper et_pb_button_alignment_center et_pb_module \"><a class=\"et_pb_button et_pb_button_3_tb_body et-show-more-toggle-1 et_pb_bg_layout_light\" href=\"https:\/\/theomm.com\/?post_type=product&amp;p=182289&amp;preview_id=182289&amp;preview_nonce=7d032f64c1&amp;_thumbnail_id=-1&amp;preview=true#toggle3\" data-icon=\"P\">More Info<\/a><\/div>\n<div class=\"et_pb_module et_pb_wc_add_to_cart et_pb_wc_add_to_cart_0_tb_body et_pb_hide_stock et_pb_fields_label_position_inline et_pb_bg_layout_ et_pb_woo_custom_button_icon et_pb_text_align_left\" data-button-class=\"single_add_to_cart_button\" data-button-icon=\"\uf217\" data-button-icon-tablet=\"\" data-button-icon-phone=\"\">\n<div class=\"et_pb_module_inner\">\u00a0<\/div>\n<\/div>\n<div class=\"et_pb_button_module_wrapper et_pb_button_4_tb_body_wrapper et_pb_button_alignment_left et_pb_module \"><a class=\"et_pb_button et_pb_button_4_tb_body lightbox-trigger-size et_pb_bg_layout_light\" href=\"https:\/\/theomm.com\/?post_type=product&amp;p=182289&amp;preview_id=182289&amp;preview_nonce=7d032f64c1&amp;_thumbnail_id=-1&amp;preview=true#open\" data-icon=\"\uf547\">Size Guide<\/a><\/div>\n<div class=\"et_pb_button_module_wrapper et_pb_button_7_tb_body_wrapper et_pb_button_alignment_left et_pb_module \"><a class=\"et_pb_button et_pb_button_7_tb_body lightbox-trigger-shell et_pb_bg_layout_light\" href=\"https:\/\/theomm.com\/?post_type=product&amp;p=182289&amp;preview_id=182289&amp;preview_nonce=7d032f64c1&amp;_thumbnail_id=-1&amp;preview=true#open\" data-icon=\"\uf043\">Shell Comparison<\/a><\/div>\n<div class=\"et_pb_button_module_wrapper et_pb_button_9_tb_body_wrapper et_pb_button_alignment_left et_pb_module \"><a class=\"et_pb_button et_pb_button_9_tb_body et_pb_bg_layout_light\" href=\"https:\/\/theomm.com\/project\/omm-glossary\/\" target=\"_blank\" rel=\"noopener\" data-icon=\"\uf518\">OMM Glossary<\/a><\/div>\n<\/div>\n<\/div>\n<\/div>\n<div class=\"et_pb_section et_pb_section_1_tb_body et-show-more-container et_section_regular\">\n<div class=\"et_pb_row et_pb_row_3_tb_body et_pb_gutters1\">\n<div class=\"et_pb_column et_pb_column_2_5 et_pb_column_4_tb_body et_pb_css_mix_blend_mode_passthrough\">\n<div class=\"et_pb_module et_pb_image et_pb_image_3_tb_body et_pb_image_sticky\">\u00a0<\/div>\n<div class=\"et_pb_module et_pb_image et_pb_image_4_tb_body et_pb_image_sticky\">\u00a0<\/div>\n<\/div>\n<div class=\"et_pb_with_border et_pb_column_3_5 et_pb_column et_pb_column_5_tb_body et_pb_css_mix_blend_mode_passthrough et-last-child\">\n<div class=\"et_pb_with_border et_pb_module et_pb_wc_images et_pb_wc_images_1_tb_body et_pb_bg_layout_\">\n<div class=\"et_pb_module_inner\">\n<div class=\"woo-variation-product-gallery woo-variation-product-gallery-thumbnail-columns-4 woo-variation-gallery-no-product-thumbnail woo-variation-gallery-enabled-thumbnail-slider\" data-product_id=\"182289\" data-variation_id=\"0\">\n<div class=\"woo-variation-gallery-wrapper woo-variation-gallery-thumbnail-position-bottom-bottom woo-variation-gallery-product-type-variable wvg-loaded\">\n<div class=\"woo-variation-gallery-container preload-style-fade\">\n<div class=\"woo-variation-gallery-slider-wrapper\">\n<div class=\"woo-variation-gallery-slider slick-initialized slick-slider\" style=\"box-sizing: border-box; margin: 0px; padding: 0px; border: 0px; outline: 0px; font-size: 16px; text-size-adjust: 100%; vertical-align: baseline; background: transparent; -webkit-tap-highlight-color: transparent; touch-action: pan-y; user-select: none; display: block; position: relative;\" data-slick=\"{&quot;slidesToShow&quot;:1,&quot;slidesToScroll&quot;:1,&quot;arrows&quot;:true,&quot;adaptiveHeight&quot;:true,&quot;rtl&quot;:false,&quot;prevArrow&quot;:&quot;&lt;i class=&quot;wvg-slider-prev-arrow dashicons dashicons-arrow-left-alt2&quot;&gt;&lt;\/i&gt;&quot;,&quot;nextArrow&quot;:&quot;&lt;i class=&quot;wvg-slider-next-arrow dashicons dashicons-arrow-right-alt2&quot;&gt;&lt;\/i&gt;&quot;,&quot;speed&quot;:300,&quot;asNavFor&quot;:&quot;.woo-variation-gallery-thumbnail-slider&quot;}\">\n<div class=\"slick-list draggable\">\n<div class=\"slick-track\">\n<div class=\"slick-slide slick-current slick-active\" data-slick-index=\"0\" aria-hidden=\"false\">\n<div class=\"wvg-gallery-image wvg-gallery-image-placeholder\">\n<div class=\"wvg-single-gallery-image-container\">\u00a0<\/div>\n<\/div>\n<\/div>\n<\/div>\n<\/div>\n<\/div>\n<\/div>\n<\/div>\n<\/div>\n<\/div>\n<\/div>\n<\/div>\n<\/div>\n<\/div>\n<div class=\"et_pb_with_border et_pb_row et_pb_row_5_tb_body et_pb_gutters1\">\n<div class=\"et_pb_column et_pb_column_4_4 et_pb_column_9_tb_body et_pb_css_mix_blend_mode_passthrough et-last-child\">\n<div class=\"et_pb_button_module_wrapper et_pb_button_10_tb_body_wrapper et_pb_button_alignment_center et_pb_module \"><a class=\"et_pb_button et_pb_button_10_tb_body et-show-more-toggle-im et_pb_bg_layout_light\" href=\"https:\/\/theomm.com\/?post_type=product&amp;p=182289&amp;preview_id=182289&amp;preview_nonce=7d032f64c1&amp;_thumbnail_id=-1&amp;preview=true\" data-icon=\"\uf107\">More Images<\/a><\/div>\n<\/div>\n<\/div>\n<div id=\"toggle3\" class=\"et_pb_row et_pb_row_7_tb_body et_pb_gutters1\">\n<div class=\"et_pb_column et_pb_column_4_4 et_pb_column_11_tb_body et_pb_css_mix_blend_mode_passthrough et-last-child\">\n<div class=\"et_pb_module et_pb_text et_pb_text_4_tb_body et_pb_text_align_center et_pb_bg_layout_light\">\n<div class=\"et_pb_text_inner\">LEANWEIGHT 225G<\/div>\n<\/div>\n<div class=\"et_pb_module et_pb_text et_pb_text_5_tb_body et_pb_text_align_center et_pb_bg_layout_light\">\n<div class=\"et_pb_text_inner\">HYDROSTATIC HEAD 20,000mm<\/div>\n<\/div>\n<div class=\"et_pb_module et_pb_text et_pb_text_6_tb_body et_pb_text_align_center et_pb_bg_layout_light\">\n<div class=\"et_pb_text_inner\">BREATHABILITY 20,000g\/m2<\/div>\n<\/div>\n<\/div>\n<\/div>\n<div class=\"et_pb_with_border et_pb_row et_pb_row_8_tb_body et_pb_gutters1\">\n<div class=\"et_pb_column et_pb_column_4_4 et_pb_column_12_tb_body et_pb_css_mix_blend_mode_passthrough et-last-child\">\n<div class=\"et_pb_button_module_wrapper et_pb_button_11_tb_body_wrapper et_pb_button_alignment_left et_pb_module \"><a class=\"et_pb_button et_pb_button_11_tb_body et-show-more-toggle-1 et_pb_bg_layout_light\" href=\"https:\/\/theomm.com\/?post_type=product&amp;p=182289&amp;preview_id=182289&amp;preview_nonce=7d032f64c1&amp;_thumbnail_id=-1&amp;preview=true\" data-icon=\"P\">Description<\/a><\/div>\n<\/div>\n<\/div>\n<div class=\"et_pb_row et_pb_row_9_tb_body et-show-more-content-1 et_pb_gutters1\">\n<div class=\"et_pb_column et_pb_column_4_4 et_pb_column_13_tb_body et_pb_css_mix_blend_mode_passthrough et-last-child\">\n<div class=\"et_pb_module et_pb_text et_pb_text_7_tb_body et_pb_text_align_left et_pb_bg_layout_light\">\n<div class=\"et_pb_text_inner\">\n<div class=\"woocommerce et-dynamic-content-woo et-dynamic-content-woo--product_short_description\">\n<div class=\"ewa-rteLine\">\n<p><strong>Konstruerad av Dyneema-tyg och kombinerad med ett mycket andningsbart membran samt alla funktioner du f\u00f6rv\u00e4ntar dig av en alpinjacka, men som v\u00e4ger mindre \u00e4n de flesta andra l\u00f6parjackor, kryssar Aether i m\u00e5nga rutor.<\/strong><\/p>\n<p>Lika bekv\u00e4m p\u00e5 en regnig hed som p\u00e5 en exponerad alpinkam, erbjuder Aether h\u00e5llbarheten hos ett mycket tyngre bergsskal med vikten och packbarheten hos mycket tunnare jackor, tack vare den otroliga fysiken bakom Dyneema. Dyneema, v\u00e4rldens starkaste fiber, \u00e4r 15 g\u00e5nger starkare \u00e4n st\u00e5l men har en vikt som ligger n\u00e4ra silke. Vanligt f\u00f6rekommande i ballistisk kroppspansar, kl\u00e4tterselar och b\u00e5tutrustning har Dyneema l\u00e4nge varit uppskattad f\u00f6r sin otroliga l\u00e4tta styrka och h\u00e5llbarhet.<\/p>\n<p>Och det \u00e4r denna h\u00e5llbarhet som g\u00f6r Aether till en av v\u00e5ra mest h\u00e5llbara jackor hittills. Kombinerad med den nu industristandard PFC-fria DWR och PFAS-fria membranet; Dyneema \u00e4r tillverkad av \u00e5tervunnet material och \u00f6ppnar m\u00f6jligheten f\u00f6r en helt h\u00e5llbar och cirkul\u00e4r tillverkning, vilket minimerar avfall och minskar p\u00e5verkan av b\u00e5de tillverkning och anv\u00e4ndning.<\/p>\n<\/div>\n<\/div>\n<\/div>\n<\/div>\n<div class=\"et_pb_module et_pb_code et_pb_code_1_tb_body\">\n<div class=\"et_pb_code_inner\">\u00a0<\/div>\n<\/div>\n<\/div>\n<\/div>\n<div class=\"et_pb_with_border et_pb_row et_pb_row_10_tb_body et_pb_gutters1\">\n<div class=\"et_pb_column et_pb_column_4_4 et_pb_column_14_tb_body et_pb_css_mix_blend_mode_passthrough et-last-child\">\n<div class=\"et_pb_button_module_wrapper et_pb_button_14_tb_body_wrapper et_pb_button_alignment_left et_pb_module \"><a class=\"et_pb_button et_pb_button_14_tb_body et-show-more-toggle-2 et_pb_bg_layout_light et-show-more-toggle-2_active\" href=\"https:\/\/theomm.com\/?post_type=product&amp;p=182289&amp;preview_id=182289&amp;preview_nonce=7d032f64c1&amp;_thumbnail_id=-1&amp;preview=true\" data-icon=\"P\">Product Highlights<\/a><\/div>\n<\/div>\n<\/div>\n<div class=\"et_pb_row et_pb_row_11_tb_body et-show-more-content-2 et_pb_gutters1\">\n<div class=\"et_pb_column et_pb_column_3_5 et_pb_column_15_tb_body et_pb_css_mix_blend_mode_passthrough\">\n<div class=\"et_pb_module et_pb_text et_pb_text_8_tb_body et_pb_text_align_center et_pb_bg_layout_light\">\n<div class=\"et_pb_text_inner\">\n<p><strong>DYNEEMAS STYRKA<\/strong><\/p>\n<p>Dyneema \u00e4r v\u00e4rldens starkaste fiber, med en brotth\u00e5llfasthet som \u00e4r 15 g\u00e5nger starkare \u00e4n st\u00e5l. Den anv\u00e4nds inom branscher d\u00e4r h\u00f6g dragh\u00e5llfasthet \u00e4r av avg\u00f6rande betydelse, fr\u00e5n kl\u00e4tterselar till ballistiska v\u00e4star. Genom att f\u00f6rst\u00e4rka v\u00e5rt l\u00e4tta nylonskal med Dyneema \u00e4r vi s\u00e4kra p\u00e5 att Aether \u00e4r ett bergss\u00e4kert alternativ f\u00f6r dem som vill f\u00f6rbli skyddade mil efter mil, repa efter repa.<\/p>\n<p><strong>PRESTANDA-SKAL<\/strong><\/p>\n<p>Med en 3-lagers konstruktion, med ett robust yttre skal, vattent\u00e4tt men andningsbart membran och ett v\u00e4vt tygst\u00f6d, \u00e4r Aether byggd f\u00f6r bergsl\u00f6pare, l\u00e4tta alpinister och dem som letar efter det b\u00e4sta skyddet till den l\u00e4ttaste vikten. Det v\u00e4vda tyget h\u00e5ller intern kondens borta fr\u00e5n huden, till skillnad fr\u00e5n l\u00e4ttare tv\u00e5lagersalternativ som ofta finns i l\u00f6parjackor, vilket ger en mycket mer bekv\u00e4m upplevelse.<\/p>\n<p><strong>H\u00c5LLBARHET I STYRKA<\/strong><\/p>\n<p>Dyneema \u00e4r tillverkad av \u00e5tervunna material, och den h\u00f6gkvalitativa nylonen kan \u00e5tervinnas i slutet av livsl\u00e4ngden till fler h\u00f6gkvalitativa produkter med minimalt svinn. Tack vare den h\u00f6ga h\u00e5llbarheten \u00e4r slutet av livsl\u00e4ngden f\u00f6r Aether l\u00e5ngt borta. Den mest h\u00e5llbara jackan \u00e4r den som h\u00e5ller l\u00e4ngst.<\/p>\n<\/div>\n<\/div>\n<\/div>\n<\/div>\n<div class=\"et_pb_row et_pb_row_13_tb_body et-show-more-content-2 et_pb_gutters1\">\n<div class=\"et_pb_column et_pb_column_2_5 et_pb_column_20_tb_body et_pb_css_mix_blend_mode_passthrough et-last-child\">\n<div class=\"et_pb_module et_pb_image et_pb_image_11_tb_body et_pb_image_sticky\">\u00a0<\/div>\n<\/div>\n<\/div>\n<div class=\"et_pb_with_border et_pb_row et_pb_row_14_tb_body et_pb_gutters1\">\n<div class=\"et_pb_column et_pb_column_4_4 et_pb_column_21_tb_body et_pb_css_mix_blend_mode_passthrough et-last-child\">\n<div class=\"et_pb_button_module_wrapper et_pb_button_15_tb_body_wrapper et_pb_button_alignment_left et_pb_module \"><a class=\"et_pb_button et_pb_button_15_tb_body et-show-more-toggle-3 et_pb_bg_layout_light et-show-more-toggle-3_active\" href=\"https:\/\/theomm.com\/?post_type=product&amp;p=182289&amp;preview_id=182289&amp;preview_nonce=7d032f64c1&amp;_thumbnail_id=-1&amp;preview=true\" data-icon=\"P\">Feats &amp; Deets<\/a><\/div>\n<\/div>\n<\/div>\n<div class=\"et_pb_row et_pb_row_15_tb_body et-show-more-content-3 et_pb_gutters2\">\n<div class=\"et_pb_column et_pb_column_1_2 et_pb_column_22_tb_body pa-inline-text et_pb_css_mix_blend_mode_passthrough\">\n<div class=\"et_pb_module et_pb_text et_pb_text_14_tb_body et_pb_text_align_center et_pb_bg_layout_light\">\n<div class=\"et_pb_text_inner\">\n<p><strong>FUNKTIONER<\/strong><\/p>\n<ul>\n<li>Vattent\u00e4t<\/li>\n<li>Vindt\u00e4t<\/li>\n<li>Aktiv passform<\/li>\n<li>Fullt tejpade minimala s\u00f6mmar<\/li>\n<li>Fullt justerbar laminerad och f\u00f6rst\u00e4rkt huva<\/li>\n<li>Hell\u00e5ng YKK AquaGuard-dragkedja<\/li>\n<li>Justerbara Velcro-muddar med integrerade tum\u00f6glor<\/li>\n<li>Reflekterande detaljer<\/li>\n<li>Fullt justerbar dynamisk droptail<\/li>\n<li>2 stora, upph\u00f6jda handfickor med dragkedja<\/li>\n<li>Dragkedjegarage<\/li>\n<\/ul>\n<\/div>\n<\/div>\n<\/div>\n<\/div>\n<\/div>\n","protected":false},"excerpt":{"rendered":"<div class=\"ewa-rteLine\">\n<p><strong>Konstruerad av Dyneema-f\u00f6rst\u00e4rkt nylon och kombinerad med ett mycket andningsbart membran samt alla funktioner du f\u00f6rv\u00e4ntar dig av en alpinjacka, men som v\u00e4ger mindre \u00e4n de flesta andra l\u00f6parjackor, kryssar Aether i m\u00e5nga rutor.<\/strong><\/p>\n<p>Lika hemma p\u00e5 en regnbl\u00e5st hed som p\u00e5 en exponerad alpinkam, erbjuder Aether h\u00e5llbarheten hos ett mycket tyngre bergsskal med vikten och packbarheten hos mycket tunnare jackor, tack vare den otroliga fysiken bakom Dyneema. Dyneema, v\u00e4rldens starkaste fiber, \u00e4r 15 g\u00e5nger starkare \u00e4n st\u00e5l men har en vikt som ligger n\u00e4ra silke. Vanligt f\u00f6rekommande i ballistiska kroppsrustningar, kl\u00e4tterselar och b\u00e5tutrustning, har Dyneema l\u00e4nge varit uppskattad f\u00f6r sin otroliga l\u00e4tta styrka och h\u00e5llbarhet.<\/p>\n<p>Och det \u00e4r denna h\u00e5llbarhet som g\u00f6r Aether till en av v\u00e5ra mest h\u00e5llbara jackor hittills. Kombinerad med den nu industristandard PFC-fria DWR och PFAS-fria membranet, \u00e4r Dyneema tillverkad av \u00e5tervunnet material och \u00f6ppnar m\u00f6jligheten f\u00f6r en helt h\u00e5llbar och cirkul\u00e4r tillverkning, vilket minimerar avfall och minskar p\u00e5verkan av b\u00e5de tillverkning och anv\u00e4ndning.<\/p>\n<\/div>\n","protected":false},"featured_media":195057,"template":"","meta":{"_acf_changed":false,"_et_pb_use_builder":"","_et_pb_old_content":"","_et_gb_content_width":""},"locations":[],"product_brand":[],"product_cat":[1272,1281,2457,1278],"product_tag":[2668,2666,2341,2642,2667,2398,2346,2669,2380,2638,2543],"class_list":{"0":"post-190836","1":"product","2":"type-product","3":"status-publish","4":"has-post-thumbnail","6":"product_cat-klader","7":"product_cat-nyheter","8":"product_cat-produkter-och-utrustning","9":"product_cat-yttre-lager","10":"product_tag-3-layer-jacket-sv","11":"product_tag-event-sv","12":"product_tag-lightweight-running-jacket-sv","13":"product_tag-lightweight-waterproof-jacket-sv","14":"product_tag-mens-waterprooof-jacket-sv","15":"product_tag-mens-jacket-sv","16":"product_tag-mens-running-jacket-sv","17":"product_tag-three-layer-sv","18":"product_tag-waterproof-sv","19":"product_tag-waterproof-jacket-sv","20":"product_tag-winter-running-sv","21":"pa_color-bla-sv","22":"pa_color-gra-sv","23":"pa_colour-bla-sv","24":"pa_colour-gra-sv","25":"pa_gender-mens-sv","26":"pa_size-stor-sv","27":"pa_size-medium-sv","28":"pa_size-sma","29":"pa_size-x-stor-sv","30":"pa_size-x-sma","31":"pa_technology-dyneema","32":"pa_weight-200-300g","34":"first","35":"instock","36":"taxable","37":"shipping-taxable","38":"purchasable","39":"product-type-variable","40":"has-default-attributes","41":"wvs-archive-product-wrapper"},"acf":[],"yoast_head":"<!-- This site is optimized with the Yoast SEO plugin v27.4 - https:\/\/yoast.com\/product\/yoast-seo-wordpress\/ -->\n<title>Aether Jacket - OMM<\/title>\n<meta name=\"description\" content=\"THE AETHER JACKET IS PROBABLY THE WORLD&#039;S TOUGHEST RUNNING JACKET. CONSTRUCTED FROM DYNEEMA, MOUNTAINEERING PROTECTION FOR THE MOUNTAIN RUNNER\" \/>\n<meta name=\"robots\" content=\"index, follow, max-snippet:-1, max-image-preview:large, max-video-preview:-1\" \/>\n<link rel=\"canonical\" href=\"https:\/\/theomm.com\/sv\/product\/aether-jacket\/\" \/>\n<meta property=\"og:locale\" content=\"sv_SE\" \/>\n<meta property=\"og:type\" content=\"article\" \/>\n<meta property=\"og:title\" content=\"Aether Jacket - OMM\" \/>\n<meta property=\"og:description\" content=\"THE AETHER JACKET IS PROBABLY THE WORLD&#039;S TOUGHEST RUNNING JACKET. CONSTRUCTED FROM DYNEEMA, MOUNTAINEERING PROTECTION FOR THE MOUNTAIN RUNNER\" \/>\n<meta property=\"og:url\" content=\"https:\/\/theomm.com\/sv\/product\/aether-jacket\/\" \/>\n<meta property=\"og:site_name\" content=\"OMM\" \/>\n<meta property=\"article:publisher\" content=\"https:\/\/www.facebook.com\/OMMrunning?_ga=2.203172945.1541616462.1665402953-280172632.1649426001\" \/>\n<meta property=\"article:modified_time\" content=\"2025-10-09T13:56:36+00:00\" \/>\n<meta property=\"og:image\" content=\"https:\/\/theomm.com\/wp-content\/uploads\/2024\/03\/OC200_Aether_Jacket_Grey_Front-1.jpg\" \/>\n\t<meta property=\"og:image:width\" content=\"1000\" \/>\n\t<meta property=\"og:image:height\" content=\"1000\" \/>\n\t<meta property=\"og:image:type\" content=\"image\/jpeg\" \/>\n<meta name=\"twitter:card\" content=\"summary_large_image\" \/>\n<meta name=\"twitter:label1\" content=\"Ber\u00e4knad l\u00e4stid\" \/>\n\t<meta name=\"twitter:data1\" content=\"2 minutes\" \/>\n<script type=\"application\/ld+json\" class=\"yoast-schema-graph\">{\"@context\":\"https:\\\/\\\/schema.org\",\"@graph\":[{\"@type\":\"WebPage\",\"@id\":\"https:\\\/\\\/theomm.com\\\/sv\\\/product\\\/aether-jacket\\\/\",\"url\":\"https:\\\/\\\/theomm.com\\\/sv\\\/product\\\/aether-jacket\\\/\",\"name\":\"Aether Jacket - OMM\",\"isPartOf\":{\"@id\":\"https:\\\/\\\/theomm.com\\\/#website\"},\"primaryImageOfPage\":{\"@id\":\"https:\\\/\\\/theomm.com\\\/sv\\\/product\\\/aether-jacket\\\/#primaryimage\"},\"image\":{\"@id\":\"https:\\\/\\\/theomm.com\\\/sv\\\/product\\\/aether-jacket\\\/#primaryimage\"},\"thumbnailUrl\":\"https:\\\/\\\/theomm.com\\\/wp-content\\\/uploads\\\/2024\\\/03\\\/OC200_Aether_Jacket_Grey_Front-1.jpg\",\"datePublished\":\"2024-03-13T16:41:46+00:00\",\"dateModified\":\"2025-10-09T13:56:36+00:00\",\"description\":\"THE AETHER JACKET IS PROBABLY THE WORLD'S TOUGHEST RUNNING JACKET. CONSTRUCTED FROM DYNEEMA, MOUNTAINEERING PROTECTION FOR THE MOUNTAIN RUNNER\",\"breadcrumb\":{\"@id\":\"https:\\\/\\\/theomm.com\\\/sv\\\/product\\\/aether-jacket\\\/#breadcrumb\"},\"inLanguage\":\"sv-SE\",\"potentialAction\":[{\"@type\":\"ReadAction\",\"target\":[\"https:\\\/\\\/theomm.com\\\/sv\\\/product\\\/aether-jacket\\\/\"]}]},{\"@type\":\"ImageObject\",\"inLanguage\":\"sv-SE\",\"@id\":\"https:\\\/\\\/theomm.com\\\/sv\\\/product\\\/aether-jacket\\\/#primaryimage\",\"url\":\"https:\\\/\\\/theomm.com\\\/wp-content\\\/uploads\\\/2024\\\/03\\\/OC200_Aether_Jacket_Grey_Front-1.jpg\",\"contentUrl\":\"https:\\\/\\\/theomm.com\\\/wp-content\\\/uploads\\\/2024\\\/03\\\/OC200_Aether_Jacket_Grey_Front-1.jpg\",\"width\":1000,\"height\":1000},{\"@type\":\"BreadcrumbList\",\"@id\":\"https:\\\/\\\/theomm.com\\\/sv\\\/product\\\/aether-jacket\\\/#breadcrumb\",\"itemListElement\":[{\"@type\":\"ListItem\",\"position\":1,\"name\":\"Home\",\"item\":\"https:\\\/\\\/theomm.com\\\/sv\\\/original-mountain-marathon\\\/\"},{\"@type\":\"ListItem\",\"position\":2,\"name\":\"Produkter\",\"item\":\"https:\\\/\\\/theomm.com\\\/sv\\\/original-mountain-marathon\\\/produkter\\\/\"},{\"@type\":\"ListItem\",\"position\":3,\"name\":\"Aether Jacket\"}]},{\"@type\":\"WebSite\",\"@id\":\"https:\\\/\\\/theomm.com\\\/#website\",\"url\":\"https:\\\/\\\/theomm.com\\\/\",\"name\":\"OMM\",\"description\":\"OMM is Technical clothing and equipment made for running in the mountains. Designed to the specifications of Original Mountain Marathon.\",\"alternateName\":\"Original Mountain Marathon\",\"potentialAction\":[{\"@type\":\"SearchAction\",\"target\":{\"@type\":\"EntryPoint\",\"urlTemplate\":\"https:\\\/\\\/theomm.com\\\/?s={search_term_string}\"},\"query-input\":{\"@type\":\"PropertyValueSpecification\",\"valueRequired\":true,\"valueName\":\"search_term_string\"}}],\"inLanguage\":\"sv-SE\"}]}<\/script>\n<!-- \/ Yoast SEO plugin. -->","yoast_head_json":{"title":"Aether Jacket - OMM","description":"THE AETHER JACKET IS PROBABLY THE WORLD'S TOUGHEST RUNNING JACKET. CONSTRUCTED FROM DYNEEMA, MOUNTAINEERING PROTECTION FOR THE MOUNTAIN RUNNER","robots":{"index":"index","follow":"follow","max-snippet":"max-snippet:-1","max-image-preview":"max-image-preview:large","max-video-preview":"max-video-preview:-1"},"canonical":"https:\/\/theomm.com\/sv\/product\/aether-jacket\/","og_locale":"sv_SE","og_type":"article","og_title":"Aether Jacket - OMM","og_description":"THE AETHER JACKET IS PROBABLY THE WORLD'S TOUGHEST RUNNING JACKET. CONSTRUCTED FROM DYNEEMA, MOUNTAINEERING PROTECTION FOR THE MOUNTAIN RUNNER","og_url":"https:\/\/theomm.com\/sv\/product\/aether-jacket\/","og_site_name":"OMM","article_publisher":"https:\/\/www.facebook.com\/OMMrunning?_ga=2.203172945.1541616462.1665402953-280172632.1649426001","article_modified_time":"2025-10-09T13:56:36+00:00","og_image":[{"width":1000,"height":1000,"url":"https:\/\/theomm.com\/wp-content\/uploads\/2024\/03\/OC200_Aether_Jacket_Grey_Front-1.jpg","type":"image\/jpeg"}],"twitter_card":"summary_large_image","twitter_misc":{"Ber\u00e4knad l\u00e4stid":"2 minutes"},"schema":{"@context":"https:\/\/schema.org","@graph":[{"@type":"WebPage","@id":"https:\/\/theomm.com\/sv\/product\/aether-jacket\/","url":"https:\/\/theomm.com\/sv\/product\/aether-jacket\/","name":"Aether Jacket - OMM","isPartOf":{"@id":"https:\/\/theomm.com\/#website"},"primaryImageOfPage":{"@id":"https:\/\/theomm.com\/sv\/product\/aether-jacket\/#primaryimage"},"image":{"@id":"https:\/\/theomm.com\/sv\/product\/aether-jacket\/#primaryimage"},"thumbnailUrl":"https:\/\/theomm.com\/wp-content\/uploads\/2024\/03\/OC200_Aether_Jacket_Grey_Front-1.jpg","datePublished":"2024-03-13T16:41:46+00:00","dateModified":"2025-10-09T13:56:36+00:00","description":"THE AETHER JACKET IS PROBABLY THE WORLD'S TOUGHEST RUNNING JACKET. CONSTRUCTED FROM DYNEEMA, MOUNTAINEERING PROTECTION FOR THE MOUNTAIN RUNNER","breadcrumb":{"@id":"https:\/\/theomm.com\/sv\/product\/aether-jacket\/#breadcrumb"},"inLanguage":"sv-SE","potentialAction":[{"@type":"ReadAction","target":["https:\/\/theomm.com\/sv\/product\/aether-jacket\/"]}]},{"@type":"ImageObject","inLanguage":"sv-SE","@id":"https:\/\/theomm.com\/sv\/product\/aether-jacket\/#primaryimage","url":"https:\/\/theomm.com\/wp-content\/uploads\/2024\/03\/OC200_Aether_Jacket_Grey_Front-1.jpg","contentUrl":"https:\/\/theomm.com\/wp-content\/uploads\/2024\/03\/OC200_Aether_Jacket_Grey_Front-1.jpg","width":1000,"height":1000},{"@type":"BreadcrumbList","@id":"https:\/\/theomm.com\/sv\/product\/aether-jacket\/#breadcrumb","itemListElement":[{"@type":"ListItem","position":1,"name":"Home","item":"https:\/\/theomm.com\/sv\/original-mountain-marathon\/"},{"@type":"ListItem","position":2,"name":"Produkter","item":"https:\/\/theomm.com\/sv\/original-mountain-marathon\/produkter\/"},{"@type":"ListItem","position":3,"name":"Aether Jacket"}]},{"@type":"WebSite","@id":"https:\/\/theomm.com\/#website","url":"https:\/\/theomm.com\/","name":"OMM","description":"OMM is Technical clothing and equipment made for running in the mountains. Designed to the specifications of Original Mountain Marathon.","alternateName":"Original Mountain Marathon","potentialAction":[{"@type":"SearchAction","target":{"@type":"EntryPoint","urlTemplate":"https:\/\/theomm.com\/?s={search_term_string}"},"query-input":{"@type":"PropertyValueSpecification","valueRequired":true,"valueName":"search_term_string"}}],"inLanguage":"sv-SE"}]}},"_links":{"self":[{"href":"https:\/\/theomm.com\/sv\/wp-json\/wp\/v2\/product\/190836","targetHints":{"allow":["GET"]}}],"collection":[{"href":"https:\/\/theomm.com\/sv\/wp-json\/wp\/v2\/product"}],"about":[{"href":"https:\/\/theomm.com\/sv\/wp-json\/wp\/v2\/types\/product"}],"wp:featuredmedia":[{"embeddable":true,"href":"https:\/\/theomm.com\/sv\/wp-json\/wp\/v2\/media\/195057"}],"wp:attachment":[{"href":"https:\/\/theomm.com\/sv\/wp-json\/wp\/v2\/media?parent=190836"}],"wp:term":[{"taxonomy":"locations","embeddable":true,"href":"https:\/\/theomm.com\/sv\/wp-json\/wp\/v2\/locations?post=190836"},{"taxonomy":"product_brand","embeddable":true,"href":"https:\/\/theomm.com\/sv\/wp-json\/wp\/v2\/product_brand?post=190836"},{"taxonomy":"product_cat","embeddable":true,"href":"https:\/\/theomm.com\/sv\/wp-json\/wp\/v2\/product_cat?post=190836"},{"taxonomy":"product_tag","embeddable":true,"href":"https:\/\/theomm.com\/sv\/wp-json\/wp\/v2\/product_tag?post=190836"}],"curies":[{"name":"wp","href":"https:\/\/api.w.org\/{rel}","templated":true}]}}