{"id":202359,"date":"2024-03-13T16:40:52","date_gmt":"2024-03-13T16:40:52","guid":{"rendered":"https:\/\/theomm.com\/product\/aether-jacket-w\/"},"modified":"2025-10-09T13:58:23","modified_gmt":"2025-10-09T13:58:23","slug":"aether-jacket-w","status":"publish","type":"product","link":"https:\/\/theomm.com\/sv\/product\/aether-jacket-w\/","title":{"rendered":"Aether Jacket W"},"content":{"rendered":"","protected":false},"excerpt":{"rendered":"<div class=\"ewa-rteLine\">\n<p>Aether \u00e4r tillverkad av Dyneema-tyg och kombinerad med ett membran med h\u00f6g andningsf\u00f6rm\u00e5ga och alla funktioner som du kan f\u00f6rv\u00e4nta dig av en bergskl\u00e4ttringsjacka, men \u00e4r l\u00e4ttare \u00e4n de flesta andra l\u00f6parjackor.<\/p>\n<p>Aether \u00e4r lika hemma p\u00e5 en regnig hed som p\u00e5 en exponerad alpin \u00e5s och har robustheten hos ett mycket tyngre bergsskal med vikten och packbarheten hos mycket tunnare jackor, tack vare den otroliga fysiken bakom Dyneema. Dyneema \u00e4r v\u00e4rldens starkaste fiber och \u00e4r 15 g\u00e5nger starkare \u00e4n st\u00e5l, men har en vikt som ligger n\u00e4rmare silke. Dyneema anv\u00e4nds ofta i ballistiska skyddsv\u00e4star, kl\u00e4ttersele och riggar till b\u00e5tar och har l\u00e4nge varit omtyckt f\u00f6r sin otroliga l\u00e4ttviktsstabilitet och h\u00e5llbarhet.<\/p>\n<p>Och det \u00e4r denna h\u00e5llbarhet som g\u00f6r Aether till en av v\u00e5ra mest h\u00e5llbara jackor hittills. Dyneema \u00e4r tillverkat av \u00e5tervunnet material och \u00f6ppnar upp f\u00f6r m\u00f6jligheten till h\u00e5llbarhet fr\u00e5n b\u00f6rjan till slut och cirkul\u00e4r tillverkning, vilket minimerar avfall och minskar p\u00e5verkan fr\u00e5n b\u00e5de tillverkning och anv\u00e4ndning.<\/p>\n<\/div>\n","protected":false},"featured_media":194786,"template":"","meta":{"_acf_changed":false,"_et_pb_use_builder":"off","_et_pb_old_content":"<div class=\"et_pb_section et_pb_section_0_tb_body et-show-more-container et_section_regular\">\r\n<div class=\"et_pb_sticky--has-transform et_pb_row et_pb_row_2_tb_body et_pb_sticky_module et_pb_gutters1 et_pb_sticky et_pb_sticky--top\">\r\n<div class=\"et_pb_column et_pb_column_4_4 et_pb_column_3_tb_body et_pb_css_mix_blend_mode_passthrough et-last-child\">\r\n<div class=\"et_pb_module et_pb_wc_title et_pb_wc_title_0_tb_body et_pb_bg_layout_light\">\r\n<div class=\"et_pb_module_inner\">\r\n<p>AETHER JACKET (W) Aether Jacket W OC201<br \/>F\u00d6RMODLIGEN V\u00c4RLDENS TUFFASTE AETHER JACKET L\u00d6PARJACKA. TILLVERKAD AV DYNEEMAF\u00d6RST\u00c4RKT NYLON<br \/>Mer information<br \/>Storleksguide<br \/>J\u00e4mf\u00f6relse av skal<br \/>OMM Ordlista<br \/>Yttre lager<br \/>Vanlig passform<br \/>AETHER JACKA (W)<\/p>\r\n<p>OC201<br \/>F\u00d6RMODLIGEN V\u00c4RLDENS TUFFASTE L\u00d6PARJACKA. TILLVERKAD AV DYNEEMAF\u00d6RST\u00c4RKT NYLON<br \/>Mer information<\/p>\r\n<p><br \/>Storleksguide<br \/>J\u00e4mf\u00f6relse av skal<br \/>OMM Ordlista<\/p>\r\n<p><br \/>Fler bilder<br \/>L\u00c4TT VIKT 190 g<br \/>HYDROSTATISKT HUVUD 20.000 mm<br \/>Andningsf\u00f6rm\u00e5ga 20.000 g\/m2<br \/>Beskrivning<br \/>Aether \u00e4r tillverkad av Dyneema-tyg och kombinerad med ett membran med h\u00f6g andningsf\u00f6rm\u00e5ga och alla funktioner som du kan f\u00f6rv\u00e4nta dig av en bergskl\u00e4ttringsjacka, men \u00e4r l\u00e4ttare \u00e4n de flesta andra l\u00f6parjackor.<\/p>\r\n<p><br \/>Aether \u00e4r lika hemma p\u00e5 en regnig hed som p\u00e5 en exponerad alpin \u00e5s och har robustheten hos ett mycket tyngre bergsskal med vikten och packbarheten hos mycket tunnare jackor, tack vare den otroliga fysiken bakom Dyneema. Dyneema \u00e4r v\u00e4rldens starkaste fiber och \u00e4r 15 g\u00e5nger starkare \u00e4n st\u00e5l, men har en vikt som ligger n\u00e4rmare silke. Dyneema anv\u00e4nds ofta i ballistiska skyddsv\u00e4star, kl\u00e4ttersele och riggar till b\u00e5tar och har l\u00e4nge varit omtyckt f\u00f6r sin otroliga l\u00e4ttviktsstabilitet och h\u00e5llbarhet.<\/p>\r\n<p><br \/>Och det \u00e4r denna h\u00e5llbarhet som g\u00f6r Aether till en av v\u00e5ra mest h\u00e5llbara jackor hittills. Dyneema \u00e4r tillverkat av \u00e5tervunnet material och \u00f6ppnar upp f\u00f6r m\u00f6jligheten till h\u00e5llbarhet fr\u00e5n b\u00f6rjan till slut och cirkul\u00e4r tillverkning, vilket minimerar avfallet och minskar p\u00e5verkan fr\u00e5n b\u00e5de tillverkning och anv\u00e4ndning.<\/p>\r\n<p><br \/>Produktens h\u00f6jdpunkter<br \/>DYNEEMAS STYRKA<br \/>Dyneema \u00e4r den starkaste fibern p\u00e5 planeten, med en brottstyrka som \u00e4r 15 g\u00e5nger h\u00f6gre \u00e4n st\u00e5l. Anv\u00e4nds i branscher d\u00e4r h\u00f6g dragh\u00e5llfasthet \u00e4r av avg\u00f6rande betydelse, fr\u00e5n kl\u00e4ttersele till ballistiska v\u00e4star. Genom att f\u00f6rst\u00e4rka v\u00e5rt l\u00e4tta nylonskal med Dyneema \u00e4r vi \u00f6vertygade om att Aether \u00e4r ett bergss\u00e4kert alternativ f\u00f6r dem som vill vara skyddade mil efter mil, skav efter skav.<\/p>\r\n<p><br \/>SKAL MED H\u00d6G PRESTANDA<br \/>Aether har en 3-lagers konstruktion med ett t\u00e5ligt ytterskal, ett vattent\u00e4tt membran som andas och en baksida i v\u00e4vt tyg och \u00e4r konstruerad f\u00f6r bergsl\u00f6pare, l\u00e4ttviktsalpinister och alla som vill ha b\u00e4sta m\u00f6jliga skydd till l\u00e4gsta m\u00f6jliga vikt. Den v\u00e4vda baksidan h\u00e5ller intern kondens borta fr\u00e5n huden, till skillnad fr\u00e5n l\u00e4ttare 2-lagersalternativ som ofta finns i l\u00f6parjackor, vilket ger en mycket bekv\u00e4mare upplevelse.<br \/>H\u00c5LLBARHET I STYRKA<br \/>Dyneema \u00e4r tillverkat av \u00e5tervunnet material och den h\u00f6gkvalitativa nylonv\u00e4ven kan \u00e5tervinnas i slutet av sin livsl\u00e4ngd till en mer h\u00f6gkvalitativ produkt med minimalt spill. Tack vare den h\u00f6ga slitstyrkan \u00e4r det l\u00e5ngt kvar tills Aether \u00e4r uttj\u00e4nt. Den mest h\u00e5llbara jackan \u00e4r den som h\u00e5ller l\u00e4ngst.<\/p>\r\n<p><br \/>Funktioner och detaljer<br \/>FUNKTIONER<br \/>Vattent\u00e4t<br \/>Vindt\u00e4t<br \/>Aktivt snitt anpassat f\u00f6r kvinnor<br \/>Helt tejpade minimala s\u00f6mmar<br \/>Fullt justerbar laminerad och tr\u00e5dbunden huva<br \/>YKK AquaGuard-dragkedja i full l\u00e4ngd<br \/>Justerbara aktiva muddar med kardborreband och integrerade tumgrepp<br \/>Reflekterande detaljer<br \/>Fullt justerbar dynamisk dropptapp<br \/>2 stora upph\u00f6jda handfickor med dragkedja<br \/>Garage med dragkedja<\/p>\r\n<\/div>\r\n<\/div>\r\n<\/div>\r\n<\/div>\r\n<\/div>","_et_gb_content_width":""},"locations":[],"product_brand":[],"product_cat":[1272,1281,2457,1278],"product_tag":[2668,2666,2341,2642,2669,2380,2638,2543,2796,2795,2353],"class_list":{"0":"post-202359","1":"product","2":"type-product","3":"status-publish","4":"has-post-thumbnail","6":"product_cat-klader","7":"product_cat-nyheter","8":"product_cat-produkter-och-utrustning","9":"product_cat-yttre-lager","10":"product_tag-3-layer-jacket-sv","11":"product_tag-event-sv","12":"product_tag-lightweight-running-jacket-sv","13":"product_tag-lightweight-waterproof-jacket-sv","14":"product_tag-three-layer-sv","15":"product_tag-waterproof-sv","16":"product_tag-waterproof-jacket-sv","17":"product_tag-winter-running-sv","18":"product_tag-womens-jacket-sv","19":"product_tag-womens-running-waterproof-sv","20":"product_tag-womens-waterproof-running-jacket-sv","21":"pa_color-gra-sv","22":"pa_colour-gra-sv","23":"pa_gender-womens-sv","24":"pa_size-stor-sv","25":"pa_size-medium-sv","26":"pa_size-sma","27":"pa_size-x-stor-sv","28":"pa_size-x-sma","29":"pa_technology-dyneema","30":"pa_weight-200-300g","32":"first","33":"instock","34":"taxable","35":"shipping-taxable","36":"purchasable","37":"product-type-variable","38":"has-default-attributes","39":"wvs-archive-product-wrapper"},"acf":[],"yoast_head":"<!-- This site is optimized with the Yoast SEO plugin v27.3 - https:\/\/yoast.com\/product\/yoast-seo-wordpress\/ -->\n<title>Aether Jacket W - OMM<\/title>\n<meta name=\"description\" content=\"THE AETHER JACKET W IS PROBABLY THE WORLD&#039;S TOUGHEST RUNNING JACKET CONSTRUCTED FROM WITH DYNEEMA. MOUNTAINEERING PROTECTION FOR THE MOUNTAIN RUNNER\" \/>\n<meta name=\"robots\" content=\"index, follow, max-snippet:-1, max-image-preview:large, max-video-preview:-1\" \/>\n<link rel=\"canonical\" href=\"https:\/\/theomm.com\/sv\/product\/aether-jacket-w\/\" \/>\n<meta property=\"og:locale\" content=\"sv_SE\" \/>\n<meta property=\"og:type\" content=\"article\" \/>\n<meta property=\"og:title\" content=\"Aether Jacket W - OMM\" \/>\n<meta property=\"og:description\" content=\"THE AETHER JACKET W IS PROBABLY THE WORLD&#039;S TOUGHEST RUNNING JACKET CONSTRUCTED FROM WITH DYNEEMA. MOUNTAINEERING PROTECTION FOR THE MOUNTAIN RUNNER\" \/>\n<meta property=\"og:url\" content=\"https:\/\/theomm.com\/sv\/product\/aether-jacket-w\/\" \/>\n<meta property=\"og:site_name\" content=\"OMM\" \/>\n<meta property=\"article:publisher\" content=\"https:\/\/www.facebook.com\/OMMrunning?_ga=2.203172945.1541616462.1665402953-280172632.1649426001\" \/>\n<meta property=\"article:modified_time\" content=\"2025-10-09T13:58:23+00:00\" \/>\n<meta property=\"og:image\" content=\"https:\/\/theomm.com\/wp-content\/uploads\/2024\/10\/Untitled-2.jpg\" \/>\n\t<meta property=\"og:image:width\" content=\"600\" \/>\n\t<meta property=\"og:image:height\" content=\"600\" \/>\n\t<meta property=\"og:image:type\" content=\"image\/jpeg\" \/>\n<meta name=\"twitter:card\" content=\"summary_large_image\" \/>\n<script type=\"application\/ld+json\" class=\"yoast-schema-graph\">{\"@context\":\"https:\\\/\\\/schema.org\",\"@graph\":[{\"@type\":\"WebPage\",\"@id\":\"https:\\\/\\\/theomm.com\\\/sv\\\/product\\\/aether-jacket-w\\\/\",\"url\":\"https:\\\/\\\/theomm.com\\\/sv\\\/product\\\/aether-jacket-w\\\/\",\"name\":\"Aether Jacket W - OMM\",\"isPartOf\":{\"@id\":\"https:\\\/\\\/theomm.com\\\/#website\"},\"primaryImageOfPage\":{\"@id\":\"https:\\\/\\\/theomm.com\\\/sv\\\/product\\\/aether-jacket-w\\\/#primaryimage\"},\"image\":{\"@id\":\"https:\\\/\\\/theomm.com\\\/sv\\\/product\\\/aether-jacket-w\\\/#primaryimage\"},\"thumbnailUrl\":\"https:\\\/\\\/theomm.com\\\/wp-content\\\/uploads\\\/2024\\\/10\\\/Untitled-2.jpg\",\"datePublished\":\"2024-03-13T16:40:52+00:00\",\"dateModified\":\"2025-10-09T13:58:23+00:00\",\"description\":\"THE AETHER JACKET W IS PROBABLY THE WORLD'S TOUGHEST RUNNING JACKET CONSTRUCTED FROM WITH DYNEEMA. MOUNTAINEERING PROTECTION FOR THE MOUNTAIN RUNNER\",\"breadcrumb\":{\"@id\":\"https:\\\/\\\/theomm.com\\\/sv\\\/product\\\/aether-jacket-w\\\/#breadcrumb\"},\"inLanguage\":\"sv-SE\",\"potentialAction\":[{\"@type\":\"ReadAction\",\"target\":[\"https:\\\/\\\/theomm.com\\\/sv\\\/product\\\/aether-jacket-w\\\/\"]}]},{\"@type\":\"ImageObject\",\"inLanguage\":\"sv-SE\",\"@id\":\"https:\\\/\\\/theomm.com\\\/sv\\\/product\\\/aether-jacket-w\\\/#primaryimage\",\"url\":\"https:\\\/\\\/theomm.com\\\/wp-content\\\/uploads\\\/2024\\\/10\\\/Untitled-2.jpg\",\"contentUrl\":\"https:\\\/\\\/theomm.com\\\/wp-content\\\/uploads\\\/2024\\\/10\\\/Untitled-2.jpg\",\"width\":600,\"height\":600},{\"@type\":\"BreadcrumbList\",\"@id\":\"https:\\\/\\\/theomm.com\\\/sv\\\/product\\\/aether-jacket-w\\\/#breadcrumb\",\"itemListElement\":[{\"@type\":\"ListItem\",\"position\":1,\"name\":\"Home\",\"item\":\"https:\\\/\\\/theomm.com\\\/sv\\\/original-mountain-marathon\\\/\"},{\"@type\":\"ListItem\",\"position\":2,\"name\":\"Produkter\",\"item\":\"https:\\\/\\\/theomm.com\\\/sv\\\/original-mountain-marathon\\\/produkter\\\/\"},{\"@type\":\"ListItem\",\"position\":3,\"name\":\"Aether Jacket W\"}]},{\"@type\":\"WebSite\",\"@id\":\"https:\\\/\\\/theomm.com\\\/#website\",\"url\":\"https:\\\/\\\/theomm.com\\\/\",\"name\":\"OMM\",\"description\":\"OMM is Technical clothing and equipment made for running in the mountains. Designed to the specifications of Original Mountain Marathon.\",\"alternateName\":\"Original Mountain Marathon\",\"potentialAction\":[{\"@type\":\"SearchAction\",\"target\":{\"@type\":\"EntryPoint\",\"urlTemplate\":\"https:\\\/\\\/theomm.com\\\/?s={search_term_string}\"},\"query-input\":{\"@type\":\"PropertyValueSpecification\",\"valueRequired\":true,\"valueName\":\"search_term_string\"}}],\"inLanguage\":\"sv-SE\"}]}<\/script>\n<!-- \/ Yoast SEO plugin. -->","yoast_head_json":{"title":"Aether Jacket W - OMM","description":"THE AETHER JACKET W IS PROBABLY THE WORLD'S TOUGHEST RUNNING JACKET CONSTRUCTED FROM WITH DYNEEMA. MOUNTAINEERING PROTECTION FOR THE MOUNTAIN RUNNER","robots":{"index":"index","follow":"follow","max-snippet":"max-snippet:-1","max-image-preview":"max-image-preview:large","max-video-preview":"max-video-preview:-1"},"canonical":"https:\/\/theomm.com\/sv\/product\/aether-jacket-w\/","og_locale":"sv_SE","og_type":"article","og_title":"Aether Jacket W - OMM","og_description":"THE AETHER JACKET W IS PROBABLY THE WORLD'S TOUGHEST RUNNING JACKET CONSTRUCTED FROM WITH DYNEEMA. MOUNTAINEERING PROTECTION FOR THE MOUNTAIN RUNNER","og_url":"https:\/\/theomm.com\/sv\/product\/aether-jacket-w\/","og_site_name":"OMM","article_publisher":"https:\/\/www.facebook.com\/OMMrunning?_ga=2.203172945.1541616462.1665402953-280172632.1649426001","article_modified_time":"2025-10-09T13:58:23+00:00","og_image":[{"width":600,"height":600,"url":"https:\/\/theomm.com\/wp-content\/uploads\/2024\/10\/Untitled-2.jpg","type":"image\/jpeg"}],"twitter_card":"summary_large_image","schema":{"@context":"https:\/\/schema.org","@graph":[{"@type":"WebPage","@id":"https:\/\/theomm.com\/sv\/product\/aether-jacket-w\/","url":"https:\/\/theomm.com\/sv\/product\/aether-jacket-w\/","name":"Aether Jacket W - OMM","isPartOf":{"@id":"https:\/\/theomm.com\/#website"},"primaryImageOfPage":{"@id":"https:\/\/theomm.com\/sv\/product\/aether-jacket-w\/#primaryimage"},"image":{"@id":"https:\/\/theomm.com\/sv\/product\/aether-jacket-w\/#primaryimage"},"thumbnailUrl":"https:\/\/theomm.com\/wp-content\/uploads\/2024\/10\/Untitled-2.jpg","datePublished":"2024-03-13T16:40:52+00:00","dateModified":"2025-10-09T13:58:23+00:00","description":"THE AETHER JACKET W IS PROBABLY THE WORLD'S TOUGHEST RUNNING JACKET CONSTRUCTED FROM WITH DYNEEMA. MOUNTAINEERING PROTECTION FOR THE MOUNTAIN RUNNER","breadcrumb":{"@id":"https:\/\/theomm.com\/sv\/product\/aether-jacket-w\/#breadcrumb"},"inLanguage":"sv-SE","potentialAction":[{"@type":"ReadAction","target":["https:\/\/theomm.com\/sv\/product\/aether-jacket-w\/"]}]},{"@type":"ImageObject","inLanguage":"sv-SE","@id":"https:\/\/theomm.com\/sv\/product\/aether-jacket-w\/#primaryimage","url":"https:\/\/theomm.com\/wp-content\/uploads\/2024\/10\/Untitled-2.jpg","contentUrl":"https:\/\/theomm.com\/wp-content\/uploads\/2024\/10\/Untitled-2.jpg","width":600,"height":600},{"@type":"BreadcrumbList","@id":"https:\/\/theomm.com\/sv\/product\/aether-jacket-w\/#breadcrumb","itemListElement":[{"@type":"ListItem","position":1,"name":"Home","item":"https:\/\/theomm.com\/sv\/original-mountain-marathon\/"},{"@type":"ListItem","position":2,"name":"Produkter","item":"https:\/\/theomm.com\/sv\/original-mountain-marathon\/produkter\/"},{"@type":"ListItem","position":3,"name":"Aether Jacket W"}]},{"@type":"WebSite","@id":"https:\/\/theomm.com\/#website","url":"https:\/\/theomm.com\/","name":"OMM","description":"OMM is Technical clothing and equipment made for running in the mountains. Designed to the specifications of Original Mountain Marathon.","alternateName":"Original Mountain Marathon","potentialAction":[{"@type":"SearchAction","target":{"@type":"EntryPoint","urlTemplate":"https:\/\/theomm.com\/?s={search_term_string}"},"query-input":{"@type":"PropertyValueSpecification","valueRequired":true,"valueName":"search_term_string"}}],"inLanguage":"sv-SE"}]}},"_links":{"self":[{"href":"https:\/\/theomm.com\/sv\/wp-json\/wp\/v2\/product\/202359","targetHints":{"allow":["GET"]}}],"collection":[{"href":"https:\/\/theomm.com\/sv\/wp-json\/wp\/v2\/product"}],"about":[{"href":"https:\/\/theomm.com\/sv\/wp-json\/wp\/v2\/types\/product"}],"wp:featuredmedia":[{"embeddable":true,"href":"https:\/\/theomm.com\/sv\/wp-json\/wp\/v2\/media\/194786"}],"wp:attachment":[{"href":"https:\/\/theomm.com\/sv\/wp-json\/wp\/v2\/media?parent=202359"}],"wp:term":[{"taxonomy":"locations","embeddable":true,"href":"https:\/\/theomm.com\/sv\/wp-json\/wp\/v2\/locations?post=202359"},{"taxonomy":"product_brand","embeddable":true,"href":"https:\/\/theomm.com\/sv\/wp-json\/wp\/v2\/product_brand?post=202359"},{"taxonomy":"product_cat","embeddable":true,"href":"https:\/\/theomm.com\/sv\/wp-json\/wp\/v2\/product_cat?post=202359"},{"taxonomy":"product_tag","embeddable":true,"href":"https:\/\/theomm.com\/sv\/wp-json\/wp\/v2\/product_tag?post=202359"}],"curies":[{"name":"wp","href":"https:\/\/api.w.org\/{rel}","templated":true}]}}