{"id":217219,"date":"2025-11-21T11:21:11","date_gmt":"2025-11-21T11:21:11","guid":{"rendered":"https:\/\/theomm.com\/product\/fell-shoe\/"},"modified":"2026-04-09T09:04:24","modified_gmt":"2026-04-09T09:04:24","slug":"fell-shoe","status":"publish","type":"product","link":"https:\/\/theomm.com\/sv\/product\/fell-shoe\/","title":{"rendered":"Fell Shoe"},"content":{"rendered":"","protected":false},"excerpt":{"rendered":"<div data-ogsb=\"rgb(255, 255, 255)\">\n<p>Efter 55 \u00e5r i hj\u00e4rtat av brittisk bergsl\u00f6pning har OMM samarbetat med greppsexperterna Vibram f\u00f6r att skapa sin f\u00f6rsta sko \u2013 Fell Shoe. En specialdesignad fell\u00f6pningssko med r\u00f6tter i OMM:s bergstradition och tekniska innovation.<\/p>\n<p>Vi best\u00e4mde oss f\u00f6r att skapa en sko som inger f\u00f6rtroende i bergen. En sko som du inte kan springa ifr\u00e5n. En sko som greppar n\u00e4r det verkligen g\u00e4ller \u2013 i lera, myr och oj\u00e4mn bergsterr\u00e4ng \u2013 oavsett om du befinner dig p\u00e5 en markerad stig eller l\u00e5ngt bortom den.<\/p>\n<p>I samarbete med Vibram har vi kombinerat tre av deras avancerade grepptekniker med OMM:s praktiska erfarenhet av bergsl\u00f6pning f\u00f6r att skapa en superaggressiv sula och ett skr\u00e4ddarsytt m\u00f6nster. M\u00f6nsterdjupet varierar mellan 8 och 11 mm f\u00f6r maximalt grepp i mjuk mark och p\u00e5 sten, medan en 4 mm drop och en vikt p\u00e5 272 g ger en l\u00e4tt, precis och smidig k\u00e4nsla p\u00e5 teknisk terr\u00e4ng.<\/p>\n<p>Fell Shoe h\u00e5ller sin linje n\u00e4r f\u00f6rh\u00e5llandena f\u00f6rs\u00e4mras \u2013 n\u00e4r du kl\u00e4ttrar uppf\u00f6r bl\u00f6ta sluttningar, f\u00f6ljer smala f\u00e5rstigar \u00f6ver brant mark eller kastar dig nedf\u00f6r backar i v\u00e4der som skulle stoppa de flesta l\u00f6pare innan de ens kommit ig\u00e5ng.<\/p>\n<\/div>\n","protected":false},"featured_media":215662,"template":"","meta":{"_acf_changed":false,"_et_pb_use_builder":"off","_et_pb_old_content":"<p>OMM Fell Shoe \u00e4r v\u00e5r mest aggressiva fell\u00f6pningssko, tillverkad med Vibram f\u00f6r grepp i lera, myr och sten. Designad f\u00f6r fell\u00f6pning och terr\u00e4ngl\u00f6pning.<\/p>\r\n<p>Efter 55 \u00e5r i hj\u00e4rtat av brittisk bergsl\u00f6pning har OMM samarbetat med greppsexperterna Vibram f\u00f6r att skapa sin f\u00f6rsta sko \u2013 Fell Shoe. En specialbyggd fell\u00f6pningssko med r\u00f6tter i OMM:s bergstradition och tekniska innovation.<\/p>\r\n<p>Vi best\u00e4mde oss f\u00f6r att skapa en sko som inger f\u00f6rtroende i bergen. En sko som du inte kan springa ifr\u00e5n. En sko som greppar n\u00e4r det beh\u00f6vs som mest \u2013 i lera, myr och oj\u00e4mn bergsterr\u00e4ng \u2013 oavsett om du \u00e4r p\u00e5 en markerad stig eller l\u00e5ngt bortom den.<\/p>\r\n<p>I samarbete med Vibram har vi kombinerat tre av deras avancerade grepptekniker med OMM:s praktiska erfarenhet av bergsl\u00f6pning f\u00f6r att skapa en superaggressiv sula och ett skr\u00e4ddarsytt m\u00f6nster. M\u00f6nsterdjupet varierar mellan 8 och 11 mm f\u00f6r maximalt grepp i mjuk mark och p\u00e5 sten, medan en 4 mm drop och en vikt p\u00e5 272 g ger en l\u00e4tt, precis och smidig k\u00e4nsla p\u00e5 teknisk terr\u00e4ng.<\/p>\r\n<p>Fell Shoe h\u00e5ller sin linje n\u00e4r f\u00f6rh\u00e5llandena f\u00f6rs\u00e4mras \u2013 n\u00e4r du kl\u00e4ttrar uppf\u00f6r bl\u00f6ta sluttningar, f\u00f6ljer smala f\u00e5rstigar \u00f6ver brant terr\u00e4ng eller kastar dig nedf\u00f6r backar i v\u00e4der som skulle stoppa de flesta l\u00f6prundor innan de ens har b\u00f6rjat.<\/p>\r\n<p><strong>SLIDM\u00d6NSTER<\/strong><\/p>\r\n<p>Speciellt framtagen f\u00f6r brittiska berg med hj\u00e4lp av OMM:s omfattande erfarenhet av bergsmilj\u00f6er. Fell Shoe har ett specialdesignat slidm\u00f6nster som ger enormt grepp vid uppstigning, nedstigning, konturering eller bromsning. Vi har ocks\u00e5 f\u00f6rskjutit alla slider s\u00e5 att det inte finns n\u00e5gon siktlinje genom sulan. Det inneb\u00e4r att alla slider alltid \u00e4r i kontakt med underlaget och ger maximalt grepp.<\/p>\r\n<div data-ogsb=\"rgb(255, 255, 255)\">\r\n<p class=\"Paragraph SCXW231105341 BCX8\" dir=\"ltr\" data-ogsc=\"rgb(71, 71, 71)\">\u00a0<\/p>\r\n<\/div>\r\n<div data-ogsb=\"rgb(255, 255, 255)\">\r\n<p><strong>VIBRAM TRACTION LUG<\/strong><\/p>\r\n<p>Noppor har lagts till p\u00e5 sulorna.\u202f Sulor p\u00e5 sulor, om man s\u00e5 vill.\u202fVibram s\u00e4ger att dessa noppor \u00f6kar sulans yta med 50 %, vilket f\u00f6rb\u00e4ttrar greppet och dragkraften. Vi tycker att detta \u00e4r mycket logiskt. N\u00e4r sulorna trycks ner i marken f\u00e5ngar de mindre sulorna upp omr\u00e5den som motverkar glidning och f\u00f6rb\u00e4ttrar driv- och bromskraften.<\/p>\r\n<p><br \/>VI<strong>BRAM LITEBASE<\/strong><\/p>\r\n<p>Vibram Litebase \u00e4r skons gummibas. L\u00e4tthet \u00e4r viktigt f\u00f6r att spara energi och f\u00f6rb\u00e4ttra prestandan: Vibram Litebase minskar sulans totala vikt med 30 % genom att minska sulans tjocklek med 50 %, samtidigt som Vibrams kvalitet i fr\u00e5ga om grepp, dragkraft och h\u00e5llbarhet bibeh\u00e5lls.<\/p>\r\n<p>&nbsp;<\/p>\r\n<p><br \/><strong>VIBRAM MEGAGRIP<\/strong><\/p>\r\n<p>Vibram Megagrip \u00e4r en h\u00f6gpresterande gummiblandning som erbjuder o\u00f6vertr\u00e4ffade greppegenskaper p\u00e5 b\u00e5de torra och v\u00e5ta underlag. Den \u00e4r extremt slitstark och ger dig sj\u00e4lvf\u00f6rtroende och kontroll, samtidigt som den bibeh\u00e5ller en optimal balans mellan stabilitet och flexibilitet f\u00f6r anpassning till underlaget.<\/p>\r\n<p><br \/><strong>WAVE-TEKNIK<\/strong><\/p>\r\n<p>Genom att anv\u00e4nda b\u00e5de en Vibram-yttersula och mellansula kan vi forma en v\u00e5gform i skons sula. Detta ger flera f\u00f6rdelar. F\u00f6r det f\u00f6rsta minskar Wave den inre kompressionen i mellansulan, vilket inneb\u00e4r mindre r\u00f6relse inuti skon och mindre risk f\u00f6r tryckpunkter och bl\u00e5sor. Den sprider ocks\u00e5 energi l\u00e4ngs foten, vilket g\u00f6r den plattare och ger st\u00f6d n\u00e4r du r\u00f6r dig genom g\u00e5ngcykeln. N\u00e4r foten b\u00f6js minskar Wave skjuvkrafterna mellan skons lager, vilket f\u00f6rl\u00e4nger deras livsl\u00e4ngd. Slutligen, genom att placera dubbarna p\u00e5 denna v\u00e5g, uppn\u00e5r vi varierande dubbl\u00e4ngd \u00f6ver sulan \u2013 fr\u00e5n 8 mm upp till \u00f6ver 11 mm.<\/p>\r\n<\/div>\r\n<div data-ogsb=\"rgb(255, 255, 255)\">\r\n<p class=\"Paragraph SCXW231105341 BCX8\" dir=\"ltr\" data-ogsc=\"rgb(71, 71, 71)\">\u00a0<\/p>\r\n<\/div>\r\n<div data-ogsb=\"rgb(255, 255, 255)\">\r\n<p class=\"Paragraph TrackedChange SCXW231105341 BCX8\" dir=\"ltr\" data-ogsc=\"rgb(71, 71, 71)\"><b>X-LOCK<\/b><\/p>\r\n<\/div>\r\n<div data-ogsb=\"rgb(255, 255, 255)\">\r\n<p>Ett justerbart sn\u00f6rningsm\u00f6nster p\u00e5 ovansidan som minskar tryckpunkter \u00f6ver foten. Detta bibeh\u00e5ller sp\u00e4nningen, ger trygghet under foten och minskar skavpunkter. X-Lock h\u00e5ller ocks\u00e5 fast tungan och h\u00e5ller foten s\u00e4kert p\u00e5 plats i branta nedf\u00f6rsbackar, vilket inneb\u00e4r att du inte beh\u00f6ver sn\u00f6ra \u00e5t f\u00f6r h\u00e5rt.<\/p>\r\n<p><br \/><strong>ROCK PLATE<\/strong><\/p>\r\n<p>En liten EVA-platta \u00e4r inb\u00e4ddad mellan mellansulan och yttersulan d\u00e4r du sl\u00e5r i med framfoten. Detta sprider st\u00f6tarna och skyddar foten mot vassa stenar eller oj\u00e4mn terr\u00e4ng.<\/p>\r\n<p><br \/><strong>SKYDDS\u00d6VERDEL<\/strong><\/p>\r\n<p>Det t\u00e5liga ovandelen i ripstop-nylonmesh \u00e4r f\u00f6rst\u00e4rkt med TPU. TPU-delar (termoplastisk polyuretan) finns p\u00e5 viktiga kontaktpunkter f\u00f6r att \u00f6ka h\u00e5llbarheten utan att begr\u00e4nsa flexibiliteten och f\u00f6r att \u00f6ka f\u00f6rm\u00e5gan att t\u00e5la de tuffaste f\u00f6rh\u00e5llandena. TPU har lagts till i en rad olika skokomponenter, t\u00e5box, \u00f6glor och h\u00e4lkappar f\u00f6r att ge skydd mot stenar, t\u00f6rnbuskar, ljung och allt annat som bergen kan uts\u00e4tta dem f\u00f6r.<\/p>\r\n<p><br \/><strong>INRE SKELETT<\/strong><\/p>\r\n<p>Inuti skon finns ett strukturellt skelett som ger skon struktur och extra skydd f\u00f6r foten vid viktiga kontaktpunkter. Det finns runt skons bas och str\u00e4cker sig upp till t\u00e5boxen, \u00f6glorna och h\u00e4lkapporna.<\/p>\r\n<\/div>\r\n<div data-ogsb=\"rgb(255, 255, 255)\">\r\n<p class=\"Paragraph SCXW231105341 BCX8\" dir=\"ltr\" data-ogsc=\"rgb(0, 0, 0)\">\u00a0<\/p>\r\n<\/div>\r\n<div data-ogsb=\"rgb(255, 255, 255)\">\r\n<p><strong>FUNKTIONER<\/strong><\/p>\r\n<p>Vibram Megagrip<\/p>\r\n<p>Vibram Litebase<\/p>\r\n<p>Vibram Traction Lug<\/p>\r\n<p>X-Lock-passformssystem<\/p>\r\n<p>Stenplatteskydd<\/p>\r\n<p>Andningsbar<\/p>\r\n<p>Wave-teknik<\/p>\r\n<p>Reflekterande detaljer<\/p>\r\n<p>Snabbtorkande<\/p>\r\n<p><br \/><strong>TEKNISKA DETALJER<\/strong><\/p>\r\n<p>F\u00e4rger: Orange\/gr\u00e5<\/p>\r\n<p>Material: Ripstop-nylon<\/p>\r\n<p>M\u00f6nsterdjup: 8\u201311 mm<\/p>\r\n<p>Stackh\u00f6jd: 23,5 mm<\/p>\r\n<p>Drop: 4 mm<\/p>\r\n<p>Vikt: 272 g<\/p>\r\n<p>Bredd: Normal<\/p>\r\n<\/div>","_et_gb_content_width":""},"locations":[],"product_brand":[],"product_cat":[3063,3062,3144],"product_tag":[3068,3072,3064,3065,3071,3070,3074,3067,3073,3066,3069],"class_list":{"0":"post-217219","1":"product","2":"type-product","3":"status-publish","4":"has-post-thumbnail","6":"product_cat-fell","7":"product_cat-shoes","8":"product_cat-skor","9":"product_tag-best-grip","10":"product_tag-fell-racing-shoe","11":"product_tag-fell-running","12":"product_tag-fell-shoe","13":"product_tag-litebase","14":"product_tag-megagrip","15":"product_tag-omm-shoe","16":"product_tag-running-shoe","17":"product_tag-trail-racing-shoe","18":"product_tag-trail-running","19":"product_tag-vibram","20":"pa_color-gra-sv","21":"pa_color-orange-sv","22":"pa_colour-orange-grey","23":"pa_size-36-2-3","24":"pa_size-37-1-3","25":"pa_size-2934","26":"pa_size-38-2-3","27":"pa_size-39-1-3","28":"pa_size-2943","29":"pa_size-40-2-3","30":"pa_size-41-1-3","31":"pa_size-2952","32":"pa_size-42-2-3","33":"pa_size-43-1-3","34":"pa_size-2961","35":"pa_size-44-2-3","36":"pa_size-45-1-3","37":"pa_size-2970","38":"pa_size-46-2-3","39":"pa_size-47-1-3","41":"first","42":"instock","43":"taxable","44":"shipping-taxable","45":"purchasable","46":"product-type-variable","47":"has-default-attributes","48":"wvs-archive-product-wrapper"},"acf":[],"yoast_head":"<!-- This site is optimized with the Yoast SEO plugin v27.4 - https:\/\/yoast.com\/product\/yoast-seo-wordpress\/ -->\n<title>OMM Fell Running Shoe | Aggressive Fell Running Footwear<\/title>\n<meta name=\"description\" content=\"OMM Fell Shoe \u00e4r v\u00e5r mest aggressiva fell\u00f6pningssko, tillverkad med Vibram f\u00f6r grepp i lera, myr och sten. Designad f\u00f6r fell\u00f6pning och terr\u00e4ngl\u00f6pning.\" \/>\n<meta name=\"robots\" content=\"index, follow, max-snippet:-1, max-image-preview:large, max-video-preview:-1, noarchive\" \/>\n<link rel=\"canonical\" href=\"https:\/\/theomm.com\/sv\/product\/fell-shoe\/\" \/>\n<meta property=\"og:locale\" content=\"sv_SE\" \/>\n<meta property=\"og:type\" content=\"article\" \/>\n<meta property=\"og:title\" content=\"OMM Fell Shoe\" \/>\n<meta property=\"og:description\" content=\"OMM Fell Shoe \u00e4r v\u00e5r mest aggressiva fell\u00f6pningssko, tillverkad med Vibram f\u00f6r grepp i lera, myr och sten. Designad f\u00f6r fell\u00f6pning och terr\u00e4ngl\u00f6pning.\" \/>\n<meta property=\"og:url\" content=\"https:\/\/theomm.com\/sv\/product\/fell-shoe\/\" \/>\n<meta property=\"og:site_name\" content=\"OMM\" \/>\n<meta property=\"article:publisher\" content=\"https:\/\/www.facebook.com\/OMMrunning?_ga=2.203172945.1541616462.1665402953-280172632.1649426001\" \/>\n<meta property=\"article:modified_time\" content=\"2026-04-09T09:04:24+00:00\" \/>\n<meta property=\"og:image\" content=\"https:\/\/theomm.com\/wp-content\/uploads\/2025\/12\/DSC01574-900x600.jpg\" \/>\n<meta name=\"twitter:card\" content=\"summary_large_image\" \/>\n<meta name=\"twitter:title\" content=\"OMM Fell Shoe\" \/>\n<meta name=\"twitter:description\" content=\"OMM Fell Shoe \u00e4r v\u00e5r mest aggressiva fell\u00f6pningssko, tillverkad med Vibram f\u00f6r grepp i lera, myr och sten. Designad f\u00f6r fell\u00f6pning och terr\u00e4ngl\u00f6pning.\" \/>\n<meta name=\"twitter:image\" content=\"https:\/\/theomm.com\/wp-content\/uploads\/2025\/12\/DSC01574-900x600.jpg\" \/>\n<script type=\"application\/ld+json\" class=\"yoast-schema-graph\">{\"@context\":\"https:\\\/\\\/schema.org\",\"@graph\":[{\"@type\":\"WebPage\",\"@id\":\"https:\\\/\\\/theomm.com\\\/sv\\\/product\\\/fell-shoe\\\/\",\"url\":\"https:\\\/\\\/theomm.com\\\/sv\\\/product\\\/fell-shoe\\\/\",\"name\":\"OMM Fell Running Shoe | Aggressive Fell Running Footwear\",\"isPartOf\":{\"@id\":\"https:\\\/\\\/theomm.com\\\/#website\"},\"primaryImageOfPage\":{\"@id\":\"https:\\\/\\\/theomm.com\\\/sv\\\/product\\\/fell-shoe\\\/#primaryimage\"},\"image\":{\"@id\":\"https:\\\/\\\/theomm.com\\\/sv\\\/product\\\/fell-shoe\\\/#primaryimage\"},\"thumbnailUrl\":\"https:\\\/\\\/theomm.com\\\/wp-content\\\/uploads\\\/2025\\\/11\\\/OSR01_Fell_Shoe_Orange_Top_Pair-scaled.jpg\",\"datePublished\":\"2025-11-21T11:21:11+00:00\",\"dateModified\":\"2026-04-09T09:04:24+00:00\",\"description\":\"OMM Fell Shoe \u00e4r v\u00e5r mest aggressiva fell\u00f6pningssko, tillverkad med Vibram f\u00f6r grepp i lera, myr och sten. Designad f\u00f6r fell\u00f6pning och terr\u00e4ngl\u00f6pning.\",\"breadcrumb\":{\"@id\":\"https:\\\/\\\/theomm.com\\\/sv\\\/product\\\/fell-shoe\\\/#breadcrumb\"},\"inLanguage\":\"sv-SE\",\"potentialAction\":[{\"@type\":\"ReadAction\",\"target\":[\"https:\\\/\\\/theomm.com\\\/sv\\\/product\\\/fell-shoe\\\/\"]}]},{\"@type\":\"ImageObject\",\"inLanguage\":\"sv-SE\",\"@id\":\"https:\\\/\\\/theomm.com\\\/sv\\\/product\\\/fell-shoe\\\/#primaryimage\",\"url\":\"https:\\\/\\\/theomm.com\\\/wp-content\\\/uploads\\\/2025\\\/11\\\/OSR01_Fell_Shoe_Orange_Top_Pair-scaled.jpg\",\"contentUrl\":\"https:\\\/\\\/theomm.com\\\/wp-content\\\/uploads\\\/2025\\\/11\\\/OSR01_Fell_Shoe_Orange_Top_Pair-scaled.jpg\",\"width\":2560,\"height\":2560},{\"@type\":\"BreadcrumbList\",\"@id\":\"https:\\\/\\\/theomm.com\\\/sv\\\/product\\\/fell-shoe\\\/#breadcrumb\",\"itemListElement\":[{\"@type\":\"ListItem\",\"position\":1,\"name\":\"Home\",\"item\":\"https:\\\/\\\/theomm.com\\\/sv\\\/original-mountain-marathon\\\/\"},{\"@type\":\"ListItem\",\"position\":2,\"name\":\"Produkter\",\"item\":\"https:\\\/\\\/theomm.com\\\/sv\\\/original-mountain-marathon\\\/produkter\\\/\"},{\"@type\":\"ListItem\",\"position\":3,\"name\":\"Fell Shoe\"}]},{\"@type\":\"WebSite\",\"@id\":\"https:\\\/\\\/theomm.com\\\/#website\",\"url\":\"https:\\\/\\\/theomm.com\\\/\",\"name\":\"OMM\",\"description\":\"OMM is Technical clothing and equipment made for running in the mountains. Designed to the specifications of Original Mountain Marathon.\",\"alternateName\":\"Original Mountain Marathon\",\"potentialAction\":[{\"@type\":\"SearchAction\",\"target\":{\"@type\":\"EntryPoint\",\"urlTemplate\":\"https:\\\/\\\/theomm.com\\\/?s={search_term_string}\"},\"query-input\":{\"@type\":\"PropertyValueSpecification\",\"valueRequired\":true,\"valueName\":\"search_term_string\"}}],\"inLanguage\":\"sv-SE\"}]}<\/script>\n<!-- \/ Yoast SEO plugin. -->","yoast_head_json":{"title":"OMM Fell Running Shoe | Aggressive Fell Running Footwear","description":"OMM Fell Shoe \u00e4r v\u00e5r mest aggressiva fell\u00f6pningssko, tillverkad med Vibram f\u00f6r grepp i lera, myr och sten. Designad f\u00f6r fell\u00f6pning och terr\u00e4ngl\u00f6pning.","robots":{"index":"index","follow":"follow","max-snippet":"max-snippet:-1","max-image-preview":"max-image-preview:large","max-video-preview":"max-video-preview:-1","archive":"noarchive"},"canonical":"https:\/\/theomm.com\/sv\/product\/fell-shoe\/","og_locale":"sv_SE","og_type":"article","og_title":"OMM Fell Shoe","og_description":"OMM Fell Shoe \u00e4r v\u00e5r mest aggressiva fell\u00f6pningssko, tillverkad med Vibram f\u00f6r grepp i lera, myr och sten. Designad f\u00f6r fell\u00f6pning och terr\u00e4ngl\u00f6pning.","og_url":"https:\/\/theomm.com\/sv\/product\/fell-shoe\/","og_site_name":"OMM","article_publisher":"https:\/\/www.facebook.com\/OMMrunning?_ga=2.203172945.1541616462.1665402953-280172632.1649426001","article_modified_time":"2026-04-09T09:04:24+00:00","og_image":[{"url":"https:\/\/theomm.com\/wp-content\/uploads\/2025\/12\/DSC01574-900x600.jpg","type":"","width":"","height":""}],"twitter_card":"summary_large_image","twitter_title":"OMM Fell Shoe","twitter_description":"OMM Fell Shoe \u00e4r v\u00e5r mest aggressiva fell\u00f6pningssko, tillverkad med Vibram f\u00f6r grepp i lera, myr och sten. Designad f\u00f6r fell\u00f6pning och terr\u00e4ngl\u00f6pning.","twitter_image":"https:\/\/theomm.com\/wp-content\/uploads\/2025\/12\/DSC01574-900x600.jpg","schema":{"@context":"https:\/\/schema.org","@graph":[{"@type":"WebPage","@id":"https:\/\/theomm.com\/sv\/product\/fell-shoe\/","url":"https:\/\/theomm.com\/sv\/product\/fell-shoe\/","name":"OMM Fell Running Shoe | Aggressive Fell Running Footwear","isPartOf":{"@id":"https:\/\/theomm.com\/#website"},"primaryImageOfPage":{"@id":"https:\/\/theomm.com\/sv\/product\/fell-shoe\/#primaryimage"},"image":{"@id":"https:\/\/theomm.com\/sv\/product\/fell-shoe\/#primaryimage"},"thumbnailUrl":"https:\/\/theomm.com\/wp-content\/uploads\/2025\/11\/OSR01_Fell_Shoe_Orange_Top_Pair-scaled.jpg","datePublished":"2025-11-21T11:21:11+00:00","dateModified":"2026-04-09T09:04:24+00:00","description":"OMM Fell Shoe \u00e4r v\u00e5r mest aggressiva fell\u00f6pningssko, tillverkad med Vibram f\u00f6r grepp i lera, myr och sten. Designad f\u00f6r fell\u00f6pning och terr\u00e4ngl\u00f6pning.","breadcrumb":{"@id":"https:\/\/theomm.com\/sv\/product\/fell-shoe\/#breadcrumb"},"inLanguage":"sv-SE","potentialAction":[{"@type":"ReadAction","target":["https:\/\/theomm.com\/sv\/product\/fell-shoe\/"]}]},{"@type":"ImageObject","inLanguage":"sv-SE","@id":"https:\/\/theomm.com\/sv\/product\/fell-shoe\/#primaryimage","url":"https:\/\/theomm.com\/wp-content\/uploads\/2025\/11\/OSR01_Fell_Shoe_Orange_Top_Pair-scaled.jpg","contentUrl":"https:\/\/theomm.com\/wp-content\/uploads\/2025\/11\/OSR01_Fell_Shoe_Orange_Top_Pair-scaled.jpg","width":2560,"height":2560},{"@type":"BreadcrumbList","@id":"https:\/\/theomm.com\/sv\/product\/fell-shoe\/#breadcrumb","itemListElement":[{"@type":"ListItem","position":1,"name":"Home","item":"https:\/\/theomm.com\/sv\/original-mountain-marathon\/"},{"@type":"ListItem","position":2,"name":"Produkter","item":"https:\/\/theomm.com\/sv\/original-mountain-marathon\/produkter\/"},{"@type":"ListItem","position":3,"name":"Fell Shoe"}]},{"@type":"WebSite","@id":"https:\/\/theomm.com\/#website","url":"https:\/\/theomm.com\/","name":"OMM","description":"OMM is Technical clothing and equipment made for running in the mountains. Designed to the specifications of Original Mountain Marathon.","alternateName":"Original Mountain Marathon","potentialAction":[{"@type":"SearchAction","target":{"@type":"EntryPoint","urlTemplate":"https:\/\/theomm.com\/?s={search_term_string}"},"query-input":{"@type":"PropertyValueSpecification","valueRequired":true,"valueName":"search_term_string"}}],"inLanguage":"sv-SE"}]}},"_links":{"self":[{"href":"https:\/\/theomm.com\/sv\/wp-json\/wp\/v2\/product\/217219","targetHints":{"allow":["GET"]}}],"collection":[{"href":"https:\/\/theomm.com\/sv\/wp-json\/wp\/v2\/product"}],"about":[{"href":"https:\/\/theomm.com\/sv\/wp-json\/wp\/v2\/types\/product"}],"wp:featuredmedia":[{"embeddable":true,"href":"https:\/\/theomm.com\/sv\/wp-json\/wp\/v2\/media\/215662"}],"wp:attachment":[{"href":"https:\/\/theomm.com\/sv\/wp-json\/wp\/v2\/media?parent=217219"}],"wp:term":[{"taxonomy":"locations","embeddable":true,"href":"https:\/\/theomm.com\/sv\/wp-json\/wp\/v2\/locations?post=217219"},{"taxonomy":"product_brand","embeddable":true,"href":"https:\/\/theomm.com\/sv\/wp-json\/wp\/v2\/product_brand?post=217219"},{"taxonomy":"product_cat","embeddable":true,"href":"https:\/\/theomm.com\/sv\/wp-json\/wp\/v2\/product_cat?post=217219"},{"taxonomy":"product_tag","embeddable":true,"href":"https:\/\/theomm.com\/sv\/wp-json\/wp\/v2\/product_tag?post=217219"}],"curies":[{"name":"wp","href":"https:\/\/api.w.org\/{rel}","templated":true}]}}