{"id":217573,"date":"2025-03-13T12:53:22","date_gmt":"2025-03-13T12:53:22","guid":{"rendered":"https:\/\/theomm.com\/product\/dyno-shorts\/"},"modified":"2025-03-13T12:53:22","modified_gmt":"2025-03-13T12:53:22","slug":"dyno-shorts","status":"publish","type":"product","link":"https:\/\/theomm.com\/sv\/product\/dyno-shorts\/","title":{"rendered":"Dyno Shorts"},"content":{"rendered":"<div id=\"toggle3\" class=\"et_pb_row et_pb_row_7_tb_body et_pb_gutters1\">\n<div class=\"et_pb_column et_pb_column_4_4 et_pb_column_11_tb_body et_pb_css_mix_blend_mode_passthrough et-last-child\">\n<div class=\"et_pb_module et_pb_text et_pb_text_4_tb_body et_pb_text_align_center et_pb_bg_layout_light\">\n<h1 class=\"et_pb_text_inner\">Dyno Shorts<\/h1>\n<div>Dyno Shorts<\/div>\n<div class=\"et_pb_text_inner\">LEANWEIGHT 110G<\/div>\n<\/div>\n<div class=\"et_pb_module et_pb_text et_pb_text_5_tb_body et_pb_text_align_center et_pb_bg_layout_light\">\u00a0<\/div>\n<div class=\"et_pb_module et_pb_text et_pb_text_6_tb_body et_pb_text_align_center et_pb_bg_layout_light\">\n<div class=\"et_pb_text_inner\">INSEAM 6&#8243;\/15CM<\/div>\n<\/div>\n<\/div>\n<\/div>\n<div class=\"et_pb_with_border et_pb_row et_pb_row_8_tb_body et_pb_gutters1\">\n<div class=\"et_pb_column et_pb_column_4_4 et_pb_column_12_tb_body et_pb_css_mix_blend_mode_passthrough et-last-child\">\n<div class=\"et_pb_button_module_wrapper et_pb_button_11_tb_body_wrapper et_pb_button_alignment_left et_pb_module \"><a class=\"et_pb_button et_pb_button_11_tb_body et-show-more-toggle-1 et_pb_bg_layout_light\" href=\"https:\/\/theomm.com\/?post_type=product&amp;p=204924&amp;preview_id=204924&amp;preview_nonce=8c9be728ea&amp;_thumbnail_id=205264&amp;preview=true\" data-icon=\"P\">Description<\/a><\/div>\n<\/div>\n<\/div>\n<div class=\"et_pb_row et_pb_row_9_tb_body et-show-more-content-1 et_pb_gutters1\">\n<div class=\"et_pb_column et_pb_column_4_4 et_pb_column_13_tb_body et_pb_css_mix_blend_mode_passthrough et-last-child\">\n<div class=\"et_pb_module et_pb_text et_pb_text_7_tb_body et_pb_text_align_left et_pb_bg_layout_light\">\n<div class=\"et_pb_text_inner\">\n<div class=\"woocommerce et-dynamic-content-woo et-dynamic-content-woo--product_short_description\">\n<div class=\"ewa-rteLine\">\n<p>L\u00f6parshorts \u00e4r bland de sv\u00e5raste plaggen att f\u00e5 r\u00e4tt, och det \u00e4r verkligen sv\u00e5rt att hitta ett par som passar just dig. Vi tror att det helt nya Dyno-modellen lyckas med det. Att ta bort klumpiga s\u00f6mmar, forma tygpanelerna och fodret f\u00f6r att skapa en bekv\u00e4m och st\u00f6djande short utan extra vikt eller \u00f6verfl\u00f6digt tyg har varit en l\u00e5ngvarig utmaning, men nu \u00e4r de h\u00e4r.<\/p>\n<p>Den helt nya limmade konstruktionen av Dyno Short ger o\u00f6vertr\u00e4ffad komfort. De har ett st\u00f6djande och ventilerande foder i kontrastf\u00e4rg, en bred midjeres\u00e5r och praktiska f\u00f6rvaringsfickor. Dyno Shorts<\/p>\n<p>Det 6 tum l\u00e5nga Flexile 4-Way stretchnylon-skalet \u00e4r vind- och vattent\u00e4tt men extremt ventilerande, medan nylonfodret \u00e4r bekv\u00e4mt oavsett distans. B\u00e5da tygerna samverkar f\u00f6r att transportera bort \u00f6verfl\u00f6dig fukt och torka snabbt, mil efter mil.<\/p>\n<\/div>\n<\/div>\n<\/div>\n<\/div>\n<div class=\"et_pb_module et_pb_code et_pb_code_1_tb_body\">\n<div class=\"et_pb_code_inner\">\u00a0<\/div>\n<\/div>\n<\/div>\n<\/div>\n<div class=\"et_pb_with_border et_pb_row et_pb_row_10_tb_body et_pb_gutters1\">\n<div class=\"et_pb_column et_pb_column_4_4 et_pb_column_14_tb_body et_pb_css_mix_blend_mode_passthrough et-last-child\">\n<div class=\"et_pb_button_module_wrapper et_pb_button_14_tb_body_wrapper et_pb_button_alignment_left et_pb_module \"><a class=\"et_pb_button et_pb_button_14_tb_body et-show-more-toggle-2 et_pb_bg_layout_light et-show-more-toggle-2_active\" href=\"https:\/\/theomm.com\/?post_type=product&amp;p=204924&amp;preview_id=204924&amp;preview_nonce=8c9be728ea&amp;_thumbnail_id=205264&amp;preview=true\" data-icon=\"P\">Product Highlights<\/a><\/div>\n<\/div>\n<\/div>\n<div class=\"et_pb_row et_pb_row_11_tb_body et-show-more-content-2 et_pb_gutters1\">\n<div class=\"et_pb_column et_pb_column_3_5 et_pb_column_15_tb_body et_pb_css_mix_blend_mode_passthrough\">\n<div class=\"et_pb_module et_pb_text et_pb_text_8_tb_body et_pb_text_align_center et_pb_bg_layout_light\">\n<div class=\"et_pb_text_inner\">\n<p>SKAPAD F\u00d6R KOMFORT<\/p>\n<p>Genom att minska potentiella skavpunkter med flatlocks\u00f6mmar och limmade \u00f6verdrag samt flytta s\u00f6mmarna bort fr\u00e5n omr\u00e5den med friktion och en extra bred midjeres\u00e5r har vi skapat vad vi anser vara v\u00e5r mest bekv\u00e4ma shortsen hittills.<\/p>\n<\/div>\n<\/div>\n<div class=\"et_pb_module et_pb_code et_pb_code_2_tb_body\">\n<div class=\"et_pb_code_inner\">\u00a0<\/div>\n<\/div>\n<\/div>\n<div class=\"et_pb_column et_pb_column_2_5 et_pb_column_16_tb_body et_pb_css_mix_blend_mode_passthrough et-last-child\">\n<div class=\"et_pb_module et_pb_image et_pb_image_8_tb_body et_pb_image_sticky\"><a class=\"et_pb_lightbox_image\" title=\"\" href=\"https:\/\/theomm.com\/wp-content\/uploads\/2025\/03\/Dyno-Shorts-Feature-5.jpg\"><span class=\"et_pb_image_wrap \"><img loading=\"lazy\" decoding=\"async\" class=\"wp-image-205284\" title=\"\" src=\"https:\/\/theomm.com\/wp-content\/uploads\/2025\/03\/Dyno-Shorts-Feature-5.jpg\" alt=\"\" width=\"400\" height=\"350\" \/><\/span><\/a><\/div>\n<\/div>\n<\/div>\n<div class=\"et_pb_row et_pb_row_12_tb_body et-show-more-content-2 et_pb_gutters1\">\n<div class=\"et_pb_column et_pb_column_2_5 et_pb_column_17_tb_body et_pb_css_mix_blend_mode_passthrough\">\n<div class=\"et_pb_module et_pb_image et_pb_image_9_tb_body et_pb_image_sticky\"><a class=\"et_pb_lightbox_image\" title=\"\" href=\"https:\/\/theomm.com\/wp-content\/uploads\/2025\/03\/Dyno-Shorts-Feature-3.jpg\"><span class=\"et_pb_image_wrap \"><img loading=\"lazy\" decoding=\"async\" class=\"wp-image-205276\" title=\"\" src=\"https:\/\/theomm.com\/wp-content\/uploads\/2025\/03\/Dyno-Shorts-Feature-3.jpg\" alt=\"\" width=\"400\" height=\"350\" \/><\/span><\/a><\/div>\n<\/div>\n<div class=\"et_pb_column et_pb_column_3_5 et_pb_column_18_tb_body et_pb_css_mix_blend_mode_passthrough et-last-child\">\n<div class=\"et_pb_module et_pb_text et_pb_text_10_tb_body et_pb_text_align_center et_pb_bg_layout_light\">\n<div class=\"et_pb_text_inner\">\n<p>H\u00c5LL DET ENKELT<\/p>\n<p>En enkel design som d\u00f6ljer hur mycket arbete som ligger bakom den f\u00e4rdiga produkten. Med en atletisk passform och smarta paneler f\u00f6r en ren look tillsammans med praktiska detaljer som dragsko i midjan och en s\u00e4ker ficka med dragkedja.<\/p>\n<p>SKYDD &amp; ST\u00d6D<\/p>\n<p>Det 4-v\u00e4gs stretchiga nylonmaterialet \u00e4r vind- och vattent\u00e5ligt och ger viktigt skydd i stormiga f\u00f6rh\u00e5llanden och p\u00e5 bl\u00e5siga bergskammar, medan det st\u00f6djande foder \u00e4r mjukt och bekv\u00e4mt mot huden.<\/p>\n<\/div>\n<\/div>\n<\/div>\n<\/div>\n<div class=\"et_pb_row et_pb_row_13_tb_body et-show-more-content-2 et_pb_gutters1\">\n<div class=\"et_pb_column et_pb_column_2_5 et_pb_column_20_tb_body et_pb_css_mix_blend_mode_passthrough et-last-child\">\n<div class=\"et_pb_module et_pb_image et_pb_image_11_tb_body et_pb_image_sticky\"><a class=\"et_pb_lightbox_image\" title=\"\" href=\"https:\/\/theomm.com\/wp-content\/uploads\/2025\/03\/Dyno-Shorts-Feature-1.jpg\"><span class=\"et_pb_image_wrap \"><img loading=\"lazy\" decoding=\"async\" class=\"wp-image-205268\" title=\"\" src=\"https:\/\/theomm.com\/wp-content\/uploads\/2025\/03\/Dyno-Shorts-Feature-1.jpg\" alt=\"\" width=\"400\" height=\"350\" \/><\/span><\/a><\/div>\n<\/div>\n<\/div>\n<div class=\"et_pb_with_border et_pb_row et_pb_row_14_tb_body et_pb_gutters1\">\n<div class=\"et_pb_column et_pb_column_4_4 et_pb_column_21_tb_body et_pb_css_mix_blend_mode_passthrough et-last-child\">\n<div class=\"et_pb_button_module_wrapper et_pb_button_15_tb_body_wrapper et_pb_button_alignment_left et_pb_module \"><a class=\"et_pb_button et_pb_button_15_tb_body et-show-more-toggle-3 et_pb_bg_layout_light et-show-more-toggle-3_active\" href=\"https:\/\/theomm.com\/?post_type=product&amp;p=204924&amp;preview_id=204924&amp;preview_nonce=8c9be728ea&amp;_thumbnail_id=205264&amp;preview=true\" data-icon=\"P\">Feats &amp; Deets<\/a><\/div>\n<\/div>\n<\/div>\n<div class=\"et_pb_row et_pb_row_15_tb_body et-show-more-content-3 et_pb_gutters2\">\n<div class=\"et_pb_column et_pb_column_1_2 et_pb_column_22_tb_body pa-inline-text et_pb_css_mix_blend_mode_passthrough\">\n<div class=\"et_pb_module et_pb_text et_pb_text_14_tb_body et_pb_text_align_center et_pb_bg_layout_light\">\n<div class=\"et_pb_text_inner\">\n<p>EGENSKAPER<\/p>\n<p>Vind- och vattent\u00e5lig<br \/>Bred elastisk midjeres\u00e5r<br \/>15 cm innerbensl\u00e4ngd<br \/>4-v\u00e4gsstretch<br \/>S\u00e4ker ficka med dragkedja<br \/>Snabbtorkande<br \/>H\u00f6g fukttransport<br \/>Flatlocks\u00f6mmar<br \/>Limmade \u00f6verdrag<\/p>\n<p>&nbsp;<\/p>\n<p>TEKNISKA DETALJER<\/p>\n<p>F\u00e4rger: Svart, m\u00f6rkr\u00f6d, bl\u00e5<br \/>Material:<br \/>Yttertyg \u2013 84 % nylon, 16 % spandex<br \/>Innerfoder \u2013 100 % nylon<br \/>Vikt: 110 g<br \/>Storlekar: XS \/ S \/ M \/ L \/ XL<\/p>\n<\/div>\n<\/div>\n<\/div>\n<\/div>\n","protected":false},"excerpt":{"rendered":"<div class=\"ewa-rteLine\">Running shorts are among the hardest bits of kit to get right and it&#8217;s certainly difficult to find a pair that works for you. We think the all new Dyno manages it. Removing bulky stitch lines, shaping the fabric panels and liner to create a comfortable and supportive short without extra weight or excess fabric has been a long standing challenge but here they are.<\/div>\n<div class=\"ewa-rteLine\">\u00a0<\/div>\n<div class=\"ewa-rteLine\">The all-new bonded construction of the Dyno Short provides unrivalled comfort. Paired with the supportive and breathable, colour-contrasted brief lining and a wide waistband plus handy storage on the move.<\/div>\n<div class=\"ewa-rteLine\">\u00a0<\/div>\n<div class=\"ewa-rteLine\">Det 6 tum l\u00e5nga Flexile 4-Way stretch Nylon-skalet \u00e4r vind- och vattent\u00e4tt men extremt andningsbart, medan Nylon stretch-fodret \u00e4r bekv\u00e4mt oavsett distans. B\u00e5da tygerna samverkar f\u00f6r att transportera bort \u00f6verfl\u00f6dig fukt och torka snabbt, mil efter mil.<\/div>\n","protected":false},"featured_media":205267,"template":"","meta":{"_acf_changed":false,"_et_pb_use_builder":"","_et_pb_old_content":"","_et_gb_content_width":""},"locations":[1195,1196],"product_brand":[],"product_cat":[1276,1281],"product_tag":[3116,2613,2550,2994],"class_list":{"0":"post-217573","1":"product","2":"type-product","3":"status-publish","4":"has-post-thumbnail","6":"locations-eu","7":"locations-uk","8":"product_cat-byxor","9":"product_cat-nyheter","10":"product_tag-liner-short","11":"product_tag-ommshop-sv","12":"product_tag-running-short-sv","13":"product_tag-shorts","14":"pa_color-bla-sv","15":"pa_color-rod-sv","16":"pa_color-svart","17":"pa_colour-bla-sv","18":"pa_colour-morkrod","19":"pa_colour-svart","20":"pa_size-stor-sv","21":"pa_size-medium-sv","22":"pa_size-sma","23":"pa_size-x-stor-sv","24":"pa_size-x-sma","26":"first","27":"instock","28":"taxable","29":"shipping-taxable","30":"purchasable","31":"product-type-variable","32":"wvs-archive-product-wrapper"},"acf":[],"yoast_head":"<!-- This site is optimized with the Yoast SEO plugin v27.3 - https:\/\/yoast.com\/product\/yoast-seo-wordpress\/ -->\n<title>Dyno Shorts - OMM<\/title>\n<meta name=\"description\" content=\"S\u00f6kandet efter det perfekta paret shorts \u00e4r \u00f6ver med de helt nya Dyno Shorts fr\u00e5n OMM. Bred midjeres\u00e5r, praktisk ficka och bekv\u00e4mt foder.\" \/>\n<meta name=\"robots\" content=\"index, follow, max-snippet:-1, max-image-preview:large, max-video-preview:-1\" \/>\n<link rel=\"canonical\" href=\"https:\/\/theomm.com\/sv\/product\/dyno-shorts\/\" \/>\n<meta property=\"og:locale\" content=\"sv_SE\" \/>\n<meta property=\"og:type\" content=\"article\" \/>\n<meta property=\"og:title\" content=\"Dyno Shorts - OMM\" \/>\n<meta property=\"og:description\" content=\"S\u00f6kandet efter det perfekta paret shorts \u00e4r \u00f6ver med de helt nya Dyno Shorts fr\u00e5n OMM. Bred midjeres\u00e5r, praktisk ficka och bekv\u00e4mt foder.\" \/>\n<meta property=\"og:url\" content=\"https:\/\/theomm.com\/sv\/product\/dyno-shorts\/\" \/>\n<meta property=\"og:site_name\" content=\"OMM\" \/>\n<meta property=\"article:publisher\" content=\"https:\/\/www.facebook.com\/OMMrunning?_ga=2.203172945.1541616462.1665402953-280172632.1649426001\" \/>\n<meta property=\"og:image\" content=\"https:\/\/theomm.com\/wp-content\/uploads\/2025\/03\/OC206_Dyno_Shorts_Dark_Red_Front.jpg\" \/>\n\t<meta property=\"og:image:width\" content=\"1000\" \/>\n\t<meta property=\"og:image:height\" content=\"1000\" \/>\n\t<meta property=\"og:image:type\" content=\"image\/jpeg\" \/>\n<meta name=\"twitter:card\" content=\"summary_large_image\" \/>\n<meta name=\"twitter:label1\" content=\"Ber\u00e4knad l\u00e4stid\" \/>\n\t<meta name=\"twitter:data1\" content=\"2 minutes\" \/>\n<script type=\"application\/ld+json\" class=\"yoast-schema-graph\">{\"@context\":\"https:\\\/\\\/schema.org\",\"@graph\":[{\"@type\":\"WebPage\",\"@id\":\"https:\\\/\\\/theomm.com\\\/sv\\\/product\\\/dyno-shorts\\\/\",\"url\":\"https:\\\/\\\/theomm.com\\\/sv\\\/product\\\/dyno-shorts\\\/\",\"name\":\"Dyno Shorts - OMM\",\"isPartOf\":{\"@id\":\"https:\\\/\\\/theomm.com\\\/#website\"},\"primaryImageOfPage\":{\"@id\":\"https:\\\/\\\/theomm.com\\\/sv\\\/product\\\/dyno-shorts\\\/#primaryimage\"},\"image\":{\"@id\":\"https:\\\/\\\/theomm.com\\\/sv\\\/product\\\/dyno-shorts\\\/#primaryimage\"},\"thumbnailUrl\":\"https:\\\/\\\/theomm.com\\\/wp-content\\\/uploads\\\/2025\\\/03\\\/OC206_Dyno_Shorts_Dark_Red_Front.jpg\",\"datePublished\":\"2025-03-13T12:53:22+00:00\",\"description\":\"S\u00f6kandet efter det perfekta paret shorts \u00e4r \u00f6ver med de helt nya Dyno Shorts fr\u00e5n OMM. Bred midjeres\u00e5r, praktisk ficka och bekv\u00e4mt foder.\",\"breadcrumb\":{\"@id\":\"https:\\\/\\\/theomm.com\\\/sv\\\/product\\\/dyno-shorts\\\/#breadcrumb\"},\"inLanguage\":\"sv-SE\",\"potentialAction\":[{\"@type\":\"ReadAction\",\"target\":[\"https:\\\/\\\/theomm.com\\\/sv\\\/product\\\/dyno-shorts\\\/\"]}]},{\"@type\":\"ImageObject\",\"inLanguage\":\"sv-SE\",\"@id\":\"https:\\\/\\\/theomm.com\\\/sv\\\/product\\\/dyno-shorts\\\/#primaryimage\",\"url\":\"https:\\\/\\\/theomm.com\\\/wp-content\\\/uploads\\\/2025\\\/03\\\/OC206_Dyno_Shorts_Dark_Red_Front.jpg\",\"contentUrl\":\"https:\\\/\\\/theomm.com\\\/wp-content\\\/uploads\\\/2025\\\/03\\\/OC206_Dyno_Shorts_Dark_Red_Front.jpg\",\"width\":1000,\"height\":1000},{\"@type\":\"BreadcrumbList\",\"@id\":\"https:\\\/\\\/theomm.com\\\/sv\\\/product\\\/dyno-shorts\\\/#breadcrumb\",\"itemListElement\":[{\"@type\":\"ListItem\",\"position\":1,\"name\":\"Home\",\"item\":\"https:\\\/\\\/theomm.com\\\/sv\\\/original-mountain-marathon\\\/\"},{\"@type\":\"ListItem\",\"position\":2,\"name\":\"Produkter\",\"item\":\"https:\\\/\\\/theomm.com\\\/sv\\\/original-mountain-marathon\\\/produkter\\\/\"},{\"@type\":\"ListItem\",\"position\":3,\"name\":\"Dyno Shorts\"}]},{\"@type\":\"WebSite\",\"@id\":\"https:\\\/\\\/theomm.com\\\/#website\",\"url\":\"https:\\\/\\\/theomm.com\\\/\",\"name\":\"OMM\",\"description\":\"OMM is Technical clothing and equipment made for running in the mountains. Designed to the specifications of Original Mountain Marathon.\",\"alternateName\":\"Original Mountain Marathon\",\"potentialAction\":[{\"@type\":\"SearchAction\",\"target\":{\"@type\":\"EntryPoint\",\"urlTemplate\":\"https:\\\/\\\/theomm.com\\\/?s={search_term_string}\"},\"query-input\":{\"@type\":\"PropertyValueSpecification\",\"valueRequired\":true,\"valueName\":\"search_term_string\"}}],\"inLanguage\":\"sv-SE\"}]}<\/script>\n<!-- \/ Yoast SEO plugin. -->","yoast_head_json":{"title":"Dyno Shorts - OMM","description":"S\u00f6kandet efter det perfekta paret shorts \u00e4r \u00f6ver med de helt nya Dyno Shorts fr\u00e5n OMM. Bred midjeres\u00e5r, praktisk ficka och bekv\u00e4mt foder.","robots":{"index":"index","follow":"follow","max-snippet":"max-snippet:-1","max-image-preview":"max-image-preview:large","max-video-preview":"max-video-preview:-1"},"canonical":"https:\/\/theomm.com\/sv\/product\/dyno-shorts\/","og_locale":"sv_SE","og_type":"article","og_title":"Dyno Shorts - OMM","og_description":"S\u00f6kandet efter det perfekta paret shorts \u00e4r \u00f6ver med de helt nya Dyno Shorts fr\u00e5n OMM. Bred midjeres\u00e5r, praktisk ficka och bekv\u00e4mt foder.","og_url":"https:\/\/theomm.com\/sv\/product\/dyno-shorts\/","og_site_name":"OMM","article_publisher":"https:\/\/www.facebook.com\/OMMrunning?_ga=2.203172945.1541616462.1665402953-280172632.1649426001","og_image":[{"width":1000,"height":1000,"url":"https:\/\/theomm.com\/wp-content\/uploads\/2025\/03\/OC206_Dyno_Shorts_Dark_Red_Front.jpg","type":"image\/jpeg"}],"twitter_card":"summary_large_image","twitter_misc":{"Ber\u00e4knad l\u00e4stid":"2 minutes"},"schema":{"@context":"https:\/\/schema.org","@graph":[{"@type":"WebPage","@id":"https:\/\/theomm.com\/sv\/product\/dyno-shorts\/","url":"https:\/\/theomm.com\/sv\/product\/dyno-shorts\/","name":"Dyno Shorts - OMM","isPartOf":{"@id":"https:\/\/theomm.com\/#website"},"primaryImageOfPage":{"@id":"https:\/\/theomm.com\/sv\/product\/dyno-shorts\/#primaryimage"},"image":{"@id":"https:\/\/theomm.com\/sv\/product\/dyno-shorts\/#primaryimage"},"thumbnailUrl":"https:\/\/theomm.com\/wp-content\/uploads\/2025\/03\/OC206_Dyno_Shorts_Dark_Red_Front.jpg","datePublished":"2025-03-13T12:53:22+00:00","description":"S\u00f6kandet efter det perfekta paret shorts \u00e4r \u00f6ver med de helt nya Dyno Shorts fr\u00e5n OMM. Bred midjeres\u00e5r, praktisk ficka och bekv\u00e4mt foder.","breadcrumb":{"@id":"https:\/\/theomm.com\/sv\/product\/dyno-shorts\/#breadcrumb"},"inLanguage":"sv-SE","potentialAction":[{"@type":"ReadAction","target":["https:\/\/theomm.com\/sv\/product\/dyno-shorts\/"]}]},{"@type":"ImageObject","inLanguage":"sv-SE","@id":"https:\/\/theomm.com\/sv\/product\/dyno-shorts\/#primaryimage","url":"https:\/\/theomm.com\/wp-content\/uploads\/2025\/03\/OC206_Dyno_Shorts_Dark_Red_Front.jpg","contentUrl":"https:\/\/theomm.com\/wp-content\/uploads\/2025\/03\/OC206_Dyno_Shorts_Dark_Red_Front.jpg","width":1000,"height":1000},{"@type":"BreadcrumbList","@id":"https:\/\/theomm.com\/sv\/product\/dyno-shorts\/#breadcrumb","itemListElement":[{"@type":"ListItem","position":1,"name":"Home","item":"https:\/\/theomm.com\/sv\/original-mountain-marathon\/"},{"@type":"ListItem","position":2,"name":"Produkter","item":"https:\/\/theomm.com\/sv\/original-mountain-marathon\/produkter\/"},{"@type":"ListItem","position":3,"name":"Dyno Shorts"}]},{"@type":"WebSite","@id":"https:\/\/theomm.com\/#website","url":"https:\/\/theomm.com\/","name":"OMM","description":"OMM is Technical clothing and equipment made for running in the mountains. Designed to the specifications of Original Mountain Marathon.","alternateName":"Original Mountain Marathon","potentialAction":[{"@type":"SearchAction","target":{"@type":"EntryPoint","urlTemplate":"https:\/\/theomm.com\/?s={search_term_string}"},"query-input":{"@type":"PropertyValueSpecification","valueRequired":true,"valueName":"search_term_string"}}],"inLanguage":"sv-SE"}]}},"_links":{"self":[{"href":"https:\/\/theomm.com\/sv\/wp-json\/wp\/v2\/product\/217573","targetHints":{"allow":["GET"]}}],"collection":[{"href":"https:\/\/theomm.com\/sv\/wp-json\/wp\/v2\/product"}],"about":[{"href":"https:\/\/theomm.com\/sv\/wp-json\/wp\/v2\/types\/product"}],"wp:featuredmedia":[{"embeddable":true,"href":"https:\/\/theomm.com\/sv\/wp-json\/wp\/v2\/media\/205267"}],"wp:attachment":[{"href":"https:\/\/theomm.com\/sv\/wp-json\/wp\/v2\/media?parent=217573"}],"wp:term":[{"taxonomy":"locations","embeddable":true,"href":"https:\/\/theomm.com\/sv\/wp-json\/wp\/v2\/locations?post=217573"},{"taxonomy":"product_brand","embeddable":true,"href":"https:\/\/theomm.com\/sv\/wp-json\/wp\/v2\/product_brand?post=217573"},{"taxonomy":"product_cat","embeddable":true,"href":"https:\/\/theomm.com\/sv\/wp-json\/wp\/v2\/product_cat?post=217573"},{"taxonomy":"product_tag","embeddable":true,"href":"https:\/\/theomm.com\/sv\/wp-json\/wp\/v2\/product_tag?post=217573"}],"curies":[{"name":"wp","href":"https:\/\/api.w.org\/{rel}","templated":true}]}}